{"id":6439,"date":"2025-02-15T08:34:59","date_gmt":"2025-02-15T06:34:59","guid":{"rendered":"https:\/\/lavanno.com\/product\/bioxelle-hupoallergeenne-pesuaine\/"},"modified":"2026-05-02T08:25:03","modified_gmt":"2026-05-02T05:25:03","slug":"bioxelle-hupoallergeenne-pesuaine","status":"publish","type":"product","link":"https:\/\/lavanno.com\/en\/toode\/bioxelle-hupoallergeenne-pesuaine\/","title":{"rendered":"Bioxelle &#8211; h\u00fcpoallergeenne pesuaine"},"content":{"rendered":"<p><strong>Spetsifikatsioonid<\/strong><\/p>\n<p><strong>Kasutamine<\/strong><\/p>\n<p>Bioxelle Bianchi &amp; Colorati pesuainet saab kasutada k\u00f5ikidel kangastel, nii k\u00e4sitsi kui ka pesumasinas.<\/p>\n<p>Lisa 8\u201310 ml Bianchi &amp; Colorati h\u00fcpoallergeenset pesuainet iga kuiva pesukilogrammi kohta, kui pesumasin on t\u00e4is. \u00d5rn v\u00e4rvidele ja aktiivne valgel pesul. V\u00e4hendab allergiariski.<\/p>\n<p><strong>Koostisosad<\/strong><\/p>\n<p>Aqua, naatriumlaureetsulfaat, gl\u00fctseriin, c13-15 pareth-7, kokamidoprop\u00fc\u00fcl betaiin, naatriumkloriid, l-glutamiinhape, n-(okto\u00fc\u00fcloksi), naatriumsool (1:2), mea-boraat, kokogl\u00fckosiid, dimetikoon, steareet-21, subtilisiin, \u03b1-am\u00fclaas, lipaas, tsellulaas, hape punane 14.<\/p>\n<p><strong>Funktsioon<\/strong><\/p>\n<p>H\u00fcpoallergeenne pesuaine<\/p>\n<p><a href=\"https:\/\/lavanno.com\/wp-content\/uploads\/2025\/09\/A39-900Bioxelle_-_Bianchi__ColoratiRel6ETSDS.pdf\" target=\"_blank\" rel=\"noopener\">Ohutuskaart<\/a><\/p>\n","protected":false},"excerpt":{"rendered":"<p>Bioxelle on professionaalne h\u00fcpoallergeenne pesuvahend, mis sobib kasutamiseks nii pesumasinas kui ka k\u00e4sipesuks. Toode on loodud tundlikule nahale, aidates ennetada v\u00f5imalikke allergilisi reaktsioone.<\/p>\n<p>Pesuvahend on testitud ISPE instituudis ning omab \u201cNickel Tested\u201d sertifikaati (Torino \u00dclikool), mis kinnitab selle sobivust ka tundlikule nahale.<\/p>\n<p>T\u00e4nu spetsiaalsele koostisele puhastab see t\u00f5husalt nii valgeid kui v\u00e4rvilisi r\u00f5ivaid, s\u00e4ilitades kangaste v\u00e4rvid ja kvaliteedi. Lisaks j\u00e4tab see pesule meeldiva ja v\u00e4rske muskuse aroomi.<\/p>\n<ul>\n<li>V\u00e4ldib v\u00f5imalikke allergilisi reaktsioone, testitud h\u00fcpoallergeensete toodetena ISPE instituudi poolt.<\/li>\n<li>Toode on \u201eNickel Tested\u201c ja sertifitseeritud Torino \u00fclikooli poolt.<\/li>\n<li>Tootel on Eesti Allergialiidu tunnustus.<\/li>\n<li>Fosfaadivaba, keskkonnas\u00f5bralik.<\/li>\n<li>Kosutav muskuse l\u00f5hn.<\/li>\n<li>Professionaalne valem tagab laitmatu puhtuse.<\/li>\n<\/ul>\n<p>&nbsp;<\/p>\n","protected":false},"featured_media":7026,"comment_status":"open","ping_status":"closed","template":"","meta":[],"product_brand":[],"product_cat":[506,525,546,548,520,547],"product_tag":[850,833,835,839],"class_list":{"0":"post-6439","1":"product","2":"type-product","3":"status-publish","4":"has-post-thumbnail","6":"product_cat-ariklient","7":"product_cat-vesipesuvahendid","8":"product_cat-pesuained","9":"product_cat-spetsiifilised-puhastusvahendid","10":"product_cat-eraklient","11":"product_cat-pesuvahendid-eraklient","12":"product_tag-kodumajapidamine","13":"product_tag-lasteaedadele","14":"product_tag-pesumajad","15":"product_tag-tervishoid","17":"first","18":"instock","19":"taxable","20":"shipping-taxable","21":"purchasable","22":"product-type-variable"},"yoast_head":"<!-- This site is optimized with the Yoast SEO plugin v27.0 - https:\/\/yoast.com\/product\/yoast-seo-wordpress\/ -->\n<title>Bioxelle - h\u00fcpoallergeenne pesuaine - Lavanno - pesuvahendite ekspert<\/title>\n<meta name=\"description\" content=\"Bioxelle h\u00fcpoallergeenne pesuaine-\u00f5rn, kuid t\u00f5hus pesuvahend valgetele ja v\u00e4rvilistele riietele. Fosfaadivaba, niklivaba, meeldiva muskusel\u00f5hnaga.\" \/>\n<meta name=\"robots\" content=\"index, follow, max-snippet:-1, max-image-preview:large, max-video-preview:-1\" \/>\n<link rel=\"canonical\" href=\"https:\/\/lavanno.com\/en\/toode\/bioxelle-hupoallergeenne-pesuaine\/\" \/>\n<meta property=\"og:locale\" content=\"en_US\" \/>\n<meta property=\"og:type\" content=\"article\" \/>\n<meta property=\"og:title\" content=\"Bioxelle - h\u00fcpoallergeenne pesuaine - Lavanno - pesuvahendite ekspert\" \/>\n<meta property=\"og:description\" content=\"Bioxelle h\u00fcpoallergeenne pesuaine-\u00f5rn, kuid t\u00f5hus pesuvahend valgetele ja v\u00e4rvilistele riietele. Fosfaadivaba, niklivaba, meeldiva muskusel\u00f5hnaga.\" \/>\n<meta property=\"og:url\" content=\"https:\/\/lavanno.com\/en\/toode\/bioxelle-hupoallergeenne-pesuaine\/\" \/>\n<meta property=\"og:site_name\" content=\"Lavanno - pesuvahendite ekspert\" \/>\n<meta property=\"article:publisher\" content=\"https:\/\/www.facebook.com\/Lavanno.ee\" \/>\n<meta property=\"article:modified_time\" content=\"2026-05-02T05:25:03+00:00\" \/>\n<meta property=\"og:image\" content=\"https:\/\/lavanno.com\/wp-content\/uploads\/2025\/02\/a39-900bioxelle_bianchi_colorati_groupage-1.png\" \/>\n\t<meta property=\"og:image:width\" content=\"800\" \/>\n\t<meta property=\"og:image:height\" content=\"800\" \/>\n\t<meta property=\"og:image:type\" content=\"image\/png\" \/>\n<meta name=\"twitter:card\" content=\"summary_large_image\" \/>\n<meta name=\"twitter:label1\" content=\"Est. reading time\" \/>\n\t<meta name=\"twitter:data1\" content=\"1 minute\" \/>\n<script type=\"application\/ld+json\" class=\"yoast-schema-graph\">{\"@context\":\"https:\/\/schema.org\",\"@graph\":[{\"@type\":\"WebPage\",\"@id\":\"https:\/\/lavanno.com\/en\/toode\/bioxelle-hupoallergeenne-pesuaine\/\",\"url\":\"https:\/\/lavanno.com\/en\/toode\/bioxelle-hupoallergeenne-pesuaine\/\",\"name\":\"Bioxelle - h\u00fcpoallergeenne pesuaine - Lavanno - pesuvahendite ekspert\",\"isPartOf\":{\"@id\":\"https:\/\/lavanno.com\/en\/#website\"},\"primaryImageOfPage\":{\"@id\":\"https:\/\/lavanno.com\/en\/toode\/bioxelle-hupoallergeenne-pesuaine\/#primaryimage\"},\"image\":{\"@id\":\"https:\/\/lavanno.com\/en\/toode\/bioxelle-hupoallergeenne-pesuaine\/#primaryimage\"},\"thumbnailUrl\":\"https:\/\/lavanno.com\/wp-content\/uploads\/2025\/02\/a39-900bioxelle_bianchi_colorati_groupage-1.png\",\"datePublished\":\"2025-02-15T06:34:59+00:00\",\"dateModified\":\"2026-05-02T05:25:03+00:00\",\"description\":\"Bioxelle h\u00fcpoallergeenne pesuaine-\u00f5rn, kuid t\u00f5hus pesuvahend valgetele ja v\u00e4rvilistele riietele. Fosfaadivaba, niklivaba, meeldiva muskusel\u00f5hnaga.\",\"breadcrumb\":{\"@id\":\"https:\/\/lavanno.com\/en\/toode\/bioxelle-hupoallergeenne-pesuaine\/#breadcrumb\"},\"inLanguage\":\"en-US\",\"potentialAction\":[{\"@type\":\"ReadAction\",\"target\":[\"https:\/\/lavanno.com\/en\/toode\/bioxelle-hupoallergeenne-pesuaine\/\"]}]},{\"@type\":\"ImageObject\",\"inLanguage\":\"en-US\",\"@id\":\"https:\/\/lavanno.com\/en\/toode\/bioxelle-hupoallergeenne-pesuaine\/#primaryimage\",\"url\":\"https:\/\/lavanno.com\/wp-content\/uploads\/2025\/02\/a39-900bioxelle_bianchi_colorati_groupage-1.png\",\"contentUrl\":\"https:\/\/lavanno.com\/wp-content\/uploads\/2025\/02\/a39-900bioxelle_bianchi_colorati_groupage-1.png\",\"width\":800,\"height\":800},{\"@type\":\"BreadcrumbList\",\"@id\":\"https:\/\/lavanno.com\/en\/toode\/bioxelle-hupoallergeenne-pesuaine\/#breadcrumb\",\"itemListElement\":[{\"@type\":\"ListItem\",\"position\":1,\"name\":\"Home\",\"item\":\"https:\/\/lavanno.com\/en\/\"},{\"@type\":\"ListItem\",\"position\":2,\"name\":\"E-pood\",\"item\":\"https:\/\/lavanno.com\/e-pood\/\"},{\"@type\":\"ListItem\",\"position\":3,\"name\":\"Bioxelle &#8211; h\u00fcpoallergeenne pesuaine\"}]},{\"@type\":\"WebSite\",\"@id\":\"https:\/\/lavanno.com\/en\/#website\",\"url\":\"https:\/\/lavanno.com\/en\/\",\"name\":\"Lavanno - Pesuvahendite ekspert\",\"description\":\"Toome maale ja m\u00fc\u00fcme tekstiili pesuvahendeid, pesumajaseadmeid ja tarvikuid. Hooldame ja konsulteerime.\",\"publisher\":{\"@id\":\"https:\/\/lavanno.com\/en\/#organization\"},\"potentialAction\":[{\"@type\":\"SearchAction\",\"target\":{\"@type\":\"EntryPoint\",\"urlTemplate\":\"https:\/\/lavanno.com\/en\/?s={search_term_string}\"},\"query-input\":{\"@type\":\"PropertyValueSpecification\",\"valueRequired\":true,\"valueName\":\"search_term_string\"}}],\"inLanguage\":\"en-US\"},{\"@type\":\"Organization\",\"@id\":\"https:\/\/lavanno.com\/en\/#organization\",\"name\":\"Lavanno - Pesuvahendite ekspert\",\"url\":\"https:\/\/lavanno.com\/en\/\",\"logo\":{\"@type\":\"ImageObject\",\"inLanguage\":\"en-US\",\"@id\":\"https:\/\/lavanno.com\/en\/#\/schema\/logo\/image\/\",\"url\":\"https:\/\/lavanno.com\/wp-content\/uploads\/2025\/07\/Lavanno.png\",\"contentUrl\":\"https:\/\/lavanno.com\/wp-content\/uploads\/2025\/07\/Lavanno.png\",\"width\":1200,\"height\":1200,\"caption\":\"Lavanno - Pesuvahendite ekspert\"},\"image\":{\"@id\":\"https:\/\/lavanno.com\/en\/#\/schema\/logo\/image\/\"},\"sameAs\":[\"https:\/\/www.facebook.com\/Lavanno.ee\"]}]}<\/script>\n<!-- \/ Yoast SEO plugin. -->","yoast_head_json":{"title":"Bioxelle - h\u00fcpoallergeenne pesuaine - Lavanno - pesuvahendite ekspert","description":"Bioxelle h\u00fcpoallergeenne pesuaine-\u00f5rn, kuid t\u00f5hus pesuvahend valgetele ja v\u00e4rvilistele riietele. Fosfaadivaba, niklivaba, meeldiva muskusel\u00f5hnaga.","robots":{"index":"index","follow":"follow","max-snippet":"max-snippet:-1","max-image-preview":"max-image-preview:large","max-video-preview":"max-video-preview:-1"},"canonical":"https:\/\/lavanno.com\/en\/toode\/bioxelle-hupoallergeenne-pesuaine\/","og_locale":"en_US","og_type":"article","og_title":"Bioxelle - h\u00fcpoallergeenne pesuaine - Lavanno - pesuvahendite ekspert","og_description":"Bioxelle h\u00fcpoallergeenne pesuaine-\u00f5rn, kuid t\u00f5hus pesuvahend valgetele ja v\u00e4rvilistele riietele. Fosfaadivaba, niklivaba, meeldiva muskusel\u00f5hnaga.","og_url":"https:\/\/lavanno.com\/en\/toode\/bioxelle-hupoallergeenne-pesuaine\/","og_site_name":"Lavanno - pesuvahendite ekspert","article_publisher":"https:\/\/www.facebook.com\/Lavanno.ee","article_modified_time":"2026-05-02T05:25:03+00:00","og_image":[{"width":800,"height":800,"url":"https:\/\/lavanno.com\/wp-content\/uploads\/2025\/02\/a39-900bioxelle_bianchi_colorati_groupage-1.png","type":"image\/png"}],"twitter_card":"summary_large_image","twitter_misc":{"Est. reading time":"1 minute"},"schema":{"@context":"https:\/\/schema.org","@graph":[{"@type":"WebPage","@id":"https:\/\/lavanno.com\/en\/toode\/bioxelle-hupoallergeenne-pesuaine\/","url":"https:\/\/lavanno.com\/en\/toode\/bioxelle-hupoallergeenne-pesuaine\/","name":"Bioxelle - h\u00fcpoallergeenne pesuaine - Lavanno - pesuvahendite ekspert","isPartOf":{"@id":"https:\/\/lavanno.com\/en\/#website"},"primaryImageOfPage":{"@id":"https:\/\/lavanno.com\/en\/toode\/bioxelle-hupoallergeenne-pesuaine\/#primaryimage"},"image":{"@id":"https:\/\/lavanno.com\/en\/toode\/bioxelle-hupoallergeenne-pesuaine\/#primaryimage"},"thumbnailUrl":"https:\/\/lavanno.com\/wp-content\/uploads\/2025\/02\/a39-900bioxelle_bianchi_colorati_groupage-1.png","datePublished":"2025-02-15T06:34:59+00:00","dateModified":"2026-05-02T05:25:03+00:00","description":"Bioxelle h\u00fcpoallergeenne pesuaine-\u00f5rn, kuid t\u00f5hus pesuvahend valgetele ja v\u00e4rvilistele riietele. Fosfaadivaba, niklivaba, meeldiva muskusel\u00f5hnaga.","breadcrumb":{"@id":"https:\/\/lavanno.com\/en\/toode\/bioxelle-hupoallergeenne-pesuaine\/#breadcrumb"},"inLanguage":"en-US","potentialAction":[{"@type":"ReadAction","target":["https:\/\/lavanno.com\/en\/toode\/bioxelle-hupoallergeenne-pesuaine\/"]}]},{"@type":"ImageObject","inLanguage":"en-US","@id":"https:\/\/lavanno.com\/en\/toode\/bioxelle-hupoallergeenne-pesuaine\/#primaryimage","url":"https:\/\/lavanno.com\/wp-content\/uploads\/2025\/02\/a39-900bioxelle_bianchi_colorati_groupage-1.png","contentUrl":"https:\/\/lavanno.com\/wp-content\/uploads\/2025\/02\/a39-900bioxelle_bianchi_colorati_groupage-1.png","width":800,"height":800},{"@type":"BreadcrumbList","@id":"https:\/\/lavanno.com\/en\/toode\/bioxelle-hupoallergeenne-pesuaine\/#breadcrumb","itemListElement":[{"@type":"ListItem","position":1,"name":"Home","item":"https:\/\/lavanno.com\/en\/"},{"@type":"ListItem","position":2,"name":"E-pood","item":"https:\/\/lavanno.com\/e-pood\/"},{"@type":"ListItem","position":3,"name":"Bioxelle &#8211; h\u00fcpoallergeenne pesuaine"}]},{"@type":"WebSite","@id":"https:\/\/lavanno.com\/en\/#website","url":"https:\/\/lavanno.com\/en\/","name":"Lavanno - Pesuvahendite ekspert","description":"Toome maale ja m\u00fc\u00fcme tekstiili pesuvahendeid, pesumajaseadmeid ja tarvikuid. Hooldame ja konsulteerime.","publisher":{"@id":"https:\/\/lavanno.com\/en\/#organization"},"potentialAction":[{"@type":"SearchAction","target":{"@type":"EntryPoint","urlTemplate":"https:\/\/lavanno.com\/en\/?s={search_term_string}"},"query-input":{"@type":"PropertyValueSpecification","valueRequired":true,"valueName":"search_term_string"}}],"inLanguage":"en-US"},{"@type":"Organization","@id":"https:\/\/lavanno.com\/en\/#organization","name":"Lavanno - Pesuvahendite ekspert","url":"https:\/\/lavanno.com\/en\/","logo":{"@type":"ImageObject","inLanguage":"en-US","@id":"https:\/\/lavanno.com\/en\/#\/schema\/logo\/image\/","url":"https:\/\/lavanno.com\/wp-content\/uploads\/2025\/07\/Lavanno.png","contentUrl":"https:\/\/lavanno.com\/wp-content\/uploads\/2025\/07\/Lavanno.png","width":1200,"height":1200,"caption":"Lavanno - Pesuvahendite ekspert"},"image":{"@id":"https:\/\/lavanno.com\/en\/#\/schema\/logo\/image\/"},"sameAs":["https:\/\/www.facebook.com\/Lavanno.ee"]}]}},"_links":{"self":[{"href":"https:\/\/lavanno.com\/en\/wp-json\/wp\/v2\/product\/6439","targetHints":{"allow":["GET"]}}],"collection":[{"href":"https:\/\/lavanno.com\/en\/wp-json\/wp\/v2\/product"}],"about":[{"href":"https:\/\/lavanno.com\/en\/wp-json\/wp\/v2\/types\/product"}],"replies":[{"embeddable":true,"href":"https:\/\/lavanno.com\/en\/wp-json\/wp\/v2\/comments?post=6439"}],"wp:featuredmedia":[{"embeddable":true,"href":"https:\/\/lavanno.com\/en\/wp-json\/wp\/v2\/media\/7026"}],"wp:attachment":[{"href":"https:\/\/lavanno.com\/en\/wp-json\/wp\/v2\/media?parent=6439"}],"wp:term":[{"taxonomy":"product_brand","embeddable":true,"href":"https:\/\/lavanno.com\/en\/wp-json\/wp\/v2\/product_brand?post=6439"},{"taxonomy":"product_cat","embeddable":true,"href":"https:\/\/lavanno.com\/en\/wp-json\/wp\/v2\/product_cat?post=6439"},{"taxonomy":"product_tag","embeddable":true,"href":"https:\/\/lavanno.com\/en\/wp-json\/wp\/v2\/product_tag?post=6439"}],"curies":[{"name":"wp","href":"https:\/\/api.w.org\/{rel}","templated":true}]}}