{"id":6448,"date":"2025-02-15T08:34:59","date_gmt":"2025-02-15T06:34:59","guid":{"rendered":"https:\/\/lavanno.com\/product\/prezym-universaalne-plekieemaldi\/"},"modified":"2026-05-02T14:30:03","modified_gmt":"2026-05-02T11:30:03","slug":"prezym-universaalne-plekieemaldi","status":"publish","type":"product","link":"https:\/\/lavanno.com\/en\/toode\/prezym-universaalne-plekieemaldi\/","title":{"rendered":"Prezym &#8211; universaalne plekieemaldusvahend"},"content":{"rendered":"<p><strong>Spetsifikatsioonid<\/strong><\/p>\n<p><strong>Kasutamine<\/strong><\/p>\n<p>Hygienfresh\u00ae Prezym&#8217;i kasutatakse puhtal kujul m\u00e4\u00e4rdunud r\u00f5ivaosadele enne pesemist. Soovitatav on lasta tootel toimida k\u00fcmme minutit ja seej\u00e4rel pesta. Sobib ideaalselt kraedele, mansettidele ja v\u00e4ga m\u00e4\u00e4rdunud kohtadele.<\/p>\n<p><strong>Hoiatus:<\/strong> Enne toote kasutamist testige seda peidetud osal.<\/p>\n<p><strong>V\u00f6\u00f6tkood<\/strong><\/p>\n<p>(01)08054729630446<\/p>\n<p><strong>Koostisosad<\/strong><\/p>\n<p>Aqua, gl\u00fctseriin, tea-dodek\u00fc\u00fclbenseensulfonaat, C13-15 pareth-7, butoks\u00fcdigl\u00fckool, naatriumlaureetsulfaat, mea-boraat, naatriumtsitraat, trietanoolamiin, subtilisiin, dietanoolamiin, \u03b1-am\u00fclaas, dimetikoon, lipaas, tsellulaas, steareet-21, met\u00fc\u00fclkloroisotiasolinoon, met\u00fc\u00fclisotiasolinoon.<\/p>\n<p><strong>met\u00fc\u00fclkloroisotiasolinoon, met\u00fc\u00fclisotiasolinoon (3:1) = 0,0003%<\/strong><\/p>\n<p><strong>Funktsioon<\/strong><\/p>\n<p>Ens\u00fcmaatiline eelt\u00f6\u00f6tlusvahend kangastele.<\/p>\n<p>&nbsp;<\/p>\n<p><a href=\"https:\/\/lavanno.com\/wp-content\/uploads\/2024\/10\/A31-000Hygienfresh_PreZymRel4ETSDS.pdf\" target=\"_blank\" rel=\"noopener\">Ohutuskaart<\/a><\/p>\n<p><a href=\"https:\/\/lavanno.com\/wp-content\/uploads\/2024\/10\/A31-000^LNPrezym^LNRel3^LNEN^LNTEC-EST.pdf\" target=\"_blank\" rel=\"noopener\">Tehniline kaart<\/a><\/p>\n","protected":false},"excerpt":{"rendered":"<p><strong>Ens\u00fcmaatiline eelt\u00f6\u00f6tlusvahend riietele<\/strong><\/p>\n<p><strong>Kirjeldus<\/strong><\/p>\n<p>Kolmekordse toimega eelt\u00f6\u00f6tlusvahend, mis sobib kasutamiseks pesemisel. Sellel on lai toimespekter igasuguste plekkide vastu ja see on ideaalne valguliste plekkide, rasva, rohu jms eemaldamiseks.<\/p>\n<ul><\/p>\n<li>Efektiivne igat t\u00fc\u00fcpi plekkide vastu, nagu veri, rohi, \u00f5li, toiduplekid jne.<\/li>\n<p><\/p>\n<li>Kolmekordse toimega plekieemaldusvahend.<\/li>\n<p><\/p>\n<li>Superkontsentreeritud ja rasva\u00e4rastavad pindaktiivsed ained.<\/li>\n<p><\/p>\n<li>Lihtne ja kiire kasutada.<\/li>\n<p><\/p>\n<li>Ideaalne kraede ja mansettide puhastamiseks.<\/li>\n<p><\/p>\n<li>Ei j\u00e4ta r\u00f5ivastele halle servi ja on neutraalne v\u00e4rvide suhtes.<\/li>\n<p><\/p>\n<li>Sobib igat t\u00fc\u00fcpi r\u00f5ivastele (v\u00e4ltige pikaajalist kokkupuudet siidi ja villaga, kuna sisaldab valgulisi ens\u00fc\u00fcme).<\/li>\n<p><\/p>\n<li>Mitme ens\u00fc\u00fcmne kompleks maksimaalse laia toimespektriga: proteaas, am\u00fclaas, lipaas, tsellulaas.<\/li>\n<p>\n<\/ul>\n","protected":false},"featured_media":6832,"comment_status":"open","ping_status":"closed","template":"","meta":[],"product_brand":[],"product_cat":[506,525,534,538,514,519,526,520,527],"product_tag":[838,834,833,835,837,839,840],"class_list":{"0":"post-6448","1":"product","2":"type-product","3":"status-publish","4":"has-post-thumbnail","6":"product_cat-ariklient","7":"product_cat-vesipesuvahendid","8":"product_cat-plekieemaldusvahendid","9":"product_cat-emulsioonpesu-wet-clean","10":"product_cat-keemiline-puhastus","11":"product_cat-eeltootlus","12":"product_cat-plekieemalduse-vahendid-keemiline-puhastus","13":"product_cat-eraklient","14":"product_cat-plekieemaldusvahendid-eraklient","15":"product_tag-haridusasutused","16":"product_tag-horeca","17":"product_tag-lasteaedadele","18":"product_tag-pesumajad","19":"product_tag-puhastusteenindus","20":"product_tag-tervishoid","21":"product_tag-toostusettevotted","23":"first","24":"instock","25":"taxable","26":"shipping-taxable","27":"purchasable","28":"product-type-variable"},"yoast_head":"<!-- This site is optimized with the Yoast SEO plugin v27.0 - https:\/\/yoast.com\/product\/yoast-seo-wordpress\/ -->\n<title>Prezym - universaalne plekieemaldusvahend - Lavanno - pesuvahendite ekspert<\/title>\n<meta name=\"description\" content=\"Ens\u00fcmaatiline eelt\u00f6\u00f6tlusvahend riietele. Kirjeldus. Kolmekordse toimega eelt\u00f6\u00f6tlusvahend, mis sobib kasutamiseks pesemisel. Sellel on lai toimespekter igasuguste plekkide vastu ja see on ideaalne valguliste plekkide, rasva, rohu jms eemaldamiseks. Efektiivne igat t\u00fc\u00fcpi plekkide vastu, nagu veri, rohi, \u00f5li, toiduplekid jne. Kolmekordse toimega plekieemaldusvahend. Superkontsentreeritud ja rasva\u00e4rastavad pindaktiivsed ained. Lihtne ja kiire kasutada. Ideaalne kraede ja mansettide puhastamiseks. Ei j\u00e4ta r\u00f5ivastele halle servi ja on neutraalne v\u00e4rvide suhtes. Sobib igat t\u00fc\u00fcpi r\u00f5ivastele (v\u00e4ltige pikaajalist kokkupuudet siidi ja villaga, kuna sisaldab valgulisi ens\u00fc\u00fcme). Mitme ens\u00fc\u00fcmne kompleks maksimaalse laia toimespektriga: proteaas, am\u00fclaas, lipaas, tsellulaas. prezym-universaalne-plekieemaldi\" \/>\n<meta name=\"robots\" content=\"index, follow, max-snippet:-1, max-image-preview:large, max-video-preview:-1\" \/>\n<link rel=\"canonical\" href=\"https:\/\/lavanno.com\/en\/toode\/prezym-universaalne-plekieemaldi\/\" \/>\n<meta property=\"og:locale\" content=\"en_US\" \/>\n<meta property=\"og:type\" content=\"article\" \/>\n<meta property=\"og:title\" content=\"Prezym - universaalne plekieemaldusvahend - Lavanno - pesuvahendite ekspert\" \/>\n<meta property=\"og:description\" content=\"Ens\u00fcmaatiline eelt\u00f6\u00f6tlusvahend riietele. Kirjeldus. Kolmekordse toimega eelt\u00f6\u00f6tlusvahend, mis sobib kasutamiseks pesemisel. Sellel on lai toimespekter igasuguste plekkide vastu ja see on ideaalne valguliste plekkide, rasva, rohu jms eemaldamiseks. Efektiivne igat t\u00fc\u00fcpi plekkide vastu, nagu veri, rohi, \u00f5li, toiduplekid jne. Kolmekordse toimega plekieemaldusvahend. Superkontsentreeritud ja rasva\u00e4rastavad pindaktiivsed ained. Lihtne ja kiire kasutada. Ideaalne kraede ja mansettide puhastamiseks. Ei j\u00e4ta r\u00f5ivastele halle servi ja on neutraalne v\u00e4rvide suhtes. Sobib igat t\u00fc\u00fcpi r\u00f5ivastele (v\u00e4ltige pikaajalist kokkupuudet siidi ja villaga, kuna sisaldab valgulisi ens\u00fc\u00fcme). Mitme ens\u00fc\u00fcmne kompleks maksimaalse laia toimespektriga: proteaas, am\u00fclaas, lipaas, tsellulaas. prezym-universaalne-plekieemaldi\" \/>\n<meta property=\"og:url\" content=\"https:\/\/lavanno.com\/en\/toode\/prezym-universaalne-plekieemaldi\/\" \/>\n<meta property=\"og:site_name\" content=\"Lavanno - pesuvahendite ekspert\" \/>\n<meta property=\"article:publisher\" content=\"https:\/\/www.facebook.com\/Lavanno.ee\" \/>\n<meta property=\"article:modified_time\" content=\"2026-05-02T11:30:03+00:00\" \/>\n<meta property=\"og:image\" content=\"https:\/\/lavanno.com\/wp-content\/uploads\/2025\/02\/a31-000prezym_groupage-1.png\" \/>\n\t<meta property=\"og:image:width\" content=\"800\" \/>\n\t<meta property=\"og:image:height\" content=\"800\" \/>\n\t<meta property=\"og:image:type\" content=\"image\/png\" \/>\n<meta name=\"twitter:card\" content=\"summary_large_image\" \/>\n<meta name=\"twitter:label1\" content=\"Est. reading time\" \/>\n\t<meta name=\"twitter:data1\" content=\"1 minute\" \/>\n<script type=\"application\/ld+json\" class=\"yoast-schema-graph\">{\"@context\":\"https:\/\/schema.org\",\"@graph\":[{\"@type\":\"WebPage\",\"@id\":\"https:\/\/lavanno.com\/en\/toode\/prezym-universaalne-plekieemaldi\/\",\"url\":\"https:\/\/lavanno.com\/en\/toode\/prezym-universaalne-plekieemaldi\/\",\"name\":\"Prezym - universaalne plekieemaldusvahend - Lavanno - pesuvahendite ekspert\",\"isPartOf\":{\"@id\":\"https:\/\/lavanno.com\/en\/#website\"},\"primaryImageOfPage\":{\"@id\":\"https:\/\/lavanno.com\/en\/toode\/prezym-universaalne-plekieemaldi\/#primaryimage\"},\"image\":{\"@id\":\"https:\/\/lavanno.com\/en\/toode\/prezym-universaalne-plekieemaldi\/#primaryimage\"},\"thumbnailUrl\":\"https:\/\/lavanno.com\/wp-content\/uploads\/2025\/02\/a31-000prezym_groupage-1.png\",\"datePublished\":\"2025-02-15T06:34:59+00:00\",\"dateModified\":\"2026-05-02T11:30:03+00:00\",\"description\":\"Ens\u00fcmaatiline eelt\u00f6\u00f6tlusvahend riietele. Kirjeldus. Kolmekordse toimega eelt\u00f6\u00f6tlusvahend, mis sobib kasutamiseks pesemisel. Sellel on lai toimespekter igasuguste plekkide vastu ja see on ideaalne valguliste plekkide, rasva, rohu jms eemaldamiseks. Efektiivne igat t\u00fc\u00fcpi plekkide vastu, nagu veri, rohi, \u00f5li, toiduplekid jne. Kolmekordse toimega plekieemaldusvahend. Superkontsentreeritud ja rasva\u00e4rastavad pindaktiivsed ained. Lihtne ja kiire kasutada. Ideaalne kraede ja mansettide puhastamiseks. Ei j\u00e4ta r\u00f5ivastele halle servi ja on neutraalne v\u00e4rvide suhtes. Sobib igat t\u00fc\u00fcpi r\u00f5ivastele (v\u00e4ltige pikaajalist kokkupuudet siidi ja villaga, kuna sisaldab valgulisi ens\u00fc\u00fcme). Mitme ens\u00fc\u00fcmne kompleks maksimaalse laia toimespektriga: proteaas, am\u00fclaas, lipaas, tsellulaas. prezym-universaalne-plekieemaldi\",\"breadcrumb\":{\"@id\":\"https:\/\/lavanno.com\/en\/toode\/prezym-universaalne-plekieemaldi\/#breadcrumb\"},\"inLanguage\":\"en-US\",\"potentialAction\":[{\"@type\":\"ReadAction\",\"target\":[\"https:\/\/lavanno.com\/en\/toode\/prezym-universaalne-plekieemaldi\/\"]}]},{\"@type\":\"ImageObject\",\"inLanguage\":\"en-US\",\"@id\":\"https:\/\/lavanno.com\/en\/toode\/prezym-universaalne-plekieemaldi\/#primaryimage\",\"url\":\"https:\/\/lavanno.com\/wp-content\/uploads\/2025\/02\/a31-000prezym_groupage-1.png\",\"contentUrl\":\"https:\/\/lavanno.com\/wp-content\/uploads\/2025\/02\/a31-000prezym_groupage-1.png\",\"width\":800,\"height\":800},{\"@type\":\"BreadcrumbList\",\"@id\":\"https:\/\/lavanno.com\/en\/toode\/prezym-universaalne-plekieemaldi\/#breadcrumb\",\"itemListElement\":[{\"@type\":\"ListItem\",\"position\":1,\"name\":\"Home\",\"item\":\"https:\/\/lavanno.com\/en\/\"},{\"@type\":\"ListItem\",\"position\":2,\"name\":\"E-pood\",\"item\":\"https:\/\/lavanno.com\/e-pood\/\"},{\"@type\":\"ListItem\",\"position\":3,\"name\":\"Prezym &#8211; universaalne plekieemaldusvahend\"}]},{\"@type\":\"WebSite\",\"@id\":\"https:\/\/lavanno.com\/en\/#website\",\"url\":\"https:\/\/lavanno.com\/en\/\",\"name\":\"Lavanno - Pesuvahendite ekspert\",\"description\":\"Toome maale ja m\u00fc\u00fcme tekstiili pesuvahendeid, pesumajaseadmeid ja tarvikuid. Hooldame ja konsulteerime.\",\"publisher\":{\"@id\":\"https:\/\/lavanno.com\/en\/#organization\"},\"potentialAction\":[{\"@type\":\"SearchAction\",\"target\":{\"@type\":\"EntryPoint\",\"urlTemplate\":\"https:\/\/lavanno.com\/en\/?s={search_term_string}\"},\"query-input\":{\"@type\":\"PropertyValueSpecification\",\"valueRequired\":true,\"valueName\":\"search_term_string\"}}],\"inLanguage\":\"en-US\"},{\"@type\":\"Organization\",\"@id\":\"https:\/\/lavanno.com\/en\/#organization\",\"name\":\"Lavanno - Pesuvahendite ekspert\",\"url\":\"https:\/\/lavanno.com\/en\/\",\"logo\":{\"@type\":\"ImageObject\",\"inLanguage\":\"en-US\",\"@id\":\"https:\/\/lavanno.com\/en\/#\/schema\/logo\/image\/\",\"url\":\"https:\/\/lavanno.com\/wp-content\/uploads\/2025\/07\/Lavanno.png\",\"contentUrl\":\"https:\/\/lavanno.com\/wp-content\/uploads\/2025\/07\/Lavanno.png\",\"width\":1200,\"height\":1200,\"caption\":\"Lavanno - Pesuvahendite ekspert\"},\"image\":{\"@id\":\"https:\/\/lavanno.com\/en\/#\/schema\/logo\/image\/\"},\"sameAs\":[\"https:\/\/www.facebook.com\/Lavanno.ee\"]}]}<\/script>\n<!-- \/ Yoast SEO plugin. -->","yoast_head_json":{"title":"Prezym - universaalne plekieemaldusvahend - Lavanno - pesuvahendite ekspert","description":"Ens\u00fcmaatiline eelt\u00f6\u00f6tlusvahend riietele. Kirjeldus. Kolmekordse toimega eelt\u00f6\u00f6tlusvahend, mis sobib kasutamiseks pesemisel. Sellel on lai toimespekter igasuguste plekkide vastu ja see on ideaalne valguliste plekkide, rasva, rohu jms eemaldamiseks. Efektiivne igat t\u00fc\u00fcpi plekkide vastu, nagu veri, rohi, \u00f5li, toiduplekid jne. Kolmekordse toimega plekieemaldusvahend. Superkontsentreeritud ja rasva\u00e4rastavad pindaktiivsed ained. Lihtne ja kiire kasutada. Ideaalne kraede ja mansettide puhastamiseks. Ei j\u00e4ta r\u00f5ivastele halle servi ja on neutraalne v\u00e4rvide suhtes. Sobib igat t\u00fc\u00fcpi r\u00f5ivastele (v\u00e4ltige pikaajalist kokkupuudet siidi ja villaga, kuna sisaldab valgulisi ens\u00fc\u00fcme). Mitme ens\u00fc\u00fcmne kompleks maksimaalse laia toimespektriga: proteaas, am\u00fclaas, lipaas, tsellulaas. prezym-universaalne-plekieemaldi","robots":{"index":"index","follow":"follow","max-snippet":"max-snippet:-1","max-image-preview":"max-image-preview:large","max-video-preview":"max-video-preview:-1"},"canonical":"https:\/\/lavanno.com\/en\/toode\/prezym-universaalne-plekieemaldi\/","og_locale":"en_US","og_type":"article","og_title":"Prezym - universaalne plekieemaldusvahend - Lavanno - pesuvahendite ekspert","og_description":"Ens\u00fcmaatiline eelt\u00f6\u00f6tlusvahend riietele. Kirjeldus. Kolmekordse toimega eelt\u00f6\u00f6tlusvahend, mis sobib kasutamiseks pesemisel. Sellel on lai toimespekter igasuguste plekkide vastu ja see on ideaalne valguliste plekkide, rasva, rohu jms eemaldamiseks. Efektiivne igat t\u00fc\u00fcpi plekkide vastu, nagu veri, rohi, \u00f5li, toiduplekid jne. Kolmekordse toimega plekieemaldusvahend. Superkontsentreeritud ja rasva\u00e4rastavad pindaktiivsed ained. Lihtne ja kiire kasutada. Ideaalne kraede ja mansettide puhastamiseks. Ei j\u00e4ta r\u00f5ivastele halle servi ja on neutraalne v\u00e4rvide suhtes. Sobib igat t\u00fc\u00fcpi r\u00f5ivastele (v\u00e4ltige pikaajalist kokkupuudet siidi ja villaga, kuna sisaldab valgulisi ens\u00fc\u00fcme). Mitme ens\u00fc\u00fcmne kompleks maksimaalse laia toimespektriga: proteaas, am\u00fclaas, lipaas, tsellulaas. prezym-universaalne-plekieemaldi","og_url":"https:\/\/lavanno.com\/en\/toode\/prezym-universaalne-plekieemaldi\/","og_site_name":"Lavanno - pesuvahendite ekspert","article_publisher":"https:\/\/www.facebook.com\/Lavanno.ee","article_modified_time":"2026-05-02T11:30:03+00:00","og_image":[{"width":800,"height":800,"url":"https:\/\/lavanno.com\/wp-content\/uploads\/2025\/02\/a31-000prezym_groupage-1.png","type":"image\/png"}],"twitter_card":"summary_large_image","twitter_misc":{"Est. reading time":"1 minute"},"schema":{"@context":"https:\/\/schema.org","@graph":[{"@type":"WebPage","@id":"https:\/\/lavanno.com\/en\/toode\/prezym-universaalne-plekieemaldi\/","url":"https:\/\/lavanno.com\/en\/toode\/prezym-universaalne-plekieemaldi\/","name":"Prezym - universaalne plekieemaldusvahend - Lavanno - pesuvahendite ekspert","isPartOf":{"@id":"https:\/\/lavanno.com\/en\/#website"},"primaryImageOfPage":{"@id":"https:\/\/lavanno.com\/en\/toode\/prezym-universaalne-plekieemaldi\/#primaryimage"},"image":{"@id":"https:\/\/lavanno.com\/en\/toode\/prezym-universaalne-plekieemaldi\/#primaryimage"},"thumbnailUrl":"https:\/\/lavanno.com\/wp-content\/uploads\/2025\/02\/a31-000prezym_groupage-1.png","datePublished":"2025-02-15T06:34:59+00:00","dateModified":"2026-05-02T11:30:03+00:00","description":"Ens\u00fcmaatiline eelt\u00f6\u00f6tlusvahend riietele. Kirjeldus. Kolmekordse toimega eelt\u00f6\u00f6tlusvahend, mis sobib kasutamiseks pesemisel. Sellel on lai toimespekter igasuguste plekkide vastu ja see on ideaalne valguliste plekkide, rasva, rohu jms eemaldamiseks. Efektiivne igat t\u00fc\u00fcpi plekkide vastu, nagu veri, rohi, \u00f5li, toiduplekid jne. Kolmekordse toimega plekieemaldusvahend. Superkontsentreeritud ja rasva\u00e4rastavad pindaktiivsed ained. Lihtne ja kiire kasutada. Ideaalne kraede ja mansettide puhastamiseks. Ei j\u00e4ta r\u00f5ivastele halle servi ja on neutraalne v\u00e4rvide suhtes. Sobib igat t\u00fc\u00fcpi r\u00f5ivastele (v\u00e4ltige pikaajalist kokkupuudet siidi ja villaga, kuna sisaldab valgulisi ens\u00fc\u00fcme). Mitme ens\u00fc\u00fcmne kompleks maksimaalse laia toimespektriga: proteaas, am\u00fclaas, lipaas, tsellulaas. prezym-universaalne-plekieemaldi","breadcrumb":{"@id":"https:\/\/lavanno.com\/en\/toode\/prezym-universaalne-plekieemaldi\/#breadcrumb"},"inLanguage":"en-US","potentialAction":[{"@type":"ReadAction","target":["https:\/\/lavanno.com\/en\/toode\/prezym-universaalne-plekieemaldi\/"]}]},{"@type":"ImageObject","inLanguage":"en-US","@id":"https:\/\/lavanno.com\/en\/toode\/prezym-universaalne-plekieemaldi\/#primaryimage","url":"https:\/\/lavanno.com\/wp-content\/uploads\/2025\/02\/a31-000prezym_groupage-1.png","contentUrl":"https:\/\/lavanno.com\/wp-content\/uploads\/2025\/02\/a31-000prezym_groupage-1.png","width":800,"height":800},{"@type":"BreadcrumbList","@id":"https:\/\/lavanno.com\/en\/toode\/prezym-universaalne-plekieemaldi\/#breadcrumb","itemListElement":[{"@type":"ListItem","position":1,"name":"Home","item":"https:\/\/lavanno.com\/en\/"},{"@type":"ListItem","position":2,"name":"E-pood","item":"https:\/\/lavanno.com\/e-pood\/"},{"@type":"ListItem","position":3,"name":"Prezym &#8211; universaalne plekieemaldusvahend"}]},{"@type":"WebSite","@id":"https:\/\/lavanno.com\/en\/#website","url":"https:\/\/lavanno.com\/en\/","name":"Lavanno - Pesuvahendite ekspert","description":"Toome maale ja m\u00fc\u00fcme tekstiili pesuvahendeid, pesumajaseadmeid ja tarvikuid. Hooldame ja konsulteerime.","publisher":{"@id":"https:\/\/lavanno.com\/en\/#organization"},"potentialAction":[{"@type":"SearchAction","target":{"@type":"EntryPoint","urlTemplate":"https:\/\/lavanno.com\/en\/?s={search_term_string}"},"query-input":{"@type":"PropertyValueSpecification","valueRequired":true,"valueName":"search_term_string"}}],"inLanguage":"en-US"},{"@type":"Organization","@id":"https:\/\/lavanno.com\/en\/#organization","name":"Lavanno - Pesuvahendite ekspert","url":"https:\/\/lavanno.com\/en\/","logo":{"@type":"ImageObject","inLanguage":"en-US","@id":"https:\/\/lavanno.com\/en\/#\/schema\/logo\/image\/","url":"https:\/\/lavanno.com\/wp-content\/uploads\/2025\/07\/Lavanno.png","contentUrl":"https:\/\/lavanno.com\/wp-content\/uploads\/2025\/07\/Lavanno.png","width":1200,"height":1200,"caption":"Lavanno - Pesuvahendite ekspert"},"image":{"@id":"https:\/\/lavanno.com\/en\/#\/schema\/logo\/image\/"},"sameAs":["https:\/\/www.facebook.com\/Lavanno.ee"]}]}},"_links":{"self":[{"href":"https:\/\/lavanno.com\/en\/wp-json\/wp\/v2\/product\/6448","targetHints":{"allow":["GET"]}}],"collection":[{"href":"https:\/\/lavanno.com\/en\/wp-json\/wp\/v2\/product"}],"about":[{"href":"https:\/\/lavanno.com\/en\/wp-json\/wp\/v2\/types\/product"}],"replies":[{"embeddable":true,"href":"https:\/\/lavanno.com\/en\/wp-json\/wp\/v2\/comments?post=6448"}],"wp:featuredmedia":[{"embeddable":true,"href":"https:\/\/lavanno.com\/en\/wp-json\/wp\/v2\/media\/6832"}],"wp:attachment":[{"href":"https:\/\/lavanno.com\/en\/wp-json\/wp\/v2\/media?parent=6448"}],"wp:term":[{"taxonomy":"product_brand","embeddable":true,"href":"https:\/\/lavanno.com\/en\/wp-json\/wp\/v2\/product_brand?post=6448"},{"taxonomy":"product_cat","embeddable":true,"href":"https:\/\/lavanno.com\/en\/wp-json\/wp\/v2\/product_cat?post=6448"},{"taxonomy":"product_tag","embeddable":true,"href":"https:\/\/lavanno.com\/en\/wp-json\/wp\/v2\/product_tag?post=6448"}],"curies":[{"name":"wp","href":"https:\/\/api.w.org\/{rel}","templated":true}]}}