{"id":6458,"date":"2025-02-15T08:34:59","date_gmt":"2025-02-15T06:34:59","guid":{"rendered":"https:\/\/lavanno.com\/product\/bioorky-pesuaine-ensuumidega-orhidee\/"},"modified":"2026-05-02T08:25:03","modified_gmt":"2026-05-02T05:25:03","slug":"bioorky-pesuaine-ensuumidega-orhidee","status":"publish","type":"product","link":"https:\/\/lavanno.com\/en\/toode\/bioorky-pesuaine-ensuumidega-orhidee\/","title":{"rendered":"BioOrky &#8211; Pesuaine ens\u00fc\u00fcmidega (Orhidee)"},"content":{"rendered":"<p><strong>Spetsifikatsioonid<\/strong><\/p>\n<p><strong>Kasutamine<\/strong><\/p>\n<p>Lisage pesuaine pesumasina t\u00e4itmise sektsiooni, kui masin on t\u00e4ielikult koormatud. Sobib kasutamiseks nii k\u00e4sitsi kui ka masinpesu puhul.<\/p>\n<p><strong>Koostisosad<\/strong><\/p>\n<p>Vesi, gl\u00fctseriin, tea-dodek\u00fc\u00fclbenseensulfaat, C13-15 pareth-7, kokamiid DEA, naatriumtsitraat, naatriumlaureetsulfaat, parf\u00fc\u00fcm, mea-boraat, trietanoolamiin, dietanoolamiin, koko-gl\u00fckosiid, heks\u00fc\u00fclsalits\u00fclaat, bens\u00fc\u00fclsalits\u00fclaat, kumariin, dimetikoon, subtilisiin, \u03b1-am\u00fclaas, steareet-21, lipaas, tsellulaas, met\u00fc\u00fclkloroisotiasolinoon, met\u00fc\u00fclisotiasolinoon, CI74180, hape kollane 23.<\/p>\n<p><strong>met\u00fc\u00fclkloroisotiasolinoon ja met\u00fc\u00fclisotiasolinoon (3:1) = 0,00075%<\/strong><\/p>\n<p><strong>Funktsioon<\/strong><\/p>\n<p>Ens\u00fcmaatiline pesuaine<\/p>\n<p>&nbsp;<\/p>\n<p><a href=\"https:\/\/lavanno.com\/wp-content\/uploads\/2025\/09\/A39-519Hygienfresh_Detergente_BioOrkyRel4ETSDS.pdf\" target=\"_blank\" rel=\"noopener\">Ohutuskaart<\/a><\/p>\n<p>&nbsp;<\/p>\n","protected":false},"excerpt":{"rendered":"<p>BioOrky on professionaalne multiens\u00fcmaatiline pesuvahend, mis tagab t\u00f5husa puhastuse k\u00f5ikide plekit\u00fc\u00fcpide vastu. T\u00e4nu nelja ens\u00fc\u00fcmi (proteaas, am\u00fclaas, lipaas ja tsellulaas) kombinatsioonile eemaldab see t\u00f5husalt nii rasva-, valgu- kui t\u00e4rklisep\u00f5hised plekid.<\/p>\n<p>Toode sisaldab k\u00f5rge kontsentratsiooniga pindaktiivseid aineid, mis annavad tugeva rasvaeemaldusv\u00f5ime. Samas on koostis fosfaadi-, silikaadi- ja leelisevaba, mis muudab selle kangastele \u00f5rnemaks.<\/p>\n<p>BioOrky j\u00e4tab pesule meeldiva ja kauakestva metsiku orhidee aroomi ning sobib kasutamiseks nii pesumasinas kui ka k\u00e4sipesuks.<\/p>\n<ul>\n<li>T\u00f5hus plekkide eemaldamine (ka rasked plekid)<\/li>\n<li>Multiens\u00fcmaatiline koostis (proteaas, am\u00fclaas, lipaas, tsellulaas)<\/li>\n<li>Sobib valgele ja v\u00e4rvilisele pesule<\/li>\n<li>Tugev rasvaeemaldusv\u00f5ime<\/li>\n<li>Kontsentreeritud ja \u00f6konoomne<\/li>\n<li>Fosfaadi-, silikaadi- ja leelisevaba<\/li>\n<li>Elegantne metsiku orhidee l\u00f5hn<\/li>\n<\/ul>\n","protected":false},"featured_media":6846,"comment_status":"open","ping_status":"closed","template":"","meta":[],"product_brand":[],"product_cat":[506,525,546,556,520,547],"product_tag":[850,835],"class_list":{"0":"post-6458","1":"product","2":"type-product","3":"status-publish","4":"has-post-thumbnail","6":"product_cat-ariklient","7":"product_cat-vesipesuvahendid","8":"product_cat-pesuained","9":"product_cat-ensumaatilised-pesuained","10":"product_cat-eraklient","11":"product_cat-pesuvahendid-eraklient","12":"product_tag-kodumajapidamine","13":"product_tag-pesumajad","15":"first","16":"instock","17":"taxable","18":"shipping-taxable","19":"purchasable","20":"product-type-variable"},"yoast_head":"<!-- This site is optimized with the Yoast SEO plugin v27.0 - https:\/\/yoast.com\/product\/yoast-seo-wordpress\/ -->\n<title>BioOrky - Pesuaine ens\u00fc\u00fcmidega (Orhidee) - Lavanno - pesuvahendite ekspert<\/title>\n<meta name=\"description\" content=\"BioOrky mitmeens\u00fc\u00fcmiline pesugeel metsiku orhidee l\u00f5hnaga. Sobib valgele ja v\u00e4rvilisele pesule, eemaldab t\u00f5husalt plekid ja j\u00e4tab v\u00e4rske lillelise aroomi.\" \/>\n<meta name=\"robots\" content=\"index, follow, max-snippet:-1, max-image-preview:large, max-video-preview:-1\" \/>\n<link rel=\"canonical\" href=\"https:\/\/lavanno.com\/en\/toode\/bioorky-pesuaine-ensuumidega-orhidee\/\" \/>\n<meta property=\"og:locale\" content=\"en_US\" \/>\n<meta property=\"og:type\" content=\"article\" \/>\n<meta property=\"og:title\" content=\"BioOrky - Pesuaine ens\u00fc\u00fcmidega (Orhidee) - Lavanno - pesuvahendite ekspert\" \/>\n<meta property=\"og:description\" content=\"BioOrky mitmeens\u00fc\u00fcmiline pesugeel metsiku orhidee l\u00f5hnaga. Sobib valgele ja v\u00e4rvilisele pesule, eemaldab t\u00f5husalt plekid ja j\u00e4tab v\u00e4rske lillelise aroomi.\" \/>\n<meta property=\"og:url\" content=\"https:\/\/lavanno.com\/en\/toode\/bioorky-pesuaine-ensuumidega-orhidee\/\" \/>\n<meta property=\"og:site_name\" content=\"Lavanno - pesuvahendite ekspert\" \/>\n<meta property=\"article:publisher\" content=\"https:\/\/www.facebook.com\/Lavanno.ee\" \/>\n<meta property=\"article:modified_time\" content=\"2026-05-02T05:25:03+00:00\" \/>\n<meta property=\"og:image\" content=\"https:\/\/lavanno.com\/wp-content\/uploads\/2025\/02\/a39-519bioorky_groupage.png\" \/>\n\t<meta property=\"og:image:width\" content=\"800\" \/>\n\t<meta property=\"og:image:height\" content=\"800\" \/>\n\t<meta property=\"og:image:type\" content=\"image\/png\" \/>\n<meta name=\"twitter:card\" content=\"summary_large_image\" \/>\n<meta name=\"twitter:label1\" content=\"Est. reading time\" \/>\n\t<meta name=\"twitter:data1\" content=\"1 minute\" \/>\n<script type=\"application\/ld+json\" class=\"yoast-schema-graph\">{\"@context\":\"https:\/\/schema.org\",\"@graph\":[{\"@type\":\"WebPage\",\"@id\":\"https:\/\/lavanno.com\/en\/toode\/bioorky-pesuaine-ensuumidega-orhidee\/\",\"url\":\"https:\/\/lavanno.com\/en\/toode\/bioorky-pesuaine-ensuumidega-orhidee\/\",\"name\":\"BioOrky - Pesuaine ens\u00fc\u00fcmidega (Orhidee) - Lavanno - pesuvahendite ekspert\",\"isPartOf\":{\"@id\":\"https:\/\/lavanno.com\/en\/#website\"},\"primaryImageOfPage\":{\"@id\":\"https:\/\/lavanno.com\/en\/toode\/bioorky-pesuaine-ensuumidega-orhidee\/#primaryimage\"},\"image\":{\"@id\":\"https:\/\/lavanno.com\/en\/toode\/bioorky-pesuaine-ensuumidega-orhidee\/#primaryimage\"},\"thumbnailUrl\":\"https:\/\/lavanno.com\/wp-content\/uploads\/2025\/02\/a39-519bioorky_groupage.png\",\"datePublished\":\"2025-02-15T06:34:59+00:00\",\"dateModified\":\"2026-05-02T05:25:03+00:00\",\"description\":\"BioOrky mitmeens\u00fc\u00fcmiline pesugeel metsiku orhidee l\u00f5hnaga. Sobib valgele ja v\u00e4rvilisele pesule, eemaldab t\u00f5husalt plekid ja j\u00e4tab v\u00e4rske lillelise aroomi.\",\"breadcrumb\":{\"@id\":\"https:\/\/lavanno.com\/en\/toode\/bioorky-pesuaine-ensuumidega-orhidee\/#breadcrumb\"},\"inLanguage\":\"en-US\",\"potentialAction\":[{\"@type\":\"ReadAction\",\"target\":[\"https:\/\/lavanno.com\/en\/toode\/bioorky-pesuaine-ensuumidega-orhidee\/\"]}]},{\"@type\":\"ImageObject\",\"inLanguage\":\"en-US\",\"@id\":\"https:\/\/lavanno.com\/en\/toode\/bioorky-pesuaine-ensuumidega-orhidee\/#primaryimage\",\"url\":\"https:\/\/lavanno.com\/wp-content\/uploads\/2025\/02\/a39-519bioorky_groupage.png\",\"contentUrl\":\"https:\/\/lavanno.com\/wp-content\/uploads\/2025\/02\/a39-519bioorky_groupage.png\",\"width\":800,\"height\":800},{\"@type\":\"BreadcrumbList\",\"@id\":\"https:\/\/lavanno.com\/en\/toode\/bioorky-pesuaine-ensuumidega-orhidee\/#breadcrumb\",\"itemListElement\":[{\"@type\":\"ListItem\",\"position\":1,\"name\":\"Home\",\"item\":\"https:\/\/lavanno.com\/en\/\"},{\"@type\":\"ListItem\",\"position\":2,\"name\":\"E-pood\",\"item\":\"https:\/\/lavanno.com\/e-pood\/\"},{\"@type\":\"ListItem\",\"position\":3,\"name\":\"BioOrky &#8211; Pesuaine ens\u00fc\u00fcmidega (Orhidee)\"}]},{\"@type\":\"WebSite\",\"@id\":\"https:\/\/lavanno.com\/en\/#website\",\"url\":\"https:\/\/lavanno.com\/en\/\",\"name\":\"Lavanno - Pesuvahendite ekspert\",\"description\":\"Toome maale ja m\u00fc\u00fcme tekstiili pesuvahendeid, pesumajaseadmeid ja tarvikuid. Hooldame ja konsulteerime.\",\"publisher\":{\"@id\":\"https:\/\/lavanno.com\/en\/#organization\"},\"potentialAction\":[{\"@type\":\"SearchAction\",\"target\":{\"@type\":\"EntryPoint\",\"urlTemplate\":\"https:\/\/lavanno.com\/en\/?s={search_term_string}\"},\"query-input\":{\"@type\":\"PropertyValueSpecification\",\"valueRequired\":true,\"valueName\":\"search_term_string\"}}],\"inLanguage\":\"en-US\"},{\"@type\":\"Organization\",\"@id\":\"https:\/\/lavanno.com\/en\/#organization\",\"name\":\"Lavanno - Pesuvahendite ekspert\",\"url\":\"https:\/\/lavanno.com\/en\/\",\"logo\":{\"@type\":\"ImageObject\",\"inLanguage\":\"en-US\",\"@id\":\"https:\/\/lavanno.com\/en\/#\/schema\/logo\/image\/\",\"url\":\"https:\/\/lavanno.com\/wp-content\/uploads\/2025\/07\/Lavanno.png\",\"contentUrl\":\"https:\/\/lavanno.com\/wp-content\/uploads\/2025\/07\/Lavanno.png\",\"width\":1200,\"height\":1200,\"caption\":\"Lavanno - Pesuvahendite ekspert\"},\"image\":{\"@id\":\"https:\/\/lavanno.com\/en\/#\/schema\/logo\/image\/\"},\"sameAs\":[\"https:\/\/www.facebook.com\/Lavanno.ee\"]}]}<\/script>\n<!-- \/ Yoast SEO plugin. -->","yoast_head_json":{"title":"BioOrky - Pesuaine ens\u00fc\u00fcmidega (Orhidee) - Lavanno - pesuvahendite ekspert","description":"BioOrky mitmeens\u00fc\u00fcmiline pesugeel metsiku orhidee l\u00f5hnaga. Sobib valgele ja v\u00e4rvilisele pesule, eemaldab t\u00f5husalt plekid ja j\u00e4tab v\u00e4rske lillelise aroomi.","robots":{"index":"index","follow":"follow","max-snippet":"max-snippet:-1","max-image-preview":"max-image-preview:large","max-video-preview":"max-video-preview:-1"},"canonical":"https:\/\/lavanno.com\/en\/toode\/bioorky-pesuaine-ensuumidega-orhidee\/","og_locale":"en_US","og_type":"article","og_title":"BioOrky - Pesuaine ens\u00fc\u00fcmidega (Orhidee) - Lavanno - pesuvahendite ekspert","og_description":"BioOrky mitmeens\u00fc\u00fcmiline pesugeel metsiku orhidee l\u00f5hnaga. Sobib valgele ja v\u00e4rvilisele pesule, eemaldab t\u00f5husalt plekid ja j\u00e4tab v\u00e4rske lillelise aroomi.","og_url":"https:\/\/lavanno.com\/en\/toode\/bioorky-pesuaine-ensuumidega-orhidee\/","og_site_name":"Lavanno - pesuvahendite ekspert","article_publisher":"https:\/\/www.facebook.com\/Lavanno.ee","article_modified_time":"2026-05-02T05:25:03+00:00","og_image":[{"width":800,"height":800,"url":"https:\/\/lavanno.com\/wp-content\/uploads\/2025\/02\/a39-519bioorky_groupage.png","type":"image\/png"}],"twitter_card":"summary_large_image","twitter_misc":{"Est. reading time":"1 minute"},"schema":{"@context":"https:\/\/schema.org","@graph":[{"@type":"WebPage","@id":"https:\/\/lavanno.com\/en\/toode\/bioorky-pesuaine-ensuumidega-orhidee\/","url":"https:\/\/lavanno.com\/en\/toode\/bioorky-pesuaine-ensuumidega-orhidee\/","name":"BioOrky - Pesuaine ens\u00fc\u00fcmidega (Orhidee) - Lavanno - pesuvahendite ekspert","isPartOf":{"@id":"https:\/\/lavanno.com\/en\/#website"},"primaryImageOfPage":{"@id":"https:\/\/lavanno.com\/en\/toode\/bioorky-pesuaine-ensuumidega-orhidee\/#primaryimage"},"image":{"@id":"https:\/\/lavanno.com\/en\/toode\/bioorky-pesuaine-ensuumidega-orhidee\/#primaryimage"},"thumbnailUrl":"https:\/\/lavanno.com\/wp-content\/uploads\/2025\/02\/a39-519bioorky_groupage.png","datePublished":"2025-02-15T06:34:59+00:00","dateModified":"2026-05-02T05:25:03+00:00","description":"BioOrky mitmeens\u00fc\u00fcmiline pesugeel metsiku orhidee l\u00f5hnaga. Sobib valgele ja v\u00e4rvilisele pesule, eemaldab t\u00f5husalt plekid ja j\u00e4tab v\u00e4rske lillelise aroomi.","breadcrumb":{"@id":"https:\/\/lavanno.com\/en\/toode\/bioorky-pesuaine-ensuumidega-orhidee\/#breadcrumb"},"inLanguage":"en-US","potentialAction":[{"@type":"ReadAction","target":["https:\/\/lavanno.com\/en\/toode\/bioorky-pesuaine-ensuumidega-orhidee\/"]}]},{"@type":"ImageObject","inLanguage":"en-US","@id":"https:\/\/lavanno.com\/en\/toode\/bioorky-pesuaine-ensuumidega-orhidee\/#primaryimage","url":"https:\/\/lavanno.com\/wp-content\/uploads\/2025\/02\/a39-519bioorky_groupage.png","contentUrl":"https:\/\/lavanno.com\/wp-content\/uploads\/2025\/02\/a39-519bioorky_groupage.png","width":800,"height":800},{"@type":"BreadcrumbList","@id":"https:\/\/lavanno.com\/en\/toode\/bioorky-pesuaine-ensuumidega-orhidee\/#breadcrumb","itemListElement":[{"@type":"ListItem","position":1,"name":"Home","item":"https:\/\/lavanno.com\/en\/"},{"@type":"ListItem","position":2,"name":"E-pood","item":"https:\/\/lavanno.com\/e-pood\/"},{"@type":"ListItem","position":3,"name":"BioOrky &#8211; Pesuaine ens\u00fc\u00fcmidega (Orhidee)"}]},{"@type":"WebSite","@id":"https:\/\/lavanno.com\/en\/#website","url":"https:\/\/lavanno.com\/en\/","name":"Lavanno - Pesuvahendite ekspert","description":"Toome maale ja m\u00fc\u00fcme tekstiili pesuvahendeid, pesumajaseadmeid ja tarvikuid. Hooldame ja konsulteerime.","publisher":{"@id":"https:\/\/lavanno.com\/en\/#organization"},"potentialAction":[{"@type":"SearchAction","target":{"@type":"EntryPoint","urlTemplate":"https:\/\/lavanno.com\/en\/?s={search_term_string}"},"query-input":{"@type":"PropertyValueSpecification","valueRequired":true,"valueName":"search_term_string"}}],"inLanguage":"en-US"},{"@type":"Organization","@id":"https:\/\/lavanno.com\/en\/#organization","name":"Lavanno - Pesuvahendite ekspert","url":"https:\/\/lavanno.com\/en\/","logo":{"@type":"ImageObject","inLanguage":"en-US","@id":"https:\/\/lavanno.com\/en\/#\/schema\/logo\/image\/","url":"https:\/\/lavanno.com\/wp-content\/uploads\/2025\/07\/Lavanno.png","contentUrl":"https:\/\/lavanno.com\/wp-content\/uploads\/2025\/07\/Lavanno.png","width":1200,"height":1200,"caption":"Lavanno - Pesuvahendite ekspert"},"image":{"@id":"https:\/\/lavanno.com\/en\/#\/schema\/logo\/image\/"},"sameAs":["https:\/\/www.facebook.com\/Lavanno.ee"]}]}},"_links":{"self":[{"href":"https:\/\/lavanno.com\/en\/wp-json\/wp\/v2\/product\/6458","targetHints":{"allow":["GET"]}}],"collection":[{"href":"https:\/\/lavanno.com\/en\/wp-json\/wp\/v2\/product"}],"about":[{"href":"https:\/\/lavanno.com\/en\/wp-json\/wp\/v2\/types\/product"}],"replies":[{"embeddable":true,"href":"https:\/\/lavanno.com\/en\/wp-json\/wp\/v2\/comments?post=6458"}],"wp:featuredmedia":[{"embeddable":true,"href":"https:\/\/lavanno.com\/en\/wp-json\/wp\/v2\/media\/6846"}],"wp:attachment":[{"href":"https:\/\/lavanno.com\/en\/wp-json\/wp\/v2\/media?parent=6458"}],"wp:term":[{"taxonomy":"product_brand","embeddable":true,"href":"https:\/\/lavanno.com\/en\/wp-json\/wp\/v2\/product_brand?post=6458"},{"taxonomy":"product_cat","embeddable":true,"href":"https:\/\/lavanno.com\/en\/wp-json\/wp\/v2\/product_cat?post=6458"},{"taxonomy":"product_tag","embeddable":true,"href":"https:\/\/lavanno.com\/en\/wp-json\/wp\/v2\/product_tag?post=6458"}],"curies":[{"name":"wp","href":"https:\/\/api.w.org\/{rel}","templated":true}]}}