{"id":6468,"date":"2025-02-15T08:34:59","date_gmt":"2025-02-15T06:34:59","guid":{"rendered":"https:\/\/lavanno.com\/product\/odorblok-lohna-eemaldaja\/"},"modified":"2026-05-02T14:30:03","modified_gmt":"2026-05-02T11:30:03","slug":"odorblok-lohna-eemaldaja","status":"publish","type":"product","link":"https:\/\/lavanno.com\/en\/toode\/odorblok-lohna-eemaldaja\/","title":{"rendered":"Odorblok &#8211; L\u00f5hna eemaldaja"},"content":{"rendered":"<p><a href=\"https:\/\/lavanno.com\/wp-content\/uploads\/2022\/08\/A32-000Hygienfresh_OdorblokRel5ETSDS.pdf\">Safety Data Sheet<\/a><a href=\"https:\/\/lavanno.com\/wp-content\/uploads\/2021\/05\/A32-000OdorBlokRel3ENTEC.pdf\">Technical Data Sheet<\/a><\/p>\n","protected":false},"excerpt":{"rendered":"<p>Torino \u00dclikoolis testitud revolutsiooniline mitme funktsiooniga kiire ja t\u00f5hus l\u00f5hnaeemaldi.<\/p>\n<p>Selle toote eelised:<\/p>\n<p>Kiire ja t\u00f5hus vahend.<\/p>\n<p>Sobib kasutada k\u00f5ikjal: kardinatel, pr\u00fcgikorvides, kingades, r\u00f5ivastel, loomadega kokkupuutunud r\u00f5ivastel jms.<\/p>\n<p>Neutraliseerib oma erilise koostise t\u00f5ttu igat liiki ja isegi k\u00f5ige p\u00fcsivamad l\u00f5hnad.<\/p>\n<p>Sisaldab kahte innovatiivset molekuli, mis toimivad aktiivselt k\u00f5igi l\u00f5hnade suhtes.<\/p>\n<p>J\u00e4tab riietele v\u00e4rske l\u00f5hna (Note di Pulito parfum).<\/p>\n<p>Ei j\u00e4ta plekke ega vaja edasist t\u00f6\u00f6tlust.<\/p>\n<p>Lihtne ja praktiline kasutada, nii tekstiilidel kui \u00f5hus.<\/p>\n<p>Sobib igat liiki r\u00f5ivastele.<\/p>\n<p>Ei peida l\u00f5hna, vaid eemaldab selle p\u00fcsivalt.<\/p>\n","protected":false},"featured_media":6838,"comment_status":"open","ping_status":"closed","template":"","meta":[],"product_brand":[],"product_cat":[506,541,552,586,584,579,520,551,581,543],"product_tag":[],"class_list":{"0":"post-6468","1":"product","2":"type-product","3":"status-publish","4":"has-post-thumbnail","6":"product_cat-ariklient","7":"product_cat-lohna-neutraliseerijad","8":"product_cat-aripindade-hooldus","9":"product_cat-ruumilohnastajad","10":"product_cat-ohu-ja-kangasvarskendajad","11":"product_cat-kangavarskendajad","12":"product_cat-eraklient","13":"product_cat-koduhooldus-eraklient","14":"product_cat-tekstiili-ja-kodulohnastajad-eraklient","15":"product_cat-pihustatavad-tooted-eraklient","17":"first","18":"instock","19":"taxable","20":"shipping-taxable","21":"purchasable","22":"product-type-variable"},"yoast_head":"<!-- This site is optimized with the Yoast SEO plugin v27.0 - https:\/\/yoast.com\/product\/yoast-seo-wordpress\/ -->\n<title>Odorblok - L\u00f5hna eemaldaja - Lavanno - pesuvahendite ekspert<\/title>\n<meta name=\"robots\" content=\"index, follow, max-snippet:-1, max-image-preview:large, max-video-preview:-1\" \/>\n<link rel=\"canonical\" href=\"https:\/\/lavanno.com\/en\/toode\/odorblok-lohna-eemaldaja\/\" \/>\n<meta property=\"og:locale\" content=\"en_US\" \/>\n<meta property=\"og:type\" content=\"article\" \/>\n<meta property=\"og:title\" content=\"Odorblok - L\u00f5hna eemaldaja - Lavanno - pesuvahendite ekspert\" \/>\n<meta property=\"og:description\" content=\"Torino \u00dclikoolis testitud revolutsiooniline mitme funktsiooniga kiire ja t\u00f5hus l\u00f5hnaeemaldi.  Selle toote eelised: Kiire ja t\u00f5hus vahend. Sobib kasutada k\u00f5ikjal: kardinatel, pr\u00fcgikorvides, kingades, r\u00f5ivastel, loomadega kokkupuutunud r\u00f5ivastel jms. Neutraliseerib oma erilise koostise t\u00f5ttu igat liiki ja isegi k\u00f5ige p\u00fcsivamad l\u00f5hnad. Sisaldab kahte innovatiivset molekuli, mis toimivad aktiivselt k\u00f5igi l\u00f5hnade suhtes. J\u00e4tab riietele v\u00e4rske l\u00f5hna (Note di Pulito parfum). Ei j\u00e4ta plekke ega vaja edasist t\u00f6\u00f6tlust. Lihtne ja praktiline kasutada, nii tekstiilidel kui \u00f5hus. Sobib igat liiki r\u00f5ivastele. Ei peida l\u00f5hna, vaid eemaldab selle p\u00fcsivalt.\" \/>\n<meta property=\"og:url\" content=\"https:\/\/lavanno.com\/en\/toode\/odorblok-lohna-eemaldaja\/\" \/>\n<meta property=\"og:site_name\" content=\"Lavanno - pesuvahendite ekspert\" \/>\n<meta property=\"article:publisher\" content=\"https:\/\/www.facebook.com\/Lavanno.ee\" \/>\n<meta property=\"article:modified_time\" content=\"2026-05-02T11:30:03+00:00\" \/>\n<meta property=\"og:image\" content=\"https:\/\/lavanno.com\/wp-content\/uploads\/2025\/02\/A32-000OdorBlok_Groupage_bollino.png\" \/>\n\t<meta property=\"og:image:width\" content=\"800\" \/>\n\t<meta property=\"og:image:height\" content=\"800\" \/>\n\t<meta property=\"og:image:type\" content=\"image\/png\" \/>\n<meta name=\"twitter:card\" content=\"summary_large_image\" \/>\n<meta name=\"twitter:label1\" content=\"Est. reading time\" \/>\n\t<meta name=\"twitter:data1\" content=\"1 minute\" \/>\n<script type=\"application\/ld+json\" class=\"yoast-schema-graph\">{\"@context\":\"https:\/\/schema.org\",\"@graph\":[{\"@type\":\"WebPage\",\"@id\":\"https:\/\/lavanno.com\/en\/toode\/odorblok-lohna-eemaldaja\/\",\"url\":\"https:\/\/lavanno.com\/en\/toode\/odorblok-lohna-eemaldaja\/\",\"name\":\"Odorblok - L\u00f5hna eemaldaja - Lavanno - pesuvahendite ekspert\",\"isPartOf\":{\"@id\":\"https:\/\/lavanno.com\/en\/#website\"},\"primaryImageOfPage\":{\"@id\":\"https:\/\/lavanno.com\/en\/toode\/odorblok-lohna-eemaldaja\/#primaryimage\"},\"image\":{\"@id\":\"https:\/\/lavanno.com\/en\/toode\/odorblok-lohna-eemaldaja\/#primaryimage\"},\"thumbnailUrl\":\"https:\/\/lavanno.com\/wp-content\/uploads\/2025\/02\/A32-000OdorBlok_Groupage_bollino.png\",\"datePublished\":\"2025-02-15T06:34:59+00:00\",\"dateModified\":\"2026-05-02T11:30:03+00:00\",\"breadcrumb\":{\"@id\":\"https:\/\/lavanno.com\/en\/toode\/odorblok-lohna-eemaldaja\/#breadcrumb\"},\"inLanguage\":\"en-US\",\"potentialAction\":[{\"@type\":\"ReadAction\",\"target\":[\"https:\/\/lavanno.com\/en\/toode\/odorblok-lohna-eemaldaja\/\"]}]},{\"@type\":\"ImageObject\",\"inLanguage\":\"en-US\",\"@id\":\"https:\/\/lavanno.com\/en\/toode\/odorblok-lohna-eemaldaja\/#primaryimage\",\"url\":\"https:\/\/lavanno.com\/wp-content\/uploads\/2025\/02\/A32-000OdorBlok_Groupage_bollino.png\",\"contentUrl\":\"https:\/\/lavanno.com\/wp-content\/uploads\/2025\/02\/A32-000OdorBlok_Groupage_bollino.png\",\"width\":800,\"height\":800},{\"@type\":\"BreadcrumbList\",\"@id\":\"https:\/\/lavanno.com\/en\/toode\/odorblok-lohna-eemaldaja\/#breadcrumb\",\"itemListElement\":[{\"@type\":\"ListItem\",\"position\":1,\"name\":\"Home\",\"item\":\"https:\/\/lavanno.com\/en\/\"},{\"@type\":\"ListItem\",\"position\":2,\"name\":\"E-pood\",\"item\":\"https:\/\/lavanno.com\/e-pood\/\"},{\"@type\":\"ListItem\",\"position\":3,\"name\":\"Odorblok &#8211; L\u00f5hna eemaldaja\"}]},{\"@type\":\"WebSite\",\"@id\":\"https:\/\/lavanno.com\/en\/#website\",\"url\":\"https:\/\/lavanno.com\/en\/\",\"name\":\"Lavanno - Pesuvahendite ekspert\",\"description\":\"Toome maale ja m\u00fc\u00fcme tekstiili pesuvahendeid, pesumajaseadmeid ja tarvikuid. Hooldame ja konsulteerime.\",\"publisher\":{\"@id\":\"https:\/\/lavanno.com\/en\/#organization\"},\"potentialAction\":[{\"@type\":\"SearchAction\",\"target\":{\"@type\":\"EntryPoint\",\"urlTemplate\":\"https:\/\/lavanno.com\/en\/?s={search_term_string}\"},\"query-input\":{\"@type\":\"PropertyValueSpecification\",\"valueRequired\":true,\"valueName\":\"search_term_string\"}}],\"inLanguage\":\"en-US\"},{\"@type\":\"Organization\",\"@id\":\"https:\/\/lavanno.com\/en\/#organization\",\"name\":\"Lavanno - Pesuvahendite ekspert\",\"url\":\"https:\/\/lavanno.com\/en\/\",\"logo\":{\"@type\":\"ImageObject\",\"inLanguage\":\"en-US\",\"@id\":\"https:\/\/lavanno.com\/en\/#\/schema\/logo\/image\/\",\"url\":\"https:\/\/lavanno.com\/wp-content\/uploads\/2025\/07\/Lavanno.png\",\"contentUrl\":\"https:\/\/lavanno.com\/wp-content\/uploads\/2025\/07\/Lavanno.png\",\"width\":1200,\"height\":1200,\"caption\":\"Lavanno - Pesuvahendite ekspert\"},\"image\":{\"@id\":\"https:\/\/lavanno.com\/en\/#\/schema\/logo\/image\/\"},\"sameAs\":[\"https:\/\/www.facebook.com\/Lavanno.ee\"]}]}<\/script>\n<!-- \/ Yoast SEO plugin. -->","yoast_head_json":{"title":"Odorblok - L\u00f5hna eemaldaja - Lavanno - pesuvahendite ekspert","robots":{"index":"index","follow":"follow","max-snippet":"max-snippet:-1","max-image-preview":"max-image-preview:large","max-video-preview":"max-video-preview:-1"},"canonical":"https:\/\/lavanno.com\/en\/toode\/odorblok-lohna-eemaldaja\/","og_locale":"en_US","og_type":"article","og_title":"Odorblok - L\u00f5hna eemaldaja - Lavanno - pesuvahendite ekspert","og_description":"Torino \u00dclikoolis testitud revolutsiooniline mitme funktsiooniga kiire ja t\u00f5hus l\u00f5hnaeemaldi.  Selle toote eelised: Kiire ja t\u00f5hus vahend. Sobib kasutada k\u00f5ikjal: kardinatel, pr\u00fcgikorvides, kingades, r\u00f5ivastel, loomadega kokkupuutunud r\u00f5ivastel jms. Neutraliseerib oma erilise koostise t\u00f5ttu igat liiki ja isegi k\u00f5ige p\u00fcsivamad l\u00f5hnad. Sisaldab kahte innovatiivset molekuli, mis toimivad aktiivselt k\u00f5igi l\u00f5hnade suhtes. J\u00e4tab riietele v\u00e4rske l\u00f5hna (Note di Pulito parfum). Ei j\u00e4ta plekke ega vaja edasist t\u00f6\u00f6tlust. Lihtne ja praktiline kasutada, nii tekstiilidel kui \u00f5hus. Sobib igat liiki r\u00f5ivastele. Ei peida l\u00f5hna, vaid eemaldab selle p\u00fcsivalt.","og_url":"https:\/\/lavanno.com\/en\/toode\/odorblok-lohna-eemaldaja\/","og_site_name":"Lavanno - pesuvahendite ekspert","article_publisher":"https:\/\/www.facebook.com\/Lavanno.ee","article_modified_time":"2026-05-02T11:30:03+00:00","og_image":[{"width":800,"height":800,"url":"https:\/\/lavanno.com\/wp-content\/uploads\/2025\/02\/A32-000OdorBlok_Groupage_bollino.png","type":"image\/png"}],"twitter_card":"summary_large_image","twitter_misc":{"Est. reading time":"1 minute"},"schema":{"@context":"https:\/\/schema.org","@graph":[{"@type":"WebPage","@id":"https:\/\/lavanno.com\/en\/toode\/odorblok-lohna-eemaldaja\/","url":"https:\/\/lavanno.com\/en\/toode\/odorblok-lohna-eemaldaja\/","name":"Odorblok - L\u00f5hna eemaldaja - Lavanno - pesuvahendite ekspert","isPartOf":{"@id":"https:\/\/lavanno.com\/en\/#website"},"primaryImageOfPage":{"@id":"https:\/\/lavanno.com\/en\/toode\/odorblok-lohna-eemaldaja\/#primaryimage"},"image":{"@id":"https:\/\/lavanno.com\/en\/toode\/odorblok-lohna-eemaldaja\/#primaryimage"},"thumbnailUrl":"https:\/\/lavanno.com\/wp-content\/uploads\/2025\/02\/A32-000OdorBlok_Groupage_bollino.png","datePublished":"2025-02-15T06:34:59+00:00","dateModified":"2026-05-02T11:30:03+00:00","breadcrumb":{"@id":"https:\/\/lavanno.com\/en\/toode\/odorblok-lohna-eemaldaja\/#breadcrumb"},"inLanguage":"en-US","potentialAction":[{"@type":"ReadAction","target":["https:\/\/lavanno.com\/en\/toode\/odorblok-lohna-eemaldaja\/"]}]},{"@type":"ImageObject","inLanguage":"en-US","@id":"https:\/\/lavanno.com\/en\/toode\/odorblok-lohna-eemaldaja\/#primaryimage","url":"https:\/\/lavanno.com\/wp-content\/uploads\/2025\/02\/A32-000OdorBlok_Groupage_bollino.png","contentUrl":"https:\/\/lavanno.com\/wp-content\/uploads\/2025\/02\/A32-000OdorBlok_Groupage_bollino.png","width":800,"height":800},{"@type":"BreadcrumbList","@id":"https:\/\/lavanno.com\/en\/toode\/odorblok-lohna-eemaldaja\/#breadcrumb","itemListElement":[{"@type":"ListItem","position":1,"name":"Home","item":"https:\/\/lavanno.com\/en\/"},{"@type":"ListItem","position":2,"name":"E-pood","item":"https:\/\/lavanno.com\/e-pood\/"},{"@type":"ListItem","position":3,"name":"Odorblok &#8211; L\u00f5hna eemaldaja"}]},{"@type":"WebSite","@id":"https:\/\/lavanno.com\/en\/#website","url":"https:\/\/lavanno.com\/en\/","name":"Lavanno - Pesuvahendite ekspert","description":"Toome maale ja m\u00fc\u00fcme tekstiili pesuvahendeid, pesumajaseadmeid ja tarvikuid. Hooldame ja konsulteerime.","publisher":{"@id":"https:\/\/lavanno.com\/en\/#organization"},"potentialAction":[{"@type":"SearchAction","target":{"@type":"EntryPoint","urlTemplate":"https:\/\/lavanno.com\/en\/?s={search_term_string}"},"query-input":{"@type":"PropertyValueSpecification","valueRequired":true,"valueName":"search_term_string"}}],"inLanguage":"en-US"},{"@type":"Organization","@id":"https:\/\/lavanno.com\/en\/#organization","name":"Lavanno - Pesuvahendite ekspert","url":"https:\/\/lavanno.com\/en\/","logo":{"@type":"ImageObject","inLanguage":"en-US","@id":"https:\/\/lavanno.com\/en\/#\/schema\/logo\/image\/","url":"https:\/\/lavanno.com\/wp-content\/uploads\/2025\/07\/Lavanno.png","contentUrl":"https:\/\/lavanno.com\/wp-content\/uploads\/2025\/07\/Lavanno.png","width":1200,"height":1200,"caption":"Lavanno - Pesuvahendite ekspert"},"image":{"@id":"https:\/\/lavanno.com\/en\/#\/schema\/logo\/image\/"},"sameAs":["https:\/\/www.facebook.com\/Lavanno.ee"]}]}},"_links":{"self":[{"href":"https:\/\/lavanno.com\/en\/wp-json\/wp\/v2\/product\/6468","targetHints":{"allow":["GET"]}}],"collection":[{"href":"https:\/\/lavanno.com\/en\/wp-json\/wp\/v2\/product"}],"about":[{"href":"https:\/\/lavanno.com\/en\/wp-json\/wp\/v2\/types\/product"}],"replies":[{"embeddable":true,"href":"https:\/\/lavanno.com\/en\/wp-json\/wp\/v2\/comments?post=6468"}],"wp:featuredmedia":[{"embeddable":true,"href":"https:\/\/lavanno.com\/en\/wp-json\/wp\/v2\/media\/6838"}],"wp:attachment":[{"href":"https:\/\/lavanno.com\/en\/wp-json\/wp\/v2\/media?parent=6468"}],"wp:term":[{"taxonomy":"product_brand","embeddable":true,"href":"https:\/\/lavanno.com\/en\/wp-json\/wp\/v2\/product_brand?post=6468"},{"taxonomy":"product_cat","embeddable":true,"href":"https:\/\/lavanno.com\/en\/wp-json\/wp\/v2\/product_cat?post=6468"},{"taxonomy":"product_tag","embeddable":true,"href":"https:\/\/lavanno.com\/en\/wp-json\/wp\/v2\/product_tag?post=6468"}],"curies":[{"name":"wp","href":"https:\/\/api.w.org\/{rel}","templated":true}]}}