{"id":6514,"date":"2025-02-15T08:35:07","date_gmt":"2025-02-15T06:35:07","guid":{"rendered":"https:\/\/lavanno.com\/product\/d3-paint-plekieemaldusaine-lahusti-pohine\/"},"modified":"2026-05-02T14:30:03","modified_gmt":"2026-05-02T11:30:03","slug":"d3-paint-plekieemaldusaine-lahusti-pohine","status":"publish","type":"product","link":"https:\/\/lavanno.com\/en\/toode\/d3-paint-plekieemaldusaine-lahusti-pohine\/","title":{"rendered":"D3 Paint (plekieemaldusvahend lahusti p\u00f5hine)"},"content":{"rendered":"<p><strong>Spetsifikatsioon<\/strong><\/p>\n<p><strong>Kasutamine<\/strong><\/p>\n<ul>\n<li>Kanna m\u00f5ned tilgad puhast D3 toodet otse plekile.<\/li>\n<li>Lase tootel m\u00f5juda 15\u201330 sekundit ning vajadusel kasuta harja v\u00f5i plekieemaldusluud.<\/li>\n<li>Loputa rohke veega ja kuivata suru\u00f5huga.<\/li>\n<li>Vajadusel korda t\u00f6\u00f6tlemist.<\/li>\n<\/ul>\n<p><strong>Hoiatus!<\/strong><\/p>\n<p>Enne kasutamist testi toodet alati r\u00f5iva varjatud osal, et veenduda selle sobivuses kangale.<\/p>\n<p><strong>Koostisosad\u00a0<\/strong><\/p>\n<p>But\u00fc\u00fclatsetaat, PPG-2 met\u00fc\u00fcleeter, etoks\u00fcleeritud alkoholid C13\u201315, kokamiid DEA, butoks\u00fcdigl\u00fckool, dietanoolamiin.<\/p>\n<p><strong>Funktsioon<\/strong><\/p>\n<p>Plekieemaldusvahend<\/p>\n<p><a href=\"https:\/\/lavanno.com\/wp-content\/uploads\/2025\/09\/A15-050D3_-_VerniceRel6ETSDS.pdf\" target=\"_blank\" rel=\"noopener\">Ohutuskaart<\/a><\/p>\n<p>&nbsp;<\/p>\n","protected":false},"excerpt":{"rendered":"<p>D3 Paint on professionaalne plekieemaldusvahend, mis on m\u00f5eldud <strong>v\u00e4rvi-, liimi-, tindi-, t\u00f5rva-, huulepulga- ja pastapliiatsiplekkide<\/strong> eemaldamiseks nii keemilises puhastuses kui ka vesipesus. Toode on ette n\u00e4htud kasutamiseks eelt\u00f6\u00f6tluses (pre-spotting).<\/p>\n<p>D3 Paint eristub kiire toime poolest, mis aitab v\u00e4ltida pleki laienemist kangal ning v\u00f5imaldab t\u00f5husat ja t\u00e4pset plekieemaldust.<\/p>\n<p>Kuna plekid koosnevad sageli mitmest erinevast komponendist, v\u00f5ib t\u00e4ieliku tulemuse saavutamiseks olla vajalik kasutada rohkem kui \u00fchte toodet. Kui pleki koostis ei ole kindel, soovitatakse alustada D4 Protein plekieemaldajast ning v\u00e4ltida auru kasutamist, et plekk ei kinnistuks kangasse.<\/p>\n","protected":false},"featured_media":6824,"comment_status":"open","ping_status":"closed","template":"","meta":[],"product_brand":[],"product_cat":[506,525,534,514,519,526],"product_tag":[834,835,837,839,840],"class_list":{"0":"post-6514","1":"product","2":"type-product","3":"status-publish","4":"has-post-thumbnail","6":"product_cat-ariklient","7":"product_cat-vesipesuvahendid","8":"product_cat-plekieemaldusvahendid","9":"product_cat-keemiline-puhastus","10":"product_cat-eeltootlus","11":"product_cat-plekieemalduse-vahendid-keemiline-puhastus","12":"product_tag-horeca","13":"product_tag-pesumajad","14":"product_tag-puhastusteenindus","15":"product_tag-tervishoid","16":"product_tag-toostusettevotted","18":"first","19":"instock","20":"taxable","21":"shipping-taxable","22":"purchasable","23":"product-type-variable"},"yoast_head":"<!-- This site is optimized with the Yoast SEO plugin v27.0 - https:\/\/yoast.com\/product\/yoast-seo-wordpress\/ -->\n<title>D3 Paint (plekieemaldusvahend lahusti p\u00f5hine) - Lavanno - pesuvahendite ekspert<\/title>\n<meta name=\"description\" content=\"D3 Paint \u2013 kiire toimega plekieemaldaja v\u00e4rvi, liimi ja tindi plekkide vastu. Professionaalne vahend keemilisepuhastuse ja vesipesu eelt\u00f6\u00f6tluseks.\" \/>\n<meta name=\"robots\" content=\"index, follow, max-snippet:-1, max-image-preview:large, max-video-preview:-1\" \/>\n<link rel=\"canonical\" href=\"https:\/\/lavanno.com\/en\/toode\/d3-paint-plekieemaldusaine-lahusti-pohine\/\" \/>\n<meta property=\"og:locale\" content=\"en_US\" \/>\n<meta property=\"og:type\" content=\"article\" \/>\n<meta property=\"og:title\" content=\"D3 Paint (plekieemaldusvahend lahusti p\u00f5hine) - Lavanno - pesuvahendite ekspert\" \/>\n<meta property=\"og:description\" content=\"D3 Paint \u2013 kiire toimega plekieemaldaja v\u00e4rvi, liimi ja tindi plekkide vastu. Professionaalne vahend keemilisepuhastuse ja vesipesu eelt\u00f6\u00f6tluseks.\" \/>\n<meta property=\"og:url\" content=\"https:\/\/lavanno.com\/en\/toode\/d3-paint-plekieemaldusaine-lahusti-pohine\/\" \/>\n<meta property=\"og:site_name\" content=\"Lavanno - pesuvahendite ekspert\" \/>\n<meta property=\"article:publisher\" content=\"https:\/\/www.facebook.com\/Lavanno.ee\" \/>\n<meta property=\"article:modified_time\" content=\"2026-05-02T11:30:03+00:00\" \/>\n<meta property=\"og:image\" content=\"https:\/\/lavanno.com\/wp-content\/uploads\/2025\/02\/a15-050dd3_1000ml-1.png\" \/>\n\t<meta property=\"og:image:width\" content=\"800\" \/>\n\t<meta property=\"og:image:height\" content=\"800\" \/>\n\t<meta property=\"og:image:type\" content=\"image\/png\" \/>\n<meta name=\"twitter:card\" content=\"summary_large_image\" \/>\n<meta name=\"twitter:label1\" content=\"Est. reading time\" \/>\n\t<meta name=\"twitter:data1\" content=\"1 minute\" \/>\n<script type=\"application\/ld+json\" class=\"yoast-schema-graph\">{\"@context\":\"https:\/\/schema.org\",\"@graph\":[{\"@type\":\"WebPage\",\"@id\":\"https:\/\/lavanno.com\/en\/toode\/d3-paint-plekieemaldusaine-lahusti-pohine\/\",\"url\":\"https:\/\/lavanno.com\/en\/toode\/d3-paint-plekieemaldusaine-lahusti-pohine\/\",\"name\":\"D3 Paint (plekieemaldusvahend lahusti p\u00f5hine) - Lavanno - pesuvahendite ekspert\",\"isPartOf\":{\"@id\":\"https:\/\/lavanno.com\/en\/#website\"},\"primaryImageOfPage\":{\"@id\":\"https:\/\/lavanno.com\/en\/toode\/d3-paint-plekieemaldusaine-lahusti-pohine\/#primaryimage\"},\"image\":{\"@id\":\"https:\/\/lavanno.com\/en\/toode\/d3-paint-plekieemaldusaine-lahusti-pohine\/#primaryimage\"},\"thumbnailUrl\":\"https:\/\/lavanno.com\/wp-content\/uploads\/2025\/02\/a15-050dd3_1000ml-1.png\",\"datePublished\":\"2025-02-15T06:35:07+00:00\",\"dateModified\":\"2026-05-02T11:30:03+00:00\",\"description\":\"D3 Paint \u2013 kiire toimega plekieemaldaja v\u00e4rvi, liimi ja tindi plekkide vastu. Professionaalne vahend keemilisepuhastuse ja vesipesu eelt\u00f6\u00f6tluseks.\",\"breadcrumb\":{\"@id\":\"https:\/\/lavanno.com\/en\/toode\/d3-paint-plekieemaldusaine-lahusti-pohine\/#breadcrumb\"},\"inLanguage\":\"en-US\",\"potentialAction\":[{\"@type\":\"ReadAction\",\"target\":[\"https:\/\/lavanno.com\/en\/toode\/d3-paint-plekieemaldusaine-lahusti-pohine\/\"]}]},{\"@type\":\"ImageObject\",\"inLanguage\":\"en-US\",\"@id\":\"https:\/\/lavanno.com\/en\/toode\/d3-paint-plekieemaldusaine-lahusti-pohine\/#primaryimage\",\"url\":\"https:\/\/lavanno.com\/wp-content\/uploads\/2025\/02\/a15-050dd3_1000ml-1.png\",\"contentUrl\":\"https:\/\/lavanno.com\/wp-content\/uploads\/2025\/02\/a15-050dd3_1000ml-1.png\",\"width\":800,\"height\":800},{\"@type\":\"BreadcrumbList\",\"@id\":\"https:\/\/lavanno.com\/en\/toode\/d3-paint-plekieemaldusaine-lahusti-pohine\/#breadcrumb\",\"itemListElement\":[{\"@type\":\"ListItem\",\"position\":1,\"name\":\"Home\",\"item\":\"https:\/\/lavanno.com\/en\/\"},{\"@type\":\"ListItem\",\"position\":2,\"name\":\"E-pood\",\"item\":\"https:\/\/lavanno.com\/e-pood\/\"},{\"@type\":\"ListItem\",\"position\":3,\"name\":\"D3 Paint (plekieemaldusvahend lahusti p\u00f5hine)\"}]},{\"@type\":\"WebSite\",\"@id\":\"https:\/\/lavanno.com\/en\/#website\",\"url\":\"https:\/\/lavanno.com\/en\/\",\"name\":\"Lavanno - Pesuvahendite ekspert\",\"description\":\"Toome maale ja m\u00fc\u00fcme tekstiili pesuvahendeid, pesumajaseadmeid ja tarvikuid. Hooldame ja konsulteerime.\",\"publisher\":{\"@id\":\"https:\/\/lavanno.com\/en\/#organization\"},\"potentialAction\":[{\"@type\":\"SearchAction\",\"target\":{\"@type\":\"EntryPoint\",\"urlTemplate\":\"https:\/\/lavanno.com\/en\/?s={search_term_string}\"},\"query-input\":{\"@type\":\"PropertyValueSpecification\",\"valueRequired\":true,\"valueName\":\"search_term_string\"}}],\"inLanguage\":\"en-US\"},{\"@type\":\"Organization\",\"@id\":\"https:\/\/lavanno.com\/en\/#organization\",\"name\":\"Lavanno - Pesuvahendite ekspert\",\"url\":\"https:\/\/lavanno.com\/en\/\",\"logo\":{\"@type\":\"ImageObject\",\"inLanguage\":\"en-US\",\"@id\":\"https:\/\/lavanno.com\/en\/#\/schema\/logo\/image\/\",\"url\":\"https:\/\/lavanno.com\/wp-content\/uploads\/2025\/07\/Lavanno.png\",\"contentUrl\":\"https:\/\/lavanno.com\/wp-content\/uploads\/2025\/07\/Lavanno.png\",\"width\":1200,\"height\":1200,\"caption\":\"Lavanno - Pesuvahendite ekspert\"},\"image\":{\"@id\":\"https:\/\/lavanno.com\/en\/#\/schema\/logo\/image\/\"},\"sameAs\":[\"https:\/\/www.facebook.com\/Lavanno.ee\"]}]}<\/script>\n<!-- \/ Yoast SEO plugin. -->","yoast_head_json":{"title":"D3 Paint (plekieemaldusvahend lahusti p\u00f5hine) - Lavanno - pesuvahendite ekspert","description":"D3 Paint \u2013 kiire toimega plekieemaldaja v\u00e4rvi, liimi ja tindi plekkide vastu. Professionaalne vahend keemilisepuhastuse ja vesipesu eelt\u00f6\u00f6tluseks.","robots":{"index":"index","follow":"follow","max-snippet":"max-snippet:-1","max-image-preview":"max-image-preview:large","max-video-preview":"max-video-preview:-1"},"canonical":"https:\/\/lavanno.com\/en\/toode\/d3-paint-plekieemaldusaine-lahusti-pohine\/","og_locale":"en_US","og_type":"article","og_title":"D3 Paint (plekieemaldusvahend lahusti p\u00f5hine) - Lavanno - pesuvahendite ekspert","og_description":"D3 Paint \u2013 kiire toimega plekieemaldaja v\u00e4rvi, liimi ja tindi plekkide vastu. Professionaalne vahend keemilisepuhastuse ja vesipesu eelt\u00f6\u00f6tluseks.","og_url":"https:\/\/lavanno.com\/en\/toode\/d3-paint-plekieemaldusaine-lahusti-pohine\/","og_site_name":"Lavanno - pesuvahendite ekspert","article_publisher":"https:\/\/www.facebook.com\/Lavanno.ee","article_modified_time":"2026-05-02T11:30:03+00:00","og_image":[{"width":800,"height":800,"url":"https:\/\/lavanno.com\/wp-content\/uploads\/2025\/02\/a15-050dd3_1000ml-1.png","type":"image\/png"}],"twitter_card":"summary_large_image","twitter_misc":{"Est. reading time":"1 minute"},"schema":{"@context":"https:\/\/schema.org","@graph":[{"@type":"WebPage","@id":"https:\/\/lavanno.com\/en\/toode\/d3-paint-plekieemaldusaine-lahusti-pohine\/","url":"https:\/\/lavanno.com\/en\/toode\/d3-paint-plekieemaldusaine-lahusti-pohine\/","name":"D3 Paint (plekieemaldusvahend lahusti p\u00f5hine) - Lavanno - pesuvahendite ekspert","isPartOf":{"@id":"https:\/\/lavanno.com\/en\/#website"},"primaryImageOfPage":{"@id":"https:\/\/lavanno.com\/en\/toode\/d3-paint-plekieemaldusaine-lahusti-pohine\/#primaryimage"},"image":{"@id":"https:\/\/lavanno.com\/en\/toode\/d3-paint-plekieemaldusaine-lahusti-pohine\/#primaryimage"},"thumbnailUrl":"https:\/\/lavanno.com\/wp-content\/uploads\/2025\/02\/a15-050dd3_1000ml-1.png","datePublished":"2025-02-15T06:35:07+00:00","dateModified":"2026-05-02T11:30:03+00:00","description":"D3 Paint \u2013 kiire toimega plekieemaldaja v\u00e4rvi, liimi ja tindi plekkide vastu. Professionaalne vahend keemilisepuhastuse ja vesipesu eelt\u00f6\u00f6tluseks.","breadcrumb":{"@id":"https:\/\/lavanno.com\/en\/toode\/d3-paint-plekieemaldusaine-lahusti-pohine\/#breadcrumb"},"inLanguage":"en-US","potentialAction":[{"@type":"ReadAction","target":["https:\/\/lavanno.com\/en\/toode\/d3-paint-plekieemaldusaine-lahusti-pohine\/"]}]},{"@type":"ImageObject","inLanguage":"en-US","@id":"https:\/\/lavanno.com\/en\/toode\/d3-paint-plekieemaldusaine-lahusti-pohine\/#primaryimage","url":"https:\/\/lavanno.com\/wp-content\/uploads\/2025\/02\/a15-050dd3_1000ml-1.png","contentUrl":"https:\/\/lavanno.com\/wp-content\/uploads\/2025\/02\/a15-050dd3_1000ml-1.png","width":800,"height":800},{"@type":"BreadcrumbList","@id":"https:\/\/lavanno.com\/en\/toode\/d3-paint-plekieemaldusaine-lahusti-pohine\/#breadcrumb","itemListElement":[{"@type":"ListItem","position":1,"name":"Home","item":"https:\/\/lavanno.com\/en\/"},{"@type":"ListItem","position":2,"name":"E-pood","item":"https:\/\/lavanno.com\/e-pood\/"},{"@type":"ListItem","position":3,"name":"D3 Paint (plekieemaldusvahend lahusti p\u00f5hine)"}]},{"@type":"WebSite","@id":"https:\/\/lavanno.com\/en\/#website","url":"https:\/\/lavanno.com\/en\/","name":"Lavanno - Pesuvahendite ekspert","description":"Toome maale ja m\u00fc\u00fcme tekstiili pesuvahendeid, pesumajaseadmeid ja tarvikuid. Hooldame ja konsulteerime.","publisher":{"@id":"https:\/\/lavanno.com\/en\/#organization"},"potentialAction":[{"@type":"SearchAction","target":{"@type":"EntryPoint","urlTemplate":"https:\/\/lavanno.com\/en\/?s={search_term_string}"},"query-input":{"@type":"PropertyValueSpecification","valueRequired":true,"valueName":"search_term_string"}}],"inLanguage":"en-US"},{"@type":"Organization","@id":"https:\/\/lavanno.com\/en\/#organization","name":"Lavanno - Pesuvahendite ekspert","url":"https:\/\/lavanno.com\/en\/","logo":{"@type":"ImageObject","inLanguage":"en-US","@id":"https:\/\/lavanno.com\/en\/#\/schema\/logo\/image\/","url":"https:\/\/lavanno.com\/wp-content\/uploads\/2025\/07\/Lavanno.png","contentUrl":"https:\/\/lavanno.com\/wp-content\/uploads\/2025\/07\/Lavanno.png","width":1200,"height":1200,"caption":"Lavanno - Pesuvahendite ekspert"},"image":{"@id":"https:\/\/lavanno.com\/en\/#\/schema\/logo\/image\/"},"sameAs":["https:\/\/www.facebook.com\/Lavanno.ee"]}]}},"_links":{"self":[{"href":"https:\/\/lavanno.com\/en\/wp-json\/wp\/v2\/product\/6514","targetHints":{"allow":["GET"]}}],"collection":[{"href":"https:\/\/lavanno.com\/en\/wp-json\/wp\/v2\/product"}],"about":[{"href":"https:\/\/lavanno.com\/en\/wp-json\/wp\/v2\/types\/product"}],"replies":[{"embeddable":true,"href":"https:\/\/lavanno.com\/en\/wp-json\/wp\/v2\/comments?post=6514"}],"wp:featuredmedia":[{"embeddable":true,"href":"https:\/\/lavanno.com\/en\/wp-json\/wp\/v2\/media\/6824"}],"wp:attachment":[{"href":"https:\/\/lavanno.com\/en\/wp-json\/wp\/v2\/media?parent=6514"}],"wp:term":[{"taxonomy":"product_brand","embeddable":true,"href":"https:\/\/lavanno.com\/en\/wp-json\/wp\/v2\/product_brand?post=6514"},{"taxonomy":"product_cat","embeddable":true,"href":"https:\/\/lavanno.com\/en\/wp-json\/wp\/v2\/product_cat?post=6514"},{"taxonomy":"product_tag","embeddable":true,"href":"https:\/\/lavanno.com\/en\/wp-json\/wp\/v2\/product_tag?post=6514"}],"curies":[{"name":"wp","href":"https:\/\/api.w.org\/{rel}","templated":true}]}}