{"id":6518,"date":"2025-02-15T08:35:07","date_gmt":"2025-02-15T06:35:07","guid":{"rendered":"https:\/\/lavanno.com\/product\/bostitch-terasklambrid-6-mm-5000-tk\/"},"modified":"2026-05-02T08:25:02","modified_gmt":"2026-05-02T05:25:02","slug":"bostitch-terasklambrid-6-mm-5000-tk","status":"publish","type":"product","link":"https:\/\/lavanno.com\/en\/toode\/bostitch-terasklambrid-6-mm-5000-tk\/","title":{"rendered":"Bostitch terasklambrid 6 mm, 5000 tk"},"content":{"rendered":"","protected":false},"excerpt":{"rendered":"<p>Originaalsed Bostitch 6mm klambritel, mis sobivad optimaalselt Bostitch B8P klammerdajaga, on peenelt viimistletud augustuspunktid, mis tagavad maksimaalse l\u00e4bivuse ja on valmistatud k\u00f5rgkvaliteetsest s\u00fcsinikterastraadist, mis v\u00e4hendab deformeerumist ja kiilumist \u2013 5000 klambrit karbis.<\/p>\n","protected":false},"featured_media":6952,"comment_status":"open","ping_status":"closed","template":"","meta":[],"product_brand":[],"product_cat":[506,512,598],"product_tag":[],"class_list":{"0":"post-6518","1":"product","2":"type-product","3":"status-publish","4":"has-post-thumbnail","6":"product_cat-ariklient","7":"product_cat-tarvikud-ja-seadmed","8":"product_cat-markeerimisvahendid","10":"first","11":"instock","12":"taxable","13":"shipping-taxable","14":"purchasable","15":"product-type-simple"},"yoast_head":"<!-- This site is optimized with the Yoast SEO plugin v27.0 - https:\/\/yoast.com\/product\/yoast-seo-wordpress\/ -->\n<title>Bostitch terasklambrid 6 mm, 5000 tk - Lavanno - pesuvahendite ekspert<\/title>\n<meta name=\"robots\" content=\"index, follow, max-snippet:-1, max-image-preview:large, max-video-preview:-1\" \/>\n<link rel=\"canonical\" href=\"https:\/\/lavanno.com\/en\/toode\/bostitch-terasklambrid-6-mm-5000-tk\/\" \/>\n<meta property=\"og:locale\" content=\"en_US\" \/>\n<meta property=\"og:type\" content=\"article\" \/>\n<meta property=\"og:title\" content=\"Bostitch terasklambrid 6 mm, 5000 tk - Lavanno - pesuvahendite ekspert\" \/>\n<meta property=\"og:description\" content=\"Originaalsed Bostitch 6mm klambritel, mis sobivad optimaalselt Bostitch B8P klammerdajaga, on peenelt viimistletud augustuspunktid, mis tagavad maksimaalse l\u00e4bivuse ja on valmistatud k\u00f5rgkvaliteetsest s\u00fcsinikterastraadist, mis v\u00e4hendab deformeerumist ja kiilumist \u2013 5000 klambrit karbis.\" \/>\n<meta property=\"og:url\" content=\"https:\/\/lavanno.com\/en\/toode\/bostitch-terasklambrid-6-mm-5000-tk\/\" \/>\n<meta property=\"og:site_name\" content=\"Lavanno - pesuvahendite ekspert\" \/>\n<meta property=\"article:publisher\" content=\"https:\/\/www.facebook.com\/Lavanno.ee\" \/>\n<meta property=\"article:modified_time\" content=\"2026-05-02T05:25:02+00:00\" \/>\n<meta property=\"og:image\" content=\"https:\/\/lavanno.com\/wp-content\/uploads\/2025\/02\/b04-035punti_bostitch_6mm_blue-1.png\" \/>\n\t<meta property=\"og:image:width\" content=\"800\" \/>\n\t<meta property=\"og:image:height\" content=\"800\" \/>\n\t<meta property=\"og:image:type\" content=\"image\/png\" \/>\n<meta name=\"twitter:card\" content=\"summary_large_image\" \/>\n<script type=\"application\/ld+json\" class=\"yoast-schema-graph\">{\"@context\":\"https:\/\/schema.org\",\"@graph\":[{\"@type\":\"WebPage\",\"@id\":\"https:\/\/lavanno.com\/en\/toode\/bostitch-terasklambrid-6-mm-5000-tk\/\",\"url\":\"https:\/\/lavanno.com\/en\/toode\/bostitch-terasklambrid-6-mm-5000-tk\/\",\"name\":\"Bostitch terasklambrid 6 mm, 5000 tk - Lavanno - pesuvahendite ekspert\",\"isPartOf\":{\"@id\":\"https:\/\/lavanno.com\/en\/#website\"},\"primaryImageOfPage\":{\"@id\":\"https:\/\/lavanno.com\/en\/toode\/bostitch-terasklambrid-6-mm-5000-tk\/#primaryimage\"},\"image\":{\"@id\":\"https:\/\/lavanno.com\/en\/toode\/bostitch-terasklambrid-6-mm-5000-tk\/#primaryimage\"},\"thumbnailUrl\":\"https:\/\/lavanno.com\/wp-content\/uploads\/2025\/02\/b04-035punti_bostitch_6mm_blue-1.png\",\"datePublished\":\"2025-02-15T06:35:07+00:00\",\"dateModified\":\"2026-05-02T05:25:02+00:00\",\"breadcrumb\":{\"@id\":\"https:\/\/lavanno.com\/en\/toode\/bostitch-terasklambrid-6-mm-5000-tk\/#breadcrumb\"},\"inLanguage\":\"en-US\",\"potentialAction\":[{\"@type\":\"ReadAction\",\"target\":[\"https:\/\/lavanno.com\/en\/toode\/bostitch-terasklambrid-6-mm-5000-tk\/\"]}]},{\"@type\":\"ImageObject\",\"inLanguage\":\"en-US\",\"@id\":\"https:\/\/lavanno.com\/en\/toode\/bostitch-terasklambrid-6-mm-5000-tk\/#primaryimage\",\"url\":\"https:\/\/lavanno.com\/wp-content\/uploads\/2025\/02\/b04-035punti_bostitch_6mm_blue-1.png\",\"contentUrl\":\"https:\/\/lavanno.com\/wp-content\/uploads\/2025\/02\/b04-035punti_bostitch_6mm_blue-1.png\",\"width\":800,\"height\":800},{\"@type\":\"BreadcrumbList\",\"@id\":\"https:\/\/lavanno.com\/en\/toode\/bostitch-terasklambrid-6-mm-5000-tk\/#breadcrumb\",\"itemListElement\":[{\"@type\":\"ListItem\",\"position\":1,\"name\":\"Home\",\"item\":\"https:\/\/lavanno.com\/en\/\"},{\"@type\":\"ListItem\",\"position\":2,\"name\":\"E-pood\",\"item\":\"https:\/\/lavanno.com\/e-pood\/\"},{\"@type\":\"ListItem\",\"position\":3,\"name\":\"Bostitch terasklambrid 6 mm, 5000 tk\"}]},{\"@type\":\"WebSite\",\"@id\":\"https:\/\/lavanno.com\/en\/#website\",\"url\":\"https:\/\/lavanno.com\/en\/\",\"name\":\"Lavanno - Pesuvahendite ekspert\",\"description\":\"Toome maale ja m\u00fc\u00fcme tekstiili pesuvahendeid, pesumajaseadmeid ja tarvikuid. Hooldame ja konsulteerime.\",\"publisher\":{\"@id\":\"https:\/\/lavanno.com\/en\/#organization\"},\"potentialAction\":[{\"@type\":\"SearchAction\",\"target\":{\"@type\":\"EntryPoint\",\"urlTemplate\":\"https:\/\/lavanno.com\/en\/?s={search_term_string}\"},\"query-input\":{\"@type\":\"PropertyValueSpecification\",\"valueRequired\":true,\"valueName\":\"search_term_string\"}}],\"inLanguage\":\"en-US\"},{\"@type\":\"Organization\",\"@id\":\"https:\/\/lavanno.com\/en\/#organization\",\"name\":\"Lavanno - Pesuvahendite ekspert\",\"url\":\"https:\/\/lavanno.com\/en\/\",\"logo\":{\"@type\":\"ImageObject\",\"inLanguage\":\"en-US\",\"@id\":\"https:\/\/lavanno.com\/en\/#\/schema\/logo\/image\/\",\"url\":\"https:\/\/lavanno.com\/wp-content\/uploads\/2025\/07\/Lavanno.png\",\"contentUrl\":\"https:\/\/lavanno.com\/wp-content\/uploads\/2025\/07\/Lavanno.png\",\"width\":1200,\"height\":1200,\"caption\":\"Lavanno - Pesuvahendite ekspert\"},\"image\":{\"@id\":\"https:\/\/lavanno.com\/en\/#\/schema\/logo\/image\/\"},\"sameAs\":[\"https:\/\/www.facebook.com\/Lavanno.ee\"]}]}<\/script>\n<!-- \/ Yoast SEO plugin. -->","yoast_head_json":{"title":"Bostitch terasklambrid 6 mm, 5000 tk - Lavanno - pesuvahendite ekspert","robots":{"index":"index","follow":"follow","max-snippet":"max-snippet:-1","max-image-preview":"max-image-preview:large","max-video-preview":"max-video-preview:-1"},"canonical":"https:\/\/lavanno.com\/en\/toode\/bostitch-terasklambrid-6-mm-5000-tk\/","og_locale":"en_US","og_type":"article","og_title":"Bostitch terasklambrid 6 mm, 5000 tk - Lavanno - pesuvahendite ekspert","og_description":"Originaalsed Bostitch 6mm klambritel, mis sobivad optimaalselt Bostitch B8P klammerdajaga, on peenelt viimistletud augustuspunktid, mis tagavad maksimaalse l\u00e4bivuse ja on valmistatud k\u00f5rgkvaliteetsest s\u00fcsinikterastraadist, mis v\u00e4hendab deformeerumist ja kiilumist \u2013 5000 klambrit karbis.","og_url":"https:\/\/lavanno.com\/en\/toode\/bostitch-terasklambrid-6-mm-5000-tk\/","og_site_name":"Lavanno - pesuvahendite ekspert","article_publisher":"https:\/\/www.facebook.com\/Lavanno.ee","article_modified_time":"2026-05-02T05:25:02+00:00","og_image":[{"width":800,"height":800,"url":"https:\/\/lavanno.com\/wp-content\/uploads\/2025\/02\/b04-035punti_bostitch_6mm_blue-1.png","type":"image\/png"}],"twitter_card":"summary_large_image","schema":{"@context":"https:\/\/schema.org","@graph":[{"@type":"WebPage","@id":"https:\/\/lavanno.com\/en\/toode\/bostitch-terasklambrid-6-mm-5000-tk\/","url":"https:\/\/lavanno.com\/en\/toode\/bostitch-terasklambrid-6-mm-5000-tk\/","name":"Bostitch terasklambrid 6 mm, 5000 tk - Lavanno - pesuvahendite ekspert","isPartOf":{"@id":"https:\/\/lavanno.com\/en\/#website"},"primaryImageOfPage":{"@id":"https:\/\/lavanno.com\/en\/toode\/bostitch-terasklambrid-6-mm-5000-tk\/#primaryimage"},"image":{"@id":"https:\/\/lavanno.com\/en\/toode\/bostitch-terasklambrid-6-mm-5000-tk\/#primaryimage"},"thumbnailUrl":"https:\/\/lavanno.com\/wp-content\/uploads\/2025\/02\/b04-035punti_bostitch_6mm_blue-1.png","datePublished":"2025-02-15T06:35:07+00:00","dateModified":"2026-05-02T05:25:02+00:00","breadcrumb":{"@id":"https:\/\/lavanno.com\/en\/toode\/bostitch-terasklambrid-6-mm-5000-tk\/#breadcrumb"},"inLanguage":"en-US","potentialAction":[{"@type":"ReadAction","target":["https:\/\/lavanno.com\/en\/toode\/bostitch-terasklambrid-6-mm-5000-tk\/"]}]},{"@type":"ImageObject","inLanguage":"en-US","@id":"https:\/\/lavanno.com\/en\/toode\/bostitch-terasklambrid-6-mm-5000-tk\/#primaryimage","url":"https:\/\/lavanno.com\/wp-content\/uploads\/2025\/02\/b04-035punti_bostitch_6mm_blue-1.png","contentUrl":"https:\/\/lavanno.com\/wp-content\/uploads\/2025\/02\/b04-035punti_bostitch_6mm_blue-1.png","width":800,"height":800},{"@type":"BreadcrumbList","@id":"https:\/\/lavanno.com\/en\/toode\/bostitch-terasklambrid-6-mm-5000-tk\/#breadcrumb","itemListElement":[{"@type":"ListItem","position":1,"name":"Home","item":"https:\/\/lavanno.com\/en\/"},{"@type":"ListItem","position":2,"name":"E-pood","item":"https:\/\/lavanno.com\/e-pood\/"},{"@type":"ListItem","position":3,"name":"Bostitch terasklambrid 6 mm, 5000 tk"}]},{"@type":"WebSite","@id":"https:\/\/lavanno.com\/en\/#website","url":"https:\/\/lavanno.com\/en\/","name":"Lavanno - Pesuvahendite ekspert","description":"Toome maale ja m\u00fc\u00fcme tekstiili pesuvahendeid, pesumajaseadmeid ja tarvikuid. Hooldame ja konsulteerime.","publisher":{"@id":"https:\/\/lavanno.com\/en\/#organization"},"potentialAction":[{"@type":"SearchAction","target":{"@type":"EntryPoint","urlTemplate":"https:\/\/lavanno.com\/en\/?s={search_term_string}"},"query-input":{"@type":"PropertyValueSpecification","valueRequired":true,"valueName":"search_term_string"}}],"inLanguage":"en-US"},{"@type":"Organization","@id":"https:\/\/lavanno.com\/en\/#organization","name":"Lavanno - Pesuvahendite ekspert","url":"https:\/\/lavanno.com\/en\/","logo":{"@type":"ImageObject","inLanguage":"en-US","@id":"https:\/\/lavanno.com\/en\/#\/schema\/logo\/image\/","url":"https:\/\/lavanno.com\/wp-content\/uploads\/2025\/07\/Lavanno.png","contentUrl":"https:\/\/lavanno.com\/wp-content\/uploads\/2025\/07\/Lavanno.png","width":1200,"height":1200,"caption":"Lavanno - Pesuvahendite ekspert"},"image":{"@id":"https:\/\/lavanno.com\/en\/#\/schema\/logo\/image\/"},"sameAs":["https:\/\/www.facebook.com\/Lavanno.ee"]}]}},"_links":{"self":[{"href":"https:\/\/lavanno.com\/en\/wp-json\/wp\/v2\/product\/6518","targetHints":{"allow":["GET"]}}],"collection":[{"href":"https:\/\/lavanno.com\/en\/wp-json\/wp\/v2\/product"}],"about":[{"href":"https:\/\/lavanno.com\/en\/wp-json\/wp\/v2\/types\/product"}],"replies":[{"embeddable":true,"href":"https:\/\/lavanno.com\/en\/wp-json\/wp\/v2\/comments?post=6518"}],"wp:featuredmedia":[{"embeddable":true,"href":"https:\/\/lavanno.com\/en\/wp-json\/wp\/v2\/media\/6952"}],"wp:attachment":[{"href":"https:\/\/lavanno.com\/en\/wp-json\/wp\/v2\/media?parent=6518"}],"wp:term":[{"taxonomy":"product_brand","embeddable":true,"href":"https:\/\/lavanno.com\/en\/wp-json\/wp\/v2\/product_brand?post=6518"},{"taxonomy":"product_cat","embeddable":true,"href":"https:\/\/lavanno.com\/en\/wp-json\/wp\/v2\/product_cat?post=6518"},{"taxonomy":"product_tag","embeddable":true,"href":"https:\/\/lavanno.com\/en\/wp-json\/wp\/v2\/product_tag?post=6518"}],"curies":[{"name":"wp","href":"https:\/\/api.w.org\/{rel}","templated":true}]}}