{"id":6527,"date":"2025-02-15T08:35:07","date_gmt":"2025-02-15T06:35:07","guid":{"rendered":"https:\/\/lavanno.com\/product\/duvet-delicate-wool-uhekordne-annus-100tk\/"},"modified":"2026-05-02T14:30:02","modified_gmt":"2026-05-02T11:30:02","slug":"duvet-delicate-wool-uhekordne-annus-100tk","status":"publish","type":"product","link":"https:\/\/lavanno.com\/en\/toode\/duvet-delicate-wool-uhekordne-annus-100tk\/","title":{"rendered":"Duvet, Delicate, Wool &#8211; \u00fchekordne annus 100tk"},"content":{"rendered":"<p><a href=\"https:\/\/lavanno.com\/wp-content\/uploads\/2022\/08\/A39-612Piuma_Delicati_e_Lana_-Detergente_MonodoseRel1ENSDS.pdf\">Safety Data Sheet<\/a><\/br><a href=\"https:\/\/lavanno.com\/wp-content\/uploads\/2021\/05\/A39-612Piuma_Delicati_Lana_SingledoseRel1ENTEC.pdf\">Technical Data Sheet<\/a><\/p>\n","protected":false},"excerpt":{"rendered":"<p>Vedelpesuaine \u00f5rnale, villasele ja sulgedega pesule, nt. tekid, joped jms. Sellel on rasva eemaldav ja antistaatiline toime.<br \/>100x100ml karbid<\/p>\n<p><\/p>\n<ul><\/p>\n<li>Eemaldab suurep\u00e4raselt rasva ka madalal temperatuuril<\/li>\n<p><\/p>\n<li>V\u00e4rvide ja r\u00f5ivaste suhtes \u00f5rna toimega<\/li>\n<p><\/p>\n<li>Viltimisvastase toimega<\/li>\n<p><\/p>\n<li>See sisaldab pol\u00fcmeere, mis kaitsevad sulgi ja aitavad nende kohevust taastada<\/li>\n<p><\/p>\n<li>Puhvertehnoloogia v\u00e4ldib doseerimisvigu ja s\u00e4ilitab \u00f5iged pesemise parameetrid<\/li>\n<p><\/p>\n<li>See puhastab ja v\u00e4ldib sulgede kahjustamist<\/li>\n<p>\n <\/ul>\n","protected":false},"featured_media":6850,"comment_status":"open","ping_status":"closed","template":"","meta":[],"product_brand":[],"product_cat":[506,525,546,564],"product_tag":[],"class_list":{"0":"post-6527","1":"product","2":"type-product","3":"status-publish","4":"has-post-thumbnail","6":"product_cat-ariklient","7":"product_cat-vesipesuvahendid","8":"product_cat-pesuained","9":"product_cat-orna-toimega-pesuvahendid","11":"first","12":"instock","13":"taxable","14":"shipping-taxable","15":"purchasable","16":"product-type-simple"},"yoast_head":"<!-- This site is optimized with the Yoast SEO plugin v27.0 - https:\/\/yoast.com\/product\/yoast-seo-wordpress\/ -->\n<title>Duvet, Delicate, Wool - \u00fchekordne annus 100tk - Lavanno - pesuvahendite ekspert<\/title>\n<meta name=\"robots\" content=\"index, follow, max-snippet:-1, max-image-preview:large, max-video-preview:-1\" \/>\n<link rel=\"canonical\" href=\"https:\/\/lavanno.com\/en\/toode\/duvet-delicate-wool-uhekordne-annus-100tk\/\" \/>\n<meta property=\"og:locale\" content=\"en_US\" \/>\n<meta property=\"og:type\" content=\"article\" \/>\n<meta property=\"og:title\" content=\"Duvet, Delicate, Wool - \u00fchekordne annus 100tk - Lavanno - pesuvahendite ekspert\" \/>\n<meta property=\"og:description\" content=\"Vedelpesuaine \u00f5rnale, villasele ja sulgedega pesule, nt. tekid, joped jms. Sellel on rasva eemaldav ja antistaatiline toime.100x100ml karbid  Eemaldab suurep\u00e4raselt rasva ka madalal temperatuuril V\u00e4rvide ja r\u00f5ivaste suhtes \u00f5rna toimega Viltimisvastase toimega See sisaldab pol\u00fcmeere, mis kaitsevad sulgi ja aitavad nende kohevust taastada Puhvertehnoloogia v\u00e4ldib doseerimisvigu ja s\u00e4ilitab \u00f5iged pesemise parameetrid See puhastab ja v\u00e4ldib sulgede kahjustamist\" \/>\n<meta property=\"og:url\" content=\"https:\/\/lavanno.com\/en\/toode\/duvet-delicate-wool-uhekordne-annus-100tk\/\" \/>\n<meta property=\"og:site_name\" content=\"Lavanno - pesuvahendite ekspert\" \/>\n<meta property=\"article:publisher\" content=\"https:\/\/www.facebook.com\/Lavanno.ee\" \/>\n<meta property=\"article:modified_time\" content=\"2026-05-02T11:30:02+00:00\" \/>\n<meta property=\"og:image\" content=\"https:\/\/lavanno.com\/wp-content\/uploads\/2025\/02\/a39-612monodose_piumadelicatilana-1.png\" \/>\n\t<meta property=\"og:image:width\" content=\"800\" \/>\n\t<meta property=\"og:image:height\" content=\"800\" \/>\n\t<meta property=\"og:image:type\" content=\"image\/png\" \/>\n<meta name=\"twitter:card\" content=\"summary_large_image\" \/>\n<script type=\"application\/ld+json\" class=\"yoast-schema-graph\">{\"@context\":\"https:\/\/schema.org\",\"@graph\":[{\"@type\":\"WebPage\",\"@id\":\"https:\/\/lavanno.com\/en\/toode\/duvet-delicate-wool-uhekordne-annus-100tk\/\",\"url\":\"https:\/\/lavanno.com\/en\/toode\/duvet-delicate-wool-uhekordne-annus-100tk\/\",\"name\":\"Duvet, Delicate, Wool - \u00fchekordne annus 100tk - Lavanno - pesuvahendite ekspert\",\"isPartOf\":{\"@id\":\"https:\/\/lavanno.com\/en\/#website\"},\"primaryImageOfPage\":{\"@id\":\"https:\/\/lavanno.com\/en\/toode\/duvet-delicate-wool-uhekordne-annus-100tk\/#primaryimage\"},\"image\":{\"@id\":\"https:\/\/lavanno.com\/en\/toode\/duvet-delicate-wool-uhekordne-annus-100tk\/#primaryimage\"},\"thumbnailUrl\":\"https:\/\/lavanno.com\/wp-content\/uploads\/2025\/02\/a39-612monodose_piumadelicatilana-1.png\",\"datePublished\":\"2025-02-15T06:35:07+00:00\",\"dateModified\":\"2026-05-02T11:30:02+00:00\",\"breadcrumb\":{\"@id\":\"https:\/\/lavanno.com\/en\/toode\/duvet-delicate-wool-uhekordne-annus-100tk\/#breadcrumb\"},\"inLanguage\":\"en-US\",\"potentialAction\":[{\"@type\":\"ReadAction\",\"target\":[\"https:\/\/lavanno.com\/en\/toode\/duvet-delicate-wool-uhekordne-annus-100tk\/\"]}]},{\"@type\":\"ImageObject\",\"inLanguage\":\"en-US\",\"@id\":\"https:\/\/lavanno.com\/en\/toode\/duvet-delicate-wool-uhekordne-annus-100tk\/#primaryimage\",\"url\":\"https:\/\/lavanno.com\/wp-content\/uploads\/2025\/02\/a39-612monodose_piumadelicatilana-1.png\",\"contentUrl\":\"https:\/\/lavanno.com\/wp-content\/uploads\/2025\/02\/a39-612monodose_piumadelicatilana-1.png\",\"width\":800,\"height\":800},{\"@type\":\"BreadcrumbList\",\"@id\":\"https:\/\/lavanno.com\/en\/toode\/duvet-delicate-wool-uhekordne-annus-100tk\/#breadcrumb\",\"itemListElement\":[{\"@type\":\"ListItem\",\"position\":1,\"name\":\"Home\",\"item\":\"https:\/\/lavanno.com\/en\/\"},{\"@type\":\"ListItem\",\"position\":2,\"name\":\"E-pood\",\"item\":\"https:\/\/lavanno.com\/e-pood\/\"},{\"@type\":\"ListItem\",\"position\":3,\"name\":\"Duvet, Delicate, Wool &#8211; \u00fchekordne annus 100tk\"}]},{\"@type\":\"WebSite\",\"@id\":\"https:\/\/lavanno.com\/en\/#website\",\"url\":\"https:\/\/lavanno.com\/en\/\",\"name\":\"Lavanno - Pesuvahendite ekspert\",\"description\":\"Toome maale ja m\u00fc\u00fcme tekstiili pesuvahendeid, pesumajaseadmeid ja tarvikuid. Hooldame ja konsulteerime.\",\"publisher\":{\"@id\":\"https:\/\/lavanno.com\/en\/#organization\"},\"potentialAction\":[{\"@type\":\"SearchAction\",\"target\":{\"@type\":\"EntryPoint\",\"urlTemplate\":\"https:\/\/lavanno.com\/en\/?s={search_term_string}\"},\"query-input\":{\"@type\":\"PropertyValueSpecification\",\"valueRequired\":true,\"valueName\":\"search_term_string\"}}],\"inLanguage\":\"en-US\"},{\"@type\":\"Organization\",\"@id\":\"https:\/\/lavanno.com\/en\/#organization\",\"name\":\"Lavanno - Pesuvahendite ekspert\",\"url\":\"https:\/\/lavanno.com\/en\/\",\"logo\":{\"@type\":\"ImageObject\",\"inLanguage\":\"en-US\",\"@id\":\"https:\/\/lavanno.com\/en\/#\/schema\/logo\/image\/\",\"url\":\"https:\/\/lavanno.com\/wp-content\/uploads\/2025\/07\/Lavanno.png\",\"contentUrl\":\"https:\/\/lavanno.com\/wp-content\/uploads\/2025\/07\/Lavanno.png\",\"width\":1200,\"height\":1200,\"caption\":\"Lavanno - Pesuvahendite ekspert\"},\"image\":{\"@id\":\"https:\/\/lavanno.com\/en\/#\/schema\/logo\/image\/\"},\"sameAs\":[\"https:\/\/www.facebook.com\/Lavanno.ee\"]}]}<\/script>\n<!-- \/ Yoast SEO plugin. -->","yoast_head_json":{"title":"Duvet, Delicate, Wool - \u00fchekordne annus 100tk - Lavanno - pesuvahendite ekspert","robots":{"index":"index","follow":"follow","max-snippet":"max-snippet:-1","max-image-preview":"max-image-preview:large","max-video-preview":"max-video-preview:-1"},"canonical":"https:\/\/lavanno.com\/en\/toode\/duvet-delicate-wool-uhekordne-annus-100tk\/","og_locale":"en_US","og_type":"article","og_title":"Duvet, Delicate, Wool - \u00fchekordne annus 100tk - Lavanno - pesuvahendite ekspert","og_description":"Vedelpesuaine \u00f5rnale, villasele ja sulgedega pesule, nt. tekid, joped jms. Sellel on rasva eemaldav ja antistaatiline toime.100x100ml karbid  Eemaldab suurep\u00e4raselt rasva ka madalal temperatuuril V\u00e4rvide ja r\u00f5ivaste suhtes \u00f5rna toimega Viltimisvastase toimega See sisaldab pol\u00fcmeere, mis kaitsevad sulgi ja aitavad nende kohevust taastada Puhvertehnoloogia v\u00e4ldib doseerimisvigu ja s\u00e4ilitab \u00f5iged pesemise parameetrid See puhastab ja v\u00e4ldib sulgede kahjustamist","og_url":"https:\/\/lavanno.com\/en\/toode\/duvet-delicate-wool-uhekordne-annus-100tk\/","og_site_name":"Lavanno - pesuvahendite ekspert","article_publisher":"https:\/\/www.facebook.com\/Lavanno.ee","article_modified_time":"2026-05-02T11:30:02+00:00","og_image":[{"width":800,"height":800,"url":"https:\/\/lavanno.com\/wp-content\/uploads\/2025\/02\/a39-612monodose_piumadelicatilana-1.png","type":"image\/png"}],"twitter_card":"summary_large_image","schema":{"@context":"https:\/\/schema.org","@graph":[{"@type":"WebPage","@id":"https:\/\/lavanno.com\/en\/toode\/duvet-delicate-wool-uhekordne-annus-100tk\/","url":"https:\/\/lavanno.com\/en\/toode\/duvet-delicate-wool-uhekordne-annus-100tk\/","name":"Duvet, Delicate, Wool - \u00fchekordne annus 100tk - Lavanno - pesuvahendite ekspert","isPartOf":{"@id":"https:\/\/lavanno.com\/en\/#website"},"primaryImageOfPage":{"@id":"https:\/\/lavanno.com\/en\/toode\/duvet-delicate-wool-uhekordne-annus-100tk\/#primaryimage"},"image":{"@id":"https:\/\/lavanno.com\/en\/toode\/duvet-delicate-wool-uhekordne-annus-100tk\/#primaryimage"},"thumbnailUrl":"https:\/\/lavanno.com\/wp-content\/uploads\/2025\/02\/a39-612monodose_piumadelicatilana-1.png","datePublished":"2025-02-15T06:35:07+00:00","dateModified":"2026-05-02T11:30:02+00:00","breadcrumb":{"@id":"https:\/\/lavanno.com\/en\/toode\/duvet-delicate-wool-uhekordne-annus-100tk\/#breadcrumb"},"inLanguage":"en-US","potentialAction":[{"@type":"ReadAction","target":["https:\/\/lavanno.com\/en\/toode\/duvet-delicate-wool-uhekordne-annus-100tk\/"]}]},{"@type":"ImageObject","inLanguage":"en-US","@id":"https:\/\/lavanno.com\/en\/toode\/duvet-delicate-wool-uhekordne-annus-100tk\/#primaryimage","url":"https:\/\/lavanno.com\/wp-content\/uploads\/2025\/02\/a39-612monodose_piumadelicatilana-1.png","contentUrl":"https:\/\/lavanno.com\/wp-content\/uploads\/2025\/02\/a39-612monodose_piumadelicatilana-1.png","width":800,"height":800},{"@type":"BreadcrumbList","@id":"https:\/\/lavanno.com\/en\/toode\/duvet-delicate-wool-uhekordne-annus-100tk\/#breadcrumb","itemListElement":[{"@type":"ListItem","position":1,"name":"Home","item":"https:\/\/lavanno.com\/en\/"},{"@type":"ListItem","position":2,"name":"E-pood","item":"https:\/\/lavanno.com\/e-pood\/"},{"@type":"ListItem","position":3,"name":"Duvet, Delicate, Wool &#8211; \u00fchekordne annus 100tk"}]},{"@type":"WebSite","@id":"https:\/\/lavanno.com\/en\/#website","url":"https:\/\/lavanno.com\/en\/","name":"Lavanno - Pesuvahendite ekspert","description":"Toome maale ja m\u00fc\u00fcme tekstiili pesuvahendeid, pesumajaseadmeid ja tarvikuid. Hooldame ja konsulteerime.","publisher":{"@id":"https:\/\/lavanno.com\/en\/#organization"},"potentialAction":[{"@type":"SearchAction","target":{"@type":"EntryPoint","urlTemplate":"https:\/\/lavanno.com\/en\/?s={search_term_string}"},"query-input":{"@type":"PropertyValueSpecification","valueRequired":true,"valueName":"search_term_string"}}],"inLanguage":"en-US"},{"@type":"Organization","@id":"https:\/\/lavanno.com\/en\/#organization","name":"Lavanno - Pesuvahendite ekspert","url":"https:\/\/lavanno.com\/en\/","logo":{"@type":"ImageObject","inLanguage":"en-US","@id":"https:\/\/lavanno.com\/en\/#\/schema\/logo\/image\/","url":"https:\/\/lavanno.com\/wp-content\/uploads\/2025\/07\/Lavanno.png","contentUrl":"https:\/\/lavanno.com\/wp-content\/uploads\/2025\/07\/Lavanno.png","width":1200,"height":1200,"caption":"Lavanno - Pesuvahendite ekspert"},"image":{"@id":"https:\/\/lavanno.com\/en\/#\/schema\/logo\/image\/"},"sameAs":["https:\/\/www.facebook.com\/Lavanno.ee"]}]}},"_links":{"self":[{"href":"https:\/\/lavanno.com\/en\/wp-json\/wp\/v2\/product\/6527","targetHints":{"allow":["GET"]}}],"collection":[{"href":"https:\/\/lavanno.com\/en\/wp-json\/wp\/v2\/product"}],"about":[{"href":"https:\/\/lavanno.com\/en\/wp-json\/wp\/v2\/types\/product"}],"replies":[{"embeddable":true,"href":"https:\/\/lavanno.com\/en\/wp-json\/wp\/v2\/comments?post=6527"}],"wp:featuredmedia":[{"embeddable":true,"href":"https:\/\/lavanno.com\/en\/wp-json\/wp\/v2\/media\/6850"}],"wp:attachment":[{"href":"https:\/\/lavanno.com\/en\/wp-json\/wp\/v2\/media?parent=6527"}],"wp:term":[{"taxonomy":"product_brand","embeddable":true,"href":"https:\/\/lavanno.com\/en\/wp-json\/wp\/v2\/product_brand?post=6527"},{"taxonomy":"product_cat","embeddable":true,"href":"https:\/\/lavanno.com\/en\/wp-json\/wp\/v2\/product_cat?post=6527"},{"taxonomy":"product_tag","embeddable":true,"href":"https:\/\/lavanno.com\/en\/wp-json\/wp\/v2\/product_tag?post=6527"}],"curies":[{"name":"wp","href":"https:\/\/api.w.org\/{rel}","templated":true}]}}