{"id":6748,"date":"2025-02-15T09:28:06","date_gmt":"2025-02-15T07:28:06","guid":{"rendered":"https:\/\/lavanno.com\/product\/odorblok-long-life-pesumasina-hooldusvahend\/"},"modified":"2026-05-02T14:30:03","modified_gmt":"2026-05-02T11:30:03","slug":"odorblok-long-life-pesumasina-hooldusvahend","status":"publish","type":"product","link":"https:\/\/lavanno.com\/en\/toode\/odorblok-long-life-pesumasina-hooldusvahend\/","title":{"rendered":"Odorblok Long Life &#8211; pesumasina hooldusvahend"},"content":{"rendered":"<p><a href=\"https:\/\/lavanno.com\/wp-content\/uploads\/2022\/08\/A32-200Hygienfresh_Odorblok_Long_LifeRel3ETSDS.pdf\">Safety Data Sheet<\/a><a href=\"https:\/\/lavanno.com\/wp-content\/uploads\/2021\/05\/A32-200Hygienfresh_Odorblok_Long_LifeRel1ENSDS.pdf\">Technical Data Sheet<\/a><\/p>\n","protected":false},"excerpt":{"rendered":"<p>Innovatiivne lisand pesumasina puhastamiseks ja hoolduseks eemaldades mustuse, l\u00f5hnad ja katlakivi.<\/p>\n<p>Selle toote eelised:<br \/>\nKahekordne toime: kaitseb ja hooldab.<br \/>\nK\u00f5rvaldab halva l\u00f5hna.<br \/>\nK\u00f5rvaldab mustuse j\u00e4\u00e4gid.<br \/>\nS\u00fcgavpuhastab k\u00f5iki pesumasina osi.<br \/>\nK\u00f5rvaldab katlakivij\u00e4\u00e4gid, suurendades pesemise efektiivsust ja v\u00e4hendades elektrikulu.<br \/>\nT\u00e4ielikuks ja kauakestvaks hoolduseks on soovitatav pesuts\u00fcklit korrata kord kuus v\u00f5i iga kahe kuu j\u00e4rel.<\/p>\n","protected":false},"featured_media":7036,"comment_status":"open","ping_status":"closed","template":"","meta":[],"product_brand":[],"product_cat":[506,525,541,523,524,520,551],"product_tag":[],"class_list":{"0":"post-6748","1":"product","2":"type-product","3":"status-publish","4":"has-post-thumbnail","6":"product_cat-ariklient","7":"product_cat-vesipesuvahendid","8":"product_cat-lohna-neutraliseerijad","9":"product_cat-jaemuugitooted","10":"product_cat-mitmesugused-tooted","11":"product_cat-eraklient","12":"product_cat-koduhooldus-eraklient","14":"first","15":"instock","16":"taxable","17":"shipping-taxable","18":"purchasable","19":"product-type-variable"},"yoast_head":"<!-- This site is optimized with the Yoast SEO plugin v27.0 - https:\/\/yoast.com\/product\/yoast-seo-wordpress\/ -->\n<title>Odorblok Long Life - pesumasina hooldusvahend - Lavanno - pesuvahendite ekspert<\/title>\n<meta name=\"robots\" content=\"index, follow, max-snippet:-1, max-image-preview:large, max-video-preview:-1\" \/>\n<link rel=\"canonical\" href=\"https:\/\/lavanno.com\/en\/toode\/odorblok-long-life-pesumasina-hooldusvahend\/\" \/>\n<meta property=\"og:locale\" content=\"en_US\" \/>\n<meta property=\"og:type\" content=\"article\" \/>\n<meta property=\"og:title\" content=\"Odorblok Long Life - pesumasina hooldusvahend - Lavanno - pesuvahendite ekspert\" \/>\n<meta property=\"og:description\" content=\"Innovatiivne lisand pesumasina puhastamiseks ja hoolduseks eemaldades mustuse, l\u00f5hnad ja katlakivi.  Selle toote eelised: Kahekordne toime: kaitseb ja hooldab. K\u00f5rvaldab halva l\u00f5hna. K\u00f5rvaldab mustuse j\u00e4\u00e4gid. S\u00fcgavpuhastab k\u00f5iki pesumasina osi. K\u00f5rvaldab katlakivij\u00e4\u00e4gid, suurendades pesemise efektiivsust ja v\u00e4hendades elektrikulu. T\u00e4ielikuks ja kauakestvaks hoolduseks on soovitatav pesuts\u00fcklit korrata kord kuus v\u00f5i iga kahe kuu j\u00e4rel.\" \/>\n<meta property=\"og:url\" content=\"https:\/\/lavanno.com\/en\/toode\/odorblok-long-life-pesumasina-hooldusvahend\/\" \/>\n<meta property=\"og:site_name\" content=\"Lavanno - pesuvahendite ekspert\" \/>\n<meta property=\"article:publisher\" content=\"https:\/\/www.facebook.com\/Lavanno.ee\" \/>\n<meta property=\"article:modified_time\" content=\"2026-05-02T11:30:03+00:00\" \/>\n<meta property=\"og:image\" content=\"https:\/\/lavanno.com\/wp-content\/uploads\/2025\/02\/a32-200longlife_odorblok_singolo-1.png\" \/>\n\t<meta property=\"og:image:width\" content=\"800\" \/>\n\t<meta property=\"og:image:height\" content=\"800\" \/>\n\t<meta property=\"og:image:type\" content=\"image\/png\" \/>\n<meta name=\"twitter:card\" content=\"summary_large_image\" \/>\n<meta name=\"twitter:label1\" content=\"Est. reading time\" \/>\n\t<meta name=\"twitter:data1\" content=\"1 minute\" \/>\n<script type=\"application\/ld+json\" class=\"yoast-schema-graph\">{\"@context\":\"https:\/\/schema.org\",\"@graph\":[{\"@type\":\"WebPage\",\"@id\":\"https:\/\/lavanno.com\/en\/toode\/odorblok-long-life-pesumasina-hooldusvahend\/\",\"url\":\"https:\/\/lavanno.com\/en\/toode\/odorblok-long-life-pesumasina-hooldusvahend\/\",\"name\":\"Odorblok Long Life - pesumasina hooldusvahend - Lavanno - pesuvahendite ekspert\",\"isPartOf\":{\"@id\":\"https:\/\/lavanno.com\/en\/#website\"},\"primaryImageOfPage\":{\"@id\":\"https:\/\/lavanno.com\/en\/toode\/odorblok-long-life-pesumasina-hooldusvahend\/#primaryimage\"},\"image\":{\"@id\":\"https:\/\/lavanno.com\/en\/toode\/odorblok-long-life-pesumasina-hooldusvahend\/#primaryimage\"},\"thumbnailUrl\":\"https:\/\/lavanno.com\/wp-content\/uploads\/2025\/02\/a32-200longlife_odorblok_singolo-1.png\",\"datePublished\":\"2025-02-15T07:28:06+00:00\",\"dateModified\":\"2026-05-02T11:30:03+00:00\",\"breadcrumb\":{\"@id\":\"https:\/\/lavanno.com\/en\/toode\/odorblok-long-life-pesumasina-hooldusvahend\/#breadcrumb\"},\"inLanguage\":\"en-US\",\"potentialAction\":[{\"@type\":\"ReadAction\",\"target\":[\"https:\/\/lavanno.com\/en\/toode\/odorblok-long-life-pesumasina-hooldusvahend\/\"]}]},{\"@type\":\"ImageObject\",\"inLanguage\":\"en-US\",\"@id\":\"https:\/\/lavanno.com\/en\/toode\/odorblok-long-life-pesumasina-hooldusvahend\/#primaryimage\",\"url\":\"https:\/\/lavanno.com\/wp-content\/uploads\/2025\/02\/a32-200longlife_odorblok_singolo-1.png\",\"contentUrl\":\"https:\/\/lavanno.com\/wp-content\/uploads\/2025\/02\/a32-200longlife_odorblok_singolo-1.png\",\"width\":800,\"height\":800},{\"@type\":\"BreadcrumbList\",\"@id\":\"https:\/\/lavanno.com\/en\/toode\/odorblok-long-life-pesumasina-hooldusvahend\/#breadcrumb\",\"itemListElement\":[{\"@type\":\"ListItem\",\"position\":1,\"name\":\"Home\",\"item\":\"https:\/\/lavanno.com\/en\/\"},{\"@type\":\"ListItem\",\"position\":2,\"name\":\"E-pood\",\"item\":\"https:\/\/lavanno.com\/e-pood\/\"},{\"@type\":\"ListItem\",\"position\":3,\"name\":\"Odorblok Long Life &#8211; pesumasina hooldusvahend\"}]},{\"@type\":\"WebSite\",\"@id\":\"https:\/\/lavanno.com\/en\/#website\",\"url\":\"https:\/\/lavanno.com\/en\/\",\"name\":\"Lavanno - Pesuvahendite ekspert\",\"description\":\"Toome maale ja m\u00fc\u00fcme tekstiili pesuvahendeid, pesumajaseadmeid ja tarvikuid. Hooldame ja konsulteerime.\",\"publisher\":{\"@id\":\"https:\/\/lavanno.com\/en\/#organization\"},\"potentialAction\":[{\"@type\":\"SearchAction\",\"target\":{\"@type\":\"EntryPoint\",\"urlTemplate\":\"https:\/\/lavanno.com\/en\/?s={search_term_string}\"},\"query-input\":{\"@type\":\"PropertyValueSpecification\",\"valueRequired\":true,\"valueName\":\"search_term_string\"}}],\"inLanguage\":\"en-US\"},{\"@type\":\"Organization\",\"@id\":\"https:\/\/lavanno.com\/en\/#organization\",\"name\":\"Lavanno - Pesuvahendite ekspert\",\"url\":\"https:\/\/lavanno.com\/en\/\",\"logo\":{\"@type\":\"ImageObject\",\"inLanguage\":\"en-US\",\"@id\":\"https:\/\/lavanno.com\/en\/#\/schema\/logo\/image\/\",\"url\":\"https:\/\/lavanno.com\/wp-content\/uploads\/2025\/07\/Lavanno.png\",\"contentUrl\":\"https:\/\/lavanno.com\/wp-content\/uploads\/2025\/07\/Lavanno.png\",\"width\":1200,\"height\":1200,\"caption\":\"Lavanno - Pesuvahendite ekspert\"},\"image\":{\"@id\":\"https:\/\/lavanno.com\/en\/#\/schema\/logo\/image\/\"},\"sameAs\":[\"https:\/\/www.facebook.com\/Lavanno.ee\"]}]}<\/script>\n<!-- \/ Yoast SEO plugin. -->","yoast_head_json":{"title":"Odorblok Long Life - pesumasina hooldusvahend - Lavanno - pesuvahendite ekspert","robots":{"index":"index","follow":"follow","max-snippet":"max-snippet:-1","max-image-preview":"max-image-preview:large","max-video-preview":"max-video-preview:-1"},"canonical":"https:\/\/lavanno.com\/en\/toode\/odorblok-long-life-pesumasina-hooldusvahend\/","og_locale":"en_US","og_type":"article","og_title":"Odorblok Long Life - pesumasina hooldusvahend - Lavanno - pesuvahendite ekspert","og_description":"Innovatiivne lisand pesumasina puhastamiseks ja hoolduseks eemaldades mustuse, l\u00f5hnad ja katlakivi.  Selle toote eelised: Kahekordne toime: kaitseb ja hooldab. K\u00f5rvaldab halva l\u00f5hna. K\u00f5rvaldab mustuse j\u00e4\u00e4gid. S\u00fcgavpuhastab k\u00f5iki pesumasina osi. K\u00f5rvaldab katlakivij\u00e4\u00e4gid, suurendades pesemise efektiivsust ja v\u00e4hendades elektrikulu. T\u00e4ielikuks ja kauakestvaks hoolduseks on soovitatav pesuts\u00fcklit korrata kord kuus v\u00f5i iga kahe kuu j\u00e4rel.","og_url":"https:\/\/lavanno.com\/en\/toode\/odorblok-long-life-pesumasina-hooldusvahend\/","og_site_name":"Lavanno - pesuvahendite ekspert","article_publisher":"https:\/\/www.facebook.com\/Lavanno.ee","article_modified_time":"2026-05-02T11:30:03+00:00","og_image":[{"width":800,"height":800,"url":"https:\/\/lavanno.com\/wp-content\/uploads\/2025\/02\/a32-200longlife_odorblok_singolo-1.png","type":"image\/png"}],"twitter_card":"summary_large_image","twitter_misc":{"Est. reading time":"1 minute"},"schema":{"@context":"https:\/\/schema.org","@graph":[{"@type":"WebPage","@id":"https:\/\/lavanno.com\/en\/toode\/odorblok-long-life-pesumasina-hooldusvahend\/","url":"https:\/\/lavanno.com\/en\/toode\/odorblok-long-life-pesumasina-hooldusvahend\/","name":"Odorblok Long Life - pesumasina hooldusvahend - Lavanno - pesuvahendite ekspert","isPartOf":{"@id":"https:\/\/lavanno.com\/en\/#website"},"primaryImageOfPage":{"@id":"https:\/\/lavanno.com\/en\/toode\/odorblok-long-life-pesumasina-hooldusvahend\/#primaryimage"},"image":{"@id":"https:\/\/lavanno.com\/en\/toode\/odorblok-long-life-pesumasina-hooldusvahend\/#primaryimage"},"thumbnailUrl":"https:\/\/lavanno.com\/wp-content\/uploads\/2025\/02\/a32-200longlife_odorblok_singolo-1.png","datePublished":"2025-02-15T07:28:06+00:00","dateModified":"2026-05-02T11:30:03+00:00","breadcrumb":{"@id":"https:\/\/lavanno.com\/en\/toode\/odorblok-long-life-pesumasina-hooldusvahend\/#breadcrumb"},"inLanguage":"en-US","potentialAction":[{"@type":"ReadAction","target":["https:\/\/lavanno.com\/en\/toode\/odorblok-long-life-pesumasina-hooldusvahend\/"]}]},{"@type":"ImageObject","inLanguage":"en-US","@id":"https:\/\/lavanno.com\/en\/toode\/odorblok-long-life-pesumasina-hooldusvahend\/#primaryimage","url":"https:\/\/lavanno.com\/wp-content\/uploads\/2025\/02\/a32-200longlife_odorblok_singolo-1.png","contentUrl":"https:\/\/lavanno.com\/wp-content\/uploads\/2025\/02\/a32-200longlife_odorblok_singolo-1.png","width":800,"height":800},{"@type":"BreadcrumbList","@id":"https:\/\/lavanno.com\/en\/toode\/odorblok-long-life-pesumasina-hooldusvahend\/#breadcrumb","itemListElement":[{"@type":"ListItem","position":1,"name":"Home","item":"https:\/\/lavanno.com\/en\/"},{"@type":"ListItem","position":2,"name":"E-pood","item":"https:\/\/lavanno.com\/e-pood\/"},{"@type":"ListItem","position":3,"name":"Odorblok Long Life &#8211; pesumasina hooldusvahend"}]},{"@type":"WebSite","@id":"https:\/\/lavanno.com\/en\/#website","url":"https:\/\/lavanno.com\/en\/","name":"Lavanno - Pesuvahendite ekspert","description":"Toome maale ja m\u00fc\u00fcme tekstiili pesuvahendeid, pesumajaseadmeid ja tarvikuid. Hooldame ja konsulteerime.","publisher":{"@id":"https:\/\/lavanno.com\/en\/#organization"},"potentialAction":[{"@type":"SearchAction","target":{"@type":"EntryPoint","urlTemplate":"https:\/\/lavanno.com\/en\/?s={search_term_string}"},"query-input":{"@type":"PropertyValueSpecification","valueRequired":true,"valueName":"search_term_string"}}],"inLanguage":"en-US"},{"@type":"Organization","@id":"https:\/\/lavanno.com\/en\/#organization","name":"Lavanno - Pesuvahendite ekspert","url":"https:\/\/lavanno.com\/en\/","logo":{"@type":"ImageObject","inLanguage":"en-US","@id":"https:\/\/lavanno.com\/en\/#\/schema\/logo\/image\/","url":"https:\/\/lavanno.com\/wp-content\/uploads\/2025\/07\/Lavanno.png","contentUrl":"https:\/\/lavanno.com\/wp-content\/uploads\/2025\/07\/Lavanno.png","width":1200,"height":1200,"caption":"Lavanno - Pesuvahendite ekspert"},"image":{"@id":"https:\/\/lavanno.com\/en\/#\/schema\/logo\/image\/"},"sameAs":["https:\/\/www.facebook.com\/Lavanno.ee"]}]}},"_links":{"self":[{"href":"https:\/\/lavanno.com\/en\/wp-json\/wp\/v2\/product\/6748","targetHints":{"allow":["GET"]}}],"collection":[{"href":"https:\/\/lavanno.com\/en\/wp-json\/wp\/v2\/product"}],"about":[{"href":"https:\/\/lavanno.com\/en\/wp-json\/wp\/v2\/types\/product"}],"replies":[{"embeddable":true,"href":"https:\/\/lavanno.com\/en\/wp-json\/wp\/v2\/comments?post=6748"}],"wp:featuredmedia":[{"embeddable":true,"href":"https:\/\/lavanno.com\/en\/wp-json\/wp\/v2\/media\/7036"}],"wp:attachment":[{"href":"https:\/\/lavanno.com\/en\/wp-json\/wp\/v2\/media?parent=6748"}],"wp:term":[{"taxonomy":"product_brand","embeddable":true,"href":"https:\/\/lavanno.com\/en\/wp-json\/wp\/v2\/product_brand?post=6748"},{"taxonomy":"product_cat","embeddable":true,"href":"https:\/\/lavanno.com\/en\/wp-json\/wp\/v2\/product_cat?post=6748"},{"taxonomy":"product_tag","embeddable":true,"href":"https:\/\/lavanno.com\/en\/wp-json\/wp\/v2\/product_tag?post=6748"}],"curies":[{"name":"wp","href":"https:\/\/api.w.org\/{rel}","templated":true}]}}