{"id":6774,"date":"2025-02-15T09:28:09","date_gmt":"2025-02-15T07:28:09","guid":{"rendered":"https:\/\/lavanno.com\/product\/lavanno-looduslik-pesugeel-750-ml\/"},"modified":"2026-05-02T14:30:02","modified_gmt":"2026-05-02T11:30:02","slug":"lavanno-looduslik-pesugeel-750-ml","status":"publish","type":"product","link":"https:\/\/lavanno.com\/en\/toode\/lavanno-looduslik-pesugeel-750-ml\/","title":{"rendered":"Lavanno Looduslik pesugeel 750 ml"},"content":{"rendered":"<p>Koostis:<br \/>\nVesi, naatriumlaureetsulfaat, C12\u201318 alkoholid (etoks\u00fc\u00fclitud), l\u00f5hnaaine, kokamidoprop\u00fc\u00fclbetaiin, trietanoolamiin, kokamiid DEA, pol\u00fcvin\u00fc\u00fclp\u00fcrrolidoon (PVP), dietanoolamiin, dimetikoon, am\u00fc\u00fcltsinnamaal, tsitronellool, tsinnam\u00fc\u00fclalkohol, subtilisiin (ens\u00fc\u00fcm), alfa-am\u00fclaas (ens\u00fc\u00fcm), lipaas (ens\u00fc\u00fcm), monoetanoolamiin boraat, met\u00fc\u00fclkloroisotiasolinoon, met\u00fc\u00fclisotiasolinoon, tsellulaas (ens\u00fc\u00fcm), v\u00e4rvaine C.I: 74180, happeline kollane 23 (v\u00e4rvaine), isoeugenool, met\u00fc\u00fclkloroisotiasolinoon, met\u00fc\u00fclisotiasolinoon (3:1) = 0,00075%<\/p>\n","protected":false},"excerpt":{"rendered":"<p>K\u00f5igile kangastele ning nii valge kui v\u00e4rvilise pesu pesemiseks. Spetsiaalse koostise v\u00e4ljat\u00f6\u00f6tamisel on arvestatud keskkonnaga \u2013 sisaldab 100% taimset p\u00e4ritolu aineid, v\u00e4ga kontsentreeritud toodet kulub v\u00e4he ning ens\u00fcmaatiline koostis tagab plekkideta tulemuse ka k\u00fclma veega pestes, v\u00e4ltides tarbetut raiskamist.<\/p>\n<ul><\/p>\n<li>25 pesukorda<\/li>\n<p><\/p>\n<li>100% loodusliku koostisega<\/li>\n<p><\/p>\n<li>0% parabeene, mineraal\u00f5lisid, EDTA ja aldeh\u00fc\u00fcde<\/li>\n<p><\/p>\n<li>0,00001% Ni, Cr, Co<\/li>\n<p><\/p>\n<li>VEGANok nr 1055<\/li>\n<p><\/p>\n<li>Pakend on \u00fcmbert\u00f6\u00f6deldud plastikust<\/li>\n<p><\/p>\n<li>Ei ole testitud loomadel<\/li>\n<p><\/p>\n<li>Tootel on Eesti Allergialiidu tunnustus.<\/li>\n<p>\n<\/ul>\n","protected":false},"featured_media":7022,"comment_status":"open","ping_status":"closed","template":"","meta":[],"product_brand":[],"product_cat":[506,525,546,558,556,520,547,608],"product_tag":[850,833],"class_list":{"0":"post-6774","1":"product","2":"type-product","3":"status-publish","4":"has-post-thumbnail","6":"product_cat-ariklient","7":"product_cat-vesipesuvahendid","8":"product_cat-pesuained","9":"product_cat-looduslikud-pesuvahendid","10":"product_cat-ensumaatilised-pesuained","11":"product_cat-eraklient","12":"product_cat-pesuvahendid-eraklient","13":"product_cat-lavanno-looduslikud-pesuvahendid-eraklient","14":"product_tag-kodumajapidamine","15":"product_tag-lasteaedadele","17":"first","18":"instock","19":"taxable","20":"shipping-taxable","21":"purchasable","22":"product-type-simple"},"yoast_head":"<!-- This site is optimized with the Yoast SEO plugin v27.0 - https:\/\/yoast.com\/product\/yoast-seo-wordpress\/ -->\n<title>Lavanno Looduslik pesugeel 750 ml - Lavanno - pesuvahendite ekspert<\/title>\n<meta name=\"description\" content=\"Lavanno Looduslik pesugeel-efektiivne ja keskkonnas\u00f5bralik pesuvahend valgele ja v\u00e4rvilisele pesule. 100% taimsed toimeained, ens\u00fc\u00fcmidega plekieemaldus.\" \/>\n<meta name=\"robots\" content=\"index, follow, max-snippet:-1, max-image-preview:large, max-video-preview:-1\" \/>\n<link rel=\"canonical\" href=\"https:\/\/lavanno.com\/en\/toode\/lavanno-looduslik-pesugeel-750-ml\/\" \/>\n<meta property=\"og:locale\" content=\"en_US\" \/>\n<meta property=\"og:type\" content=\"article\" \/>\n<meta property=\"og:title\" content=\"Lavanno Looduslik pesugeel 750 ml - Lavanno - pesuvahendite ekspert\" \/>\n<meta property=\"og:description\" content=\"Lavanno Looduslik pesugeel-efektiivne ja keskkonnas\u00f5bralik pesuvahend valgele ja v\u00e4rvilisele pesule. 100% taimsed toimeained, ens\u00fc\u00fcmidega plekieemaldus.\" \/>\n<meta property=\"og:url\" content=\"https:\/\/lavanno.com\/en\/toode\/lavanno-looduslik-pesugeel-750-ml\/\" \/>\n<meta property=\"og:site_name\" content=\"Lavanno - pesuvahendite ekspert\" \/>\n<meta property=\"article:publisher\" content=\"https:\/\/www.facebook.com\/Lavanno.ee\" \/>\n<meta property=\"article:modified_time\" content=\"2026-05-02T11:30:02+00:00\" \/>\n<meta property=\"og:image\" content=\"https:\/\/lavanno.com\/wp-content\/uploads\/2025\/02\/Lavanno_oko_pesugeel_preview_web-2-1.png\" \/>\n\t<meta property=\"og:image:width\" content=\"1067\" \/>\n\t<meta property=\"og:image:height\" content=\"1067\" \/>\n\t<meta property=\"og:image:type\" content=\"image\/png\" \/>\n<meta name=\"twitter:card\" content=\"summary_large_image\" \/>\n<meta name=\"twitter:label1\" content=\"Est. reading time\" \/>\n\t<meta name=\"twitter:data1\" content=\"1 minute\" \/>\n<script type=\"application\/ld+json\" class=\"yoast-schema-graph\">{\"@context\":\"https:\/\/schema.org\",\"@graph\":[{\"@type\":\"WebPage\",\"@id\":\"https:\/\/lavanno.com\/en\/toode\/lavanno-looduslik-pesugeel-750-ml\/\",\"url\":\"https:\/\/lavanno.com\/en\/toode\/lavanno-looduslik-pesugeel-750-ml\/\",\"name\":\"Lavanno Looduslik pesugeel 750 ml - Lavanno - pesuvahendite ekspert\",\"isPartOf\":{\"@id\":\"https:\/\/lavanno.com\/en\/#website\"},\"primaryImageOfPage\":{\"@id\":\"https:\/\/lavanno.com\/en\/toode\/lavanno-looduslik-pesugeel-750-ml\/#primaryimage\"},\"image\":{\"@id\":\"https:\/\/lavanno.com\/en\/toode\/lavanno-looduslik-pesugeel-750-ml\/#primaryimage\"},\"thumbnailUrl\":\"https:\/\/lavanno.com\/wp-content\/uploads\/2025\/02\/Lavanno_oko_pesugeel_preview_web-2-1.png\",\"datePublished\":\"2025-02-15T07:28:09+00:00\",\"dateModified\":\"2026-05-02T11:30:02+00:00\",\"description\":\"Lavanno Looduslik pesugeel-efektiivne ja keskkonnas\u00f5bralik pesuvahend valgele ja v\u00e4rvilisele pesule. 100% taimsed toimeained, ens\u00fc\u00fcmidega plekieemaldus.\",\"breadcrumb\":{\"@id\":\"https:\/\/lavanno.com\/en\/toode\/lavanno-looduslik-pesugeel-750-ml\/#breadcrumb\"},\"inLanguage\":\"en-US\",\"potentialAction\":[{\"@type\":\"ReadAction\",\"target\":[\"https:\/\/lavanno.com\/en\/toode\/lavanno-looduslik-pesugeel-750-ml\/\"]}]},{\"@type\":\"ImageObject\",\"inLanguage\":\"en-US\",\"@id\":\"https:\/\/lavanno.com\/en\/toode\/lavanno-looduslik-pesugeel-750-ml\/#primaryimage\",\"url\":\"https:\/\/lavanno.com\/wp-content\/uploads\/2025\/02\/Lavanno_oko_pesugeel_preview_web-2-1.png\",\"contentUrl\":\"https:\/\/lavanno.com\/wp-content\/uploads\/2025\/02\/Lavanno_oko_pesugeel_preview_web-2-1.png\",\"width\":1067,\"height\":1067},{\"@type\":\"BreadcrumbList\",\"@id\":\"https:\/\/lavanno.com\/en\/toode\/lavanno-looduslik-pesugeel-750-ml\/#breadcrumb\",\"itemListElement\":[{\"@type\":\"ListItem\",\"position\":1,\"name\":\"Home\",\"item\":\"https:\/\/lavanno.com\/en\/\"},{\"@type\":\"ListItem\",\"position\":2,\"name\":\"E-pood\",\"item\":\"https:\/\/lavanno.com\/e-pood\/\"},{\"@type\":\"ListItem\",\"position\":3,\"name\":\"Lavanno Looduslik pesugeel 750 ml\"}]},{\"@type\":\"WebSite\",\"@id\":\"https:\/\/lavanno.com\/en\/#website\",\"url\":\"https:\/\/lavanno.com\/en\/\",\"name\":\"Lavanno - Pesuvahendite ekspert\",\"description\":\"Toome maale ja m\u00fc\u00fcme tekstiili pesuvahendeid, pesumajaseadmeid ja tarvikuid. Hooldame ja konsulteerime.\",\"publisher\":{\"@id\":\"https:\/\/lavanno.com\/en\/#organization\"},\"potentialAction\":[{\"@type\":\"SearchAction\",\"target\":{\"@type\":\"EntryPoint\",\"urlTemplate\":\"https:\/\/lavanno.com\/en\/?s={search_term_string}\"},\"query-input\":{\"@type\":\"PropertyValueSpecification\",\"valueRequired\":true,\"valueName\":\"search_term_string\"}}],\"inLanguage\":\"en-US\"},{\"@type\":\"Organization\",\"@id\":\"https:\/\/lavanno.com\/en\/#organization\",\"name\":\"Lavanno - Pesuvahendite ekspert\",\"url\":\"https:\/\/lavanno.com\/en\/\",\"logo\":{\"@type\":\"ImageObject\",\"inLanguage\":\"en-US\",\"@id\":\"https:\/\/lavanno.com\/en\/#\/schema\/logo\/image\/\",\"url\":\"https:\/\/lavanno.com\/wp-content\/uploads\/2025\/07\/Lavanno.png\",\"contentUrl\":\"https:\/\/lavanno.com\/wp-content\/uploads\/2025\/07\/Lavanno.png\",\"width\":1200,\"height\":1200,\"caption\":\"Lavanno - Pesuvahendite ekspert\"},\"image\":{\"@id\":\"https:\/\/lavanno.com\/en\/#\/schema\/logo\/image\/\"},\"sameAs\":[\"https:\/\/www.facebook.com\/Lavanno.ee\"]}]}<\/script>\n<!-- \/ Yoast SEO plugin. -->","yoast_head_json":{"title":"Lavanno Looduslik pesugeel 750 ml - Lavanno - pesuvahendite ekspert","description":"Lavanno Looduslik pesugeel-efektiivne ja keskkonnas\u00f5bralik pesuvahend valgele ja v\u00e4rvilisele pesule. 100% taimsed toimeained, ens\u00fc\u00fcmidega plekieemaldus.","robots":{"index":"index","follow":"follow","max-snippet":"max-snippet:-1","max-image-preview":"max-image-preview:large","max-video-preview":"max-video-preview:-1"},"canonical":"https:\/\/lavanno.com\/en\/toode\/lavanno-looduslik-pesugeel-750-ml\/","og_locale":"en_US","og_type":"article","og_title":"Lavanno Looduslik pesugeel 750 ml - Lavanno - pesuvahendite ekspert","og_description":"Lavanno Looduslik pesugeel-efektiivne ja keskkonnas\u00f5bralik pesuvahend valgele ja v\u00e4rvilisele pesule. 100% taimsed toimeained, ens\u00fc\u00fcmidega plekieemaldus.","og_url":"https:\/\/lavanno.com\/en\/toode\/lavanno-looduslik-pesugeel-750-ml\/","og_site_name":"Lavanno - pesuvahendite ekspert","article_publisher":"https:\/\/www.facebook.com\/Lavanno.ee","article_modified_time":"2026-05-02T11:30:02+00:00","og_image":[{"width":1067,"height":1067,"url":"https:\/\/lavanno.com\/wp-content\/uploads\/2025\/02\/Lavanno_oko_pesugeel_preview_web-2-1.png","type":"image\/png"}],"twitter_card":"summary_large_image","twitter_misc":{"Est. reading time":"1 minute"},"schema":{"@context":"https:\/\/schema.org","@graph":[{"@type":"WebPage","@id":"https:\/\/lavanno.com\/en\/toode\/lavanno-looduslik-pesugeel-750-ml\/","url":"https:\/\/lavanno.com\/en\/toode\/lavanno-looduslik-pesugeel-750-ml\/","name":"Lavanno Looduslik pesugeel 750 ml - Lavanno - pesuvahendite ekspert","isPartOf":{"@id":"https:\/\/lavanno.com\/en\/#website"},"primaryImageOfPage":{"@id":"https:\/\/lavanno.com\/en\/toode\/lavanno-looduslik-pesugeel-750-ml\/#primaryimage"},"image":{"@id":"https:\/\/lavanno.com\/en\/toode\/lavanno-looduslik-pesugeel-750-ml\/#primaryimage"},"thumbnailUrl":"https:\/\/lavanno.com\/wp-content\/uploads\/2025\/02\/Lavanno_oko_pesugeel_preview_web-2-1.png","datePublished":"2025-02-15T07:28:09+00:00","dateModified":"2026-05-02T11:30:02+00:00","description":"Lavanno Looduslik pesugeel-efektiivne ja keskkonnas\u00f5bralik pesuvahend valgele ja v\u00e4rvilisele pesule. 100% taimsed toimeained, ens\u00fc\u00fcmidega plekieemaldus.","breadcrumb":{"@id":"https:\/\/lavanno.com\/en\/toode\/lavanno-looduslik-pesugeel-750-ml\/#breadcrumb"},"inLanguage":"en-US","potentialAction":[{"@type":"ReadAction","target":["https:\/\/lavanno.com\/en\/toode\/lavanno-looduslik-pesugeel-750-ml\/"]}]},{"@type":"ImageObject","inLanguage":"en-US","@id":"https:\/\/lavanno.com\/en\/toode\/lavanno-looduslik-pesugeel-750-ml\/#primaryimage","url":"https:\/\/lavanno.com\/wp-content\/uploads\/2025\/02\/Lavanno_oko_pesugeel_preview_web-2-1.png","contentUrl":"https:\/\/lavanno.com\/wp-content\/uploads\/2025\/02\/Lavanno_oko_pesugeel_preview_web-2-1.png","width":1067,"height":1067},{"@type":"BreadcrumbList","@id":"https:\/\/lavanno.com\/en\/toode\/lavanno-looduslik-pesugeel-750-ml\/#breadcrumb","itemListElement":[{"@type":"ListItem","position":1,"name":"Home","item":"https:\/\/lavanno.com\/en\/"},{"@type":"ListItem","position":2,"name":"E-pood","item":"https:\/\/lavanno.com\/e-pood\/"},{"@type":"ListItem","position":3,"name":"Lavanno Looduslik pesugeel 750 ml"}]},{"@type":"WebSite","@id":"https:\/\/lavanno.com\/en\/#website","url":"https:\/\/lavanno.com\/en\/","name":"Lavanno - Pesuvahendite ekspert","description":"Toome maale ja m\u00fc\u00fcme tekstiili pesuvahendeid, pesumajaseadmeid ja tarvikuid. Hooldame ja konsulteerime.","publisher":{"@id":"https:\/\/lavanno.com\/en\/#organization"},"potentialAction":[{"@type":"SearchAction","target":{"@type":"EntryPoint","urlTemplate":"https:\/\/lavanno.com\/en\/?s={search_term_string}"},"query-input":{"@type":"PropertyValueSpecification","valueRequired":true,"valueName":"search_term_string"}}],"inLanguage":"en-US"},{"@type":"Organization","@id":"https:\/\/lavanno.com\/en\/#organization","name":"Lavanno - Pesuvahendite ekspert","url":"https:\/\/lavanno.com\/en\/","logo":{"@type":"ImageObject","inLanguage":"en-US","@id":"https:\/\/lavanno.com\/en\/#\/schema\/logo\/image\/","url":"https:\/\/lavanno.com\/wp-content\/uploads\/2025\/07\/Lavanno.png","contentUrl":"https:\/\/lavanno.com\/wp-content\/uploads\/2025\/07\/Lavanno.png","width":1200,"height":1200,"caption":"Lavanno - Pesuvahendite ekspert"},"image":{"@id":"https:\/\/lavanno.com\/en\/#\/schema\/logo\/image\/"},"sameAs":["https:\/\/www.facebook.com\/Lavanno.ee"]}]}},"_links":{"self":[{"href":"https:\/\/lavanno.com\/en\/wp-json\/wp\/v2\/product\/6774","targetHints":{"allow":["GET"]}}],"collection":[{"href":"https:\/\/lavanno.com\/en\/wp-json\/wp\/v2\/product"}],"about":[{"href":"https:\/\/lavanno.com\/en\/wp-json\/wp\/v2\/types\/product"}],"replies":[{"embeddable":true,"href":"https:\/\/lavanno.com\/en\/wp-json\/wp\/v2\/comments?post=6774"}],"wp:featuredmedia":[{"embeddable":true,"href":"https:\/\/lavanno.com\/en\/wp-json\/wp\/v2\/media\/7022"}],"wp:attachment":[{"href":"https:\/\/lavanno.com\/en\/wp-json\/wp\/v2\/media?parent=6774"}],"wp:term":[{"taxonomy":"product_brand","embeddable":true,"href":"https:\/\/lavanno.com\/en\/wp-json\/wp\/v2\/product_brand?post=6774"},{"taxonomy":"product_cat","embeddable":true,"href":"https:\/\/lavanno.com\/en\/wp-json\/wp\/v2\/product_cat?post=6774"},{"taxonomy":"product_tag","embeddable":true,"href":"https:\/\/lavanno.com\/en\/wp-json\/wp\/v2\/product_tag?post=6774"}],"curies":[{"name":"wp","href":"https:\/\/api.w.org\/{rel}","templated":true}]}}