{"id":6781,"date":"2025-02-15T09:30:49","date_gmt":"2025-02-15T07:30:49","guid":{"rendered":"https:\/\/lavanno.com\/product\/asko-pro-kuivati-kondens-titaan-117l-6kg13-prg-230v-10a-20kw-liblikkuivatus-automaatne-tuhjendus-test-125k\/"},"modified":"2026-05-02T08:25:03","modified_gmt":"2026-05-02T05:25:03","slug":"asko-pro-kuivati-kondens-titaan-117l-6kg13-prg-230v-10a-20kw-liblikkuivatus-automaatne-tuhjendus-test-125k","status":"publish","type":"product","link":"https:\/\/lavanno.com\/en\/toode\/asko-pro-kuivati-kondens-titaan-117l-6kg13-prg-230v-10a-20kw-liblikkuivatus-automaatne-tuhjendus-test-125k\/","title":{"rendered":"ASKO Pro kuivati\/Kondens; Titaan; 117l\/6kg;13 prg; 230V\/10A\/2,0kW; liblikkuivatus; automaatne t\u00fchjendus; test 12,5K"},"content":{"rendered":"<p><strong>Kondensaator<\/strong><br \/>\nKondensatsioonikuivati \u200b\u200btranspordib kuuma \u00f5hku l\u00e4bi pesu ja niisket \u00f5hku trumlist v\u00e4lja. Niiskus koguneb veepiiskadena kondensaatorisse ja eemaldatakse kas \u00e4ravooluvooliku kaudu v\u00f5i veepaaki.<\/p>\n<p><strong>Automaatsed programmid<\/strong><br \/>\nAutomaatsed programmid pole mitte ainult mugavad kasutada, vaid s\u00e4\u00e4stavad ka energiat, kuna t\u00f6\u00f6aega kohandatakse vastavalt pesukogusele v\u00f5i kuivusastmele. Neli head viisi pesu kuivatamiseks: automaatne ekstra kuiv, automaatne kuivatus, automaatne kuivatus normaalsel temperatuuril ja automaatne triikimiskuiv.<\/p>\n<p><strong>Liblikkuivatamine\u2122 (Butterfly Drying PRO)<\/strong><br \/>\nKaheksakujuline trumli liikumine kuivatab pesu \u00f5rnalt ja \u00fchtlaselt, hoiab \u00e4ra riiete lokkimise ning v\u00e4hendab kulumist.<\/p>\n<p><strong>Air Lift\u2122 labad<\/strong><br \/>\nT\u00f5stavad pesu k\u00f5rgemale \u00f5huvoolu, parandades kuivatus\u00adt\u00f5husust ja kaitstes r\u00f5ivaid.<\/p>\n<p><b>Spetsifikatsioon<\/b><\/p>\n<p>Mahutavus: 6 kg<\/p>\n<p>Trumli maht: 117 l<\/p>\n<p>Kuivati t\u00fc\u00fcp: kondenseeruv<\/p>\n<p>K\u00fcttes\u00fcsteem: elektriline<\/p>\n<p>Energiatarbimine ts\u00fckli kohta: 4,14 kWh<br \/>\nM\u00fcratase:<\/p>\n<p>Eco-programmi kestus: 118 min<\/p>\n<p>Kondensatsioonit\u00f5husus: 91 %<\/p>\n<p><strong>Tehnilised m\u00f5\u00f5dud ja kaal<\/strong><\/p>\n<p>Laius: 595 mm<\/p>\n<p>K\u00f5rgus: 850 mm<\/p>\n<p>S\u00fcgavus: 654 mm<\/p>\n<p>S\u00fcgavus avatud uksega: 1165 mm<\/p>\n<p>Reguleeritavad jalad: 15 mm<\/p>\n<p>Seadme kaal: 44,2 kg<\/p>\n<p>&nbsp;<\/p>\n","protected":false},"excerpt":{"rendered":"<p>ASKO professionaalne kondensatsiooniga kuivati on energias\u00e4\u00e4stlik ja t\u00f6\u00f6kindel lahendus intensiivseks kasutuseks. Kuivati vastupidav konstruktsioon, roostevabast terasest trummel ja harjadeta mootor tagavad pika kasutusea ning stabiilse t\u00f6\u00f6 ka suure koormuse juures.<\/p>\n<p>Paigaldus on lihtne, kuna seade ei vaja ventilatsiooni ega \u00f5hukanalite s\u00fcsteemi, mist\u00f5ttu sobib see ka kitsastesse ruumidesse. Kuivatit on mugav kasutada ning see \u00fchildub ConnectLife rakendusega l\u00f5ppkasutajatele ja administreerimislehega omanikele. Lisaks toetab seade m\u00fcndi-, kaardi- ja AIRWallet makses\u00fcsteeme, muutes selle ideaalseks lahenduseks iseteeninduspesulates ja \u00e4rikeskkondades.<\/p>\n<p>17 kuivatusprogrammi ja mitmek\u00fclgsed seadistusv\u00f5imalused tagavad t\u00f5husa ja \u00fchtlase kuivamistulemuse iga pesukorra ajal.<br \/>\nAinulaadne Sensi Dry\u2122 s\u00fcsteem v\u00f5imaldab teil kuivamisaega hinnata. Loomulikult peatub programm automaatselt, kui pesu saavutab soovitud kuivusastme.Vastupidav konstruktsioon ja roostevabast terasest trummel.<\/p>\n<ul>\n<li>T\u00f6\u00f6kindel harjadeta mootor<\/li>\n<li>Ei vaja ventilatsiooni<\/li>\n<li>17 kuivatusprogrammi eri tekstiilidele<\/li>\n<li>Toetab m\u00fcndi-, kaardi- ja AIRWallet makselahendusi<br \/>\nT\u00f5hus uksefiltris\u00fcsteem, mis takistab ebeme ja tolmu j\u00f5udmist kondensaatorisse ning ventilaatorisse<br \/>\nKiire ja lihtne hooldus \u2013 filter puhastatav k\u00e4sitsi v\u00f5i loputusvee all<br \/>\nHooldusmeeldetuletus ekraanil, mis aitab ennetada rikkeid ja seisakuid<\/li>\n<\/ul>\n","protected":false},"featured_media":12911,"comment_status":"open","ping_status":"closed","template":"","meta":[],"product_brand":[],"product_cat":[506,507,874,510,621],"product_tag":[838,834,836,833,835,837,839],"class_list":{"0":"post-6781","1":"product","2":"type-product","3":"status-publish","4":"has-post-thumbnail","6":"product_cat-ariklient","7":"product_cat-pesumajaseadmed","8":"product_cat-askopro","9":"product_cat-kuivatid","10":"product_cat-professionaalsed-trummelkuivatid","11":"product_tag-haridusasutused","12":"product_tag-horeca","13":"product_tag-iseteenindus","14":"product_tag-lasteaedadele","15":"product_tag-pesumajad","16":"product_tag-puhastusteenindus","17":"product_tag-tervishoid","19":"first","20":"outofstock","21":"taxable","22":"shipping-taxable","23":"purchasable","24":"product-type-variable"},"yoast_head":"<!-- This site is optimized with the Yoast SEO plugin v27.0 - https:\/\/yoast.com\/product\/yoast-seo-wordpress\/ -->\n<title>ASKO Pro kuivati\/Kondens; Titaan; 117l\/6kg;13 prg; 230V\/10A\/2,0kW; liblikkuivatus; automaatne t\u00fchjendus; test 12,5K - Lavanno - pesuvahendite ekspert<\/title>\n<meta name=\"description\" content=\"ASKO Pro professionaalne kondenseeruv kuivati 6 kg \u2013 energias\u00e4\u00e4stlik, vastupidav ja sobiv pesumajadesse, iseteeninduspesulatesse ning \u00e4rikeskkondadesse\" \/>\n<meta name=\"robots\" content=\"index, follow, max-snippet:-1, max-image-preview:large, max-video-preview:-1\" \/>\n<link rel=\"canonical\" href=\"https:\/\/lavanno.com\/en\/toode\/asko-pro-kuivati-kondens-titaan-117l-6kg13-prg-230v-10a-20kw-liblikkuivatus-automaatne-tuhjendus-test-125k\/\" \/>\n<meta property=\"og:locale\" content=\"en_US\" \/>\n<meta property=\"og:type\" content=\"article\" \/>\n<meta property=\"og:title\" content=\"ASKO Pro kuivati\/Kondens; Titaan; 117l\/6kg;13 prg; 230V\/10A\/2,0kW; liblikkuivatus; automaatne t\u00fchjendus; test 12,5K - Lavanno - pesuvahendite ekspert\" \/>\n<meta property=\"og:description\" content=\"ASKO Pro professionaalne kondenseeruv kuivati 6 kg \u2013 energias\u00e4\u00e4stlik, vastupidav ja sobiv pesumajadesse, iseteeninduspesulatesse ning \u00e4rikeskkondadesse\" \/>\n<meta property=\"og:url\" content=\"https:\/\/lavanno.com\/en\/toode\/asko-pro-kuivati-kondens-titaan-117l-6kg13-prg-230v-10a-20kw-liblikkuivatus-automaatne-tuhjendus-test-125k\/\" \/>\n<meta property=\"og:site_name\" content=\"Lavanno - pesuvahendite ekspert\" \/>\n<meta property=\"article:publisher\" content=\"https:\/\/www.facebook.com\/Lavanno.ee\" \/>\n<meta property=\"article:modified_time\" content=\"2026-05-02T05:25:03+00:00\" \/>\n<meta property=\"og:image\" content=\"https:\/\/lavanno.com\/wp-content\/uploads\/2025\/10\/Asko-pro-kuivati-pumbaga-kondens.png\" \/>\n\t<meta property=\"og:image:width\" content=\"800\" \/>\n\t<meta property=\"og:image:height\" content=\"800\" \/>\n\t<meta property=\"og:image:type\" content=\"image\/png\" \/>\n<meta name=\"twitter:card\" content=\"summary_large_image\" \/>\n<meta name=\"twitter:label1\" content=\"Est. reading time\" \/>\n\t<meta name=\"twitter:data1\" content=\"1 minute\" \/>\n<script type=\"application\/ld+json\" class=\"yoast-schema-graph\">{\"@context\":\"https:\/\/schema.org\",\"@graph\":[{\"@type\":\"WebPage\",\"@id\":\"https:\/\/lavanno.com\/en\/toode\/asko-pro-kuivati-kondens-titaan-117l-6kg13-prg-230v-10a-20kw-liblikkuivatus-automaatne-tuhjendus-test-125k\/\",\"url\":\"https:\/\/lavanno.com\/en\/toode\/asko-pro-kuivati-kondens-titaan-117l-6kg13-prg-230v-10a-20kw-liblikkuivatus-automaatne-tuhjendus-test-125k\/\",\"name\":\"ASKO Pro kuivati\/Kondens; Titaan; 117l\/6kg;13 prg; 230V\/10A\/2,0kW; liblikkuivatus; automaatne t\u00fchjendus; test 12,5K - Lavanno - pesuvahendite ekspert\",\"isPartOf\":{\"@id\":\"https:\/\/lavanno.com\/en\/#website\"},\"primaryImageOfPage\":{\"@id\":\"https:\/\/lavanno.com\/en\/toode\/asko-pro-kuivati-kondens-titaan-117l-6kg13-prg-230v-10a-20kw-liblikkuivatus-automaatne-tuhjendus-test-125k\/#primaryimage\"},\"image\":{\"@id\":\"https:\/\/lavanno.com\/en\/toode\/asko-pro-kuivati-kondens-titaan-117l-6kg13-prg-230v-10a-20kw-liblikkuivatus-automaatne-tuhjendus-test-125k\/#primaryimage\"},\"thumbnailUrl\":\"https:\/\/lavanno.com\/wp-content\/uploads\/2025\/10\/Asko-pro-kuivati-pumbaga-kondens.png\",\"datePublished\":\"2025-02-15T07:30:49+00:00\",\"dateModified\":\"2026-05-02T05:25:03+00:00\",\"description\":\"ASKO Pro professionaalne kondenseeruv kuivati 6 kg \u2013 energias\u00e4\u00e4stlik, vastupidav ja sobiv pesumajadesse, iseteeninduspesulatesse ning \u00e4rikeskkondadesse\",\"breadcrumb\":{\"@id\":\"https:\/\/lavanno.com\/en\/toode\/asko-pro-kuivati-kondens-titaan-117l-6kg13-prg-230v-10a-20kw-liblikkuivatus-automaatne-tuhjendus-test-125k\/#breadcrumb\"},\"inLanguage\":\"en-US\",\"potentialAction\":[{\"@type\":\"ReadAction\",\"target\":[\"https:\/\/lavanno.com\/en\/toode\/asko-pro-kuivati-kondens-titaan-117l-6kg13-prg-230v-10a-20kw-liblikkuivatus-automaatne-tuhjendus-test-125k\/\"]}]},{\"@type\":\"ImageObject\",\"inLanguage\":\"en-US\",\"@id\":\"https:\/\/lavanno.com\/en\/toode\/asko-pro-kuivati-kondens-titaan-117l-6kg13-prg-230v-10a-20kw-liblikkuivatus-automaatne-tuhjendus-test-125k\/#primaryimage\",\"url\":\"https:\/\/lavanno.com\/wp-content\/uploads\/2025\/10\/Asko-pro-kuivati-pumbaga-kondens.png\",\"contentUrl\":\"https:\/\/lavanno.com\/wp-content\/uploads\/2025\/10\/Asko-pro-kuivati-pumbaga-kondens.png\",\"width\":800,\"height\":800,\"caption\":\"Asko-pro-kuivati-pumbaga-kondens\"},{\"@type\":\"BreadcrumbList\",\"@id\":\"https:\/\/lavanno.com\/en\/toode\/asko-pro-kuivati-kondens-titaan-117l-6kg13-prg-230v-10a-20kw-liblikkuivatus-automaatne-tuhjendus-test-125k\/#breadcrumb\",\"itemListElement\":[{\"@type\":\"ListItem\",\"position\":1,\"name\":\"Home\",\"item\":\"https:\/\/lavanno.com\/en\/\"},{\"@type\":\"ListItem\",\"position\":2,\"name\":\"E-pood\",\"item\":\"https:\/\/lavanno.com\/e-pood\/\"},{\"@type\":\"ListItem\",\"position\":3,\"name\":\"ASKO Pro kuivati\/Kondens; Titaan; 117l\/6kg;13 prg; 230V\/10A\/2,0kW; liblikkuivatus; automaatne t\u00fchjendus; test 12,5K\"}]},{\"@type\":\"WebSite\",\"@id\":\"https:\/\/lavanno.com\/en\/#website\",\"url\":\"https:\/\/lavanno.com\/en\/\",\"name\":\"Lavanno - Pesuvahendite ekspert\",\"description\":\"Toome maale ja m\u00fc\u00fcme tekstiili pesuvahendeid, pesumajaseadmeid ja tarvikuid. Hooldame ja konsulteerime.\",\"publisher\":{\"@id\":\"https:\/\/lavanno.com\/en\/#organization\"},\"potentialAction\":[{\"@type\":\"SearchAction\",\"target\":{\"@type\":\"EntryPoint\",\"urlTemplate\":\"https:\/\/lavanno.com\/en\/?s={search_term_string}\"},\"query-input\":{\"@type\":\"PropertyValueSpecification\",\"valueRequired\":true,\"valueName\":\"search_term_string\"}}],\"inLanguage\":\"en-US\"},{\"@type\":\"Organization\",\"@id\":\"https:\/\/lavanno.com\/en\/#organization\",\"name\":\"Lavanno - Pesuvahendite ekspert\",\"url\":\"https:\/\/lavanno.com\/en\/\",\"logo\":{\"@type\":\"ImageObject\",\"inLanguage\":\"en-US\",\"@id\":\"https:\/\/lavanno.com\/en\/#\/schema\/logo\/image\/\",\"url\":\"https:\/\/lavanno.com\/wp-content\/uploads\/2025\/07\/Lavanno.png\",\"contentUrl\":\"https:\/\/lavanno.com\/wp-content\/uploads\/2025\/07\/Lavanno.png\",\"width\":1200,\"height\":1200,\"caption\":\"Lavanno - Pesuvahendite ekspert\"},\"image\":{\"@id\":\"https:\/\/lavanno.com\/en\/#\/schema\/logo\/image\/\"},\"sameAs\":[\"https:\/\/www.facebook.com\/Lavanno.ee\"]}]}<\/script>\n<!-- \/ Yoast SEO plugin. -->","yoast_head_json":{"title":"ASKO Pro kuivati\/Kondens; Titaan; 117l\/6kg;13 prg; 230V\/10A\/2,0kW; liblikkuivatus; automaatne t\u00fchjendus; test 12,5K - Lavanno - pesuvahendite ekspert","description":"ASKO Pro professionaalne kondenseeruv kuivati 6 kg \u2013 energias\u00e4\u00e4stlik, vastupidav ja sobiv pesumajadesse, iseteeninduspesulatesse ning \u00e4rikeskkondadesse","robots":{"index":"index","follow":"follow","max-snippet":"max-snippet:-1","max-image-preview":"max-image-preview:large","max-video-preview":"max-video-preview:-1"},"canonical":"https:\/\/lavanno.com\/en\/toode\/asko-pro-kuivati-kondens-titaan-117l-6kg13-prg-230v-10a-20kw-liblikkuivatus-automaatne-tuhjendus-test-125k\/","og_locale":"en_US","og_type":"article","og_title":"ASKO Pro kuivati\/Kondens; Titaan; 117l\/6kg;13 prg; 230V\/10A\/2,0kW; liblikkuivatus; automaatne t\u00fchjendus; test 12,5K - Lavanno - pesuvahendite ekspert","og_description":"ASKO Pro professionaalne kondenseeruv kuivati 6 kg \u2013 energias\u00e4\u00e4stlik, vastupidav ja sobiv pesumajadesse, iseteeninduspesulatesse ning \u00e4rikeskkondadesse","og_url":"https:\/\/lavanno.com\/en\/toode\/asko-pro-kuivati-kondens-titaan-117l-6kg13-prg-230v-10a-20kw-liblikkuivatus-automaatne-tuhjendus-test-125k\/","og_site_name":"Lavanno - pesuvahendite ekspert","article_publisher":"https:\/\/www.facebook.com\/Lavanno.ee","article_modified_time":"2026-05-02T05:25:03+00:00","og_image":[{"width":800,"height":800,"url":"https:\/\/lavanno.com\/wp-content\/uploads\/2025\/10\/Asko-pro-kuivati-pumbaga-kondens.png","type":"image\/png"}],"twitter_card":"summary_large_image","twitter_misc":{"Est. reading time":"1 minute"},"schema":{"@context":"https:\/\/schema.org","@graph":[{"@type":"WebPage","@id":"https:\/\/lavanno.com\/en\/toode\/asko-pro-kuivati-kondens-titaan-117l-6kg13-prg-230v-10a-20kw-liblikkuivatus-automaatne-tuhjendus-test-125k\/","url":"https:\/\/lavanno.com\/en\/toode\/asko-pro-kuivati-kondens-titaan-117l-6kg13-prg-230v-10a-20kw-liblikkuivatus-automaatne-tuhjendus-test-125k\/","name":"ASKO Pro kuivati\/Kondens; Titaan; 117l\/6kg;13 prg; 230V\/10A\/2,0kW; liblikkuivatus; automaatne t\u00fchjendus; test 12,5K - Lavanno - pesuvahendite ekspert","isPartOf":{"@id":"https:\/\/lavanno.com\/en\/#website"},"primaryImageOfPage":{"@id":"https:\/\/lavanno.com\/en\/toode\/asko-pro-kuivati-kondens-titaan-117l-6kg13-prg-230v-10a-20kw-liblikkuivatus-automaatne-tuhjendus-test-125k\/#primaryimage"},"image":{"@id":"https:\/\/lavanno.com\/en\/toode\/asko-pro-kuivati-kondens-titaan-117l-6kg13-prg-230v-10a-20kw-liblikkuivatus-automaatne-tuhjendus-test-125k\/#primaryimage"},"thumbnailUrl":"https:\/\/lavanno.com\/wp-content\/uploads\/2025\/10\/Asko-pro-kuivati-pumbaga-kondens.png","datePublished":"2025-02-15T07:30:49+00:00","dateModified":"2026-05-02T05:25:03+00:00","description":"ASKO Pro professionaalne kondenseeruv kuivati 6 kg \u2013 energias\u00e4\u00e4stlik, vastupidav ja sobiv pesumajadesse, iseteeninduspesulatesse ning \u00e4rikeskkondadesse","breadcrumb":{"@id":"https:\/\/lavanno.com\/en\/toode\/asko-pro-kuivati-kondens-titaan-117l-6kg13-prg-230v-10a-20kw-liblikkuivatus-automaatne-tuhjendus-test-125k\/#breadcrumb"},"inLanguage":"en-US","potentialAction":[{"@type":"ReadAction","target":["https:\/\/lavanno.com\/en\/toode\/asko-pro-kuivati-kondens-titaan-117l-6kg13-prg-230v-10a-20kw-liblikkuivatus-automaatne-tuhjendus-test-125k\/"]}]},{"@type":"ImageObject","inLanguage":"en-US","@id":"https:\/\/lavanno.com\/en\/toode\/asko-pro-kuivati-kondens-titaan-117l-6kg13-prg-230v-10a-20kw-liblikkuivatus-automaatne-tuhjendus-test-125k\/#primaryimage","url":"https:\/\/lavanno.com\/wp-content\/uploads\/2025\/10\/Asko-pro-kuivati-pumbaga-kondens.png","contentUrl":"https:\/\/lavanno.com\/wp-content\/uploads\/2025\/10\/Asko-pro-kuivati-pumbaga-kondens.png","width":800,"height":800,"caption":"Asko-pro-kuivati-pumbaga-kondens"},{"@type":"BreadcrumbList","@id":"https:\/\/lavanno.com\/en\/toode\/asko-pro-kuivati-kondens-titaan-117l-6kg13-prg-230v-10a-20kw-liblikkuivatus-automaatne-tuhjendus-test-125k\/#breadcrumb","itemListElement":[{"@type":"ListItem","position":1,"name":"Home","item":"https:\/\/lavanno.com\/en\/"},{"@type":"ListItem","position":2,"name":"E-pood","item":"https:\/\/lavanno.com\/e-pood\/"},{"@type":"ListItem","position":3,"name":"ASKO Pro kuivati\/Kondens; Titaan; 117l\/6kg;13 prg; 230V\/10A\/2,0kW; liblikkuivatus; automaatne t\u00fchjendus; test 12,5K"}]},{"@type":"WebSite","@id":"https:\/\/lavanno.com\/en\/#website","url":"https:\/\/lavanno.com\/en\/","name":"Lavanno - Pesuvahendite ekspert","description":"Toome maale ja m\u00fc\u00fcme tekstiili pesuvahendeid, pesumajaseadmeid ja tarvikuid. Hooldame ja konsulteerime.","publisher":{"@id":"https:\/\/lavanno.com\/en\/#organization"},"potentialAction":[{"@type":"SearchAction","target":{"@type":"EntryPoint","urlTemplate":"https:\/\/lavanno.com\/en\/?s={search_term_string}"},"query-input":{"@type":"PropertyValueSpecification","valueRequired":true,"valueName":"search_term_string"}}],"inLanguage":"en-US"},{"@type":"Organization","@id":"https:\/\/lavanno.com\/en\/#organization","name":"Lavanno - Pesuvahendite ekspert","url":"https:\/\/lavanno.com\/en\/","logo":{"@type":"ImageObject","inLanguage":"en-US","@id":"https:\/\/lavanno.com\/en\/#\/schema\/logo\/image\/","url":"https:\/\/lavanno.com\/wp-content\/uploads\/2025\/07\/Lavanno.png","contentUrl":"https:\/\/lavanno.com\/wp-content\/uploads\/2025\/07\/Lavanno.png","width":1200,"height":1200,"caption":"Lavanno - Pesuvahendite ekspert"},"image":{"@id":"https:\/\/lavanno.com\/en\/#\/schema\/logo\/image\/"},"sameAs":["https:\/\/www.facebook.com\/Lavanno.ee"]}]}},"_links":{"self":[{"href":"https:\/\/lavanno.com\/en\/wp-json\/wp\/v2\/product\/6781","targetHints":{"allow":["GET"]}}],"collection":[{"href":"https:\/\/lavanno.com\/en\/wp-json\/wp\/v2\/product"}],"about":[{"href":"https:\/\/lavanno.com\/en\/wp-json\/wp\/v2\/types\/product"}],"replies":[{"embeddable":true,"href":"https:\/\/lavanno.com\/en\/wp-json\/wp\/v2\/comments?post=6781"}],"wp:featuredmedia":[{"embeddable":true,"href":"https:\/\/lavanno.com\/en\/wp-json\/wp\/v2\/media\/12911"}],"wp:attachment":[{"href":"https:\/\/lavanno.com\/en\/wp-json\/wp\/v2\/media?parent=6781"}],"wp:term":[{"taxonomy":"product_brand","embeddable":true,"href":"https:\/\/lavanno.com\/en\/wp-json\/wp\/v2\/product_brand?post=6781"},{"taxonomy":"product_cat","embeddable":true,"href":"https:\/\/lavanno.com\/en\/wp-json\/wp\/v2\/product_cat?post=6781"},{"taxonomy":"product_tag","embeddable":true,"href":"https:\/\/lavanno.com\/en\/wp-json\/wp\/v2\/product_tag?post=6781"}],"curies":[{"name":"wp","href":"https:\/\/api.w.org\/{rel}","templated":true}]}}