{"id":7882,"date":"2025-03-18T12:56:39","date_gmt":"2025-03-18T10:56:39","guid":{"rendered":"https:\/\/lavanno.com\/product\/osoonikapp-trevi-san-maxi\/"},"modified":"2026-05-02T14:30:03","modified_gmt":"2026-05-02T11:30:03","slug":"osoonikapp-trevi-san-maxi","status":"publish","type":"product","link":"https:\/\/lavanno.com\/en\/toode\/osoonikapp-trevi-san-maxi\/","title":{"rendered":"TREVISAN osonikapp Maxi 80&#215;65,6&#215;184 cm 110kg; 230 V 50\/60 Hz, 0,17kW"},"content":{"rendered":"<p><strong>Mis on Osoon ja milliseid omadusi sellel on?\u00a0<\/strong><\/p>\n<p>Osoon on v\u00e4ga ebastabiilne maagaas, mis koosneb kolmevalentsest hapnikust (O3) ja millel on suur oks\u00fcdeeriv j\u0151ud.<\/p>\n<p>Looduses moodustub see t\u00e4nu \u00e4ikese ajal tekkivatele elektrilaengutele v\u0151i ultraviolettkiirguse m\u0151jul.<\/p>\n<p>On teada, et osoonikiht kaitseb meie planeeti tervisele kahjulike UV-B p\u00e4ikesekiirte eest, samas kui selle oks\u00fcdeerivad ja desinfitseerivad omadused on v\u00e4hem tuntud.<\/p>\n<p>&nbsp;<\/p>\n<ul>\n<li style=\"list-style-type: none;\">\n<ul>\n<li>Osoon on v\u0151imeline looduslikul moel lagundama ja k\u0151rvaldama k\u0151ik saastavad v\u0151i kahjulikud elemendid, nagu viirused, lestad, putukad, eosed, hallitusseened, kahjulikud kemikaalid ja isegi suits ning halvad l\u0151hnad.<\/li>\n<\/ul>\n<\/li>\n<\/ul>\n<p>&nbsp;<\/p>\n<p>&nbsp;<\/p>\n<p>&nbsp;<\/p>\n<ul>\n<li style=\"list-style-type: none;\">\n<ul>\n<li>Kuna tegemist on ebastabiilse gaasiga, muundub osoon m\u0151ne minuti p\u00e4rast kasutamist hapnikuks, j\u00e4tmata j\u00e4lgi ega keemilisi j\u00e4\u00e4ke, j\u00e4tmata kangale ebameeldivaid halbu l\u0151hnu ega plekke<\/li>\n<\/ul>\n<\/li>\n<\/ul>\n<p>&nbsp;<\/p>\n<p><strong>Osoon, kuidas see t\u00f6\u00f6tab?<\/strong><\/p>\n<p>Niipea kui osoon puutub kokku orgaaniliste ainetega, toimub oks\u00fcdatsioonireaktsioon.<\/p>\n<p>P\u0151him\u0151tteliselt tapetakse k\u0151ik elusad mikroorganismid, n\u00e4iteks lestad, bakterid, viirused, hallitusseened, samal ajal kui l\u0151hnamolekulid oks\u00fcdeeritakse ja muundatakse muudeks kahjututeks molekulideks, see protsess k\u0151rvaldab k\u0151ik halva l\u0151hna vormid.<\/p>\n<p>Kuna osoon on \u0151hust raskem gaas, v\u0151ib see tungida kangakiududesse (madratsid, diivanid, tugitoolid, vaibad, auto interj\u00f6\u00f6rid, kiivrid ja kingad &#8230;).<\/p>\n<p>Sel moel j\u0151uab see mikroorganismide ja ebameeldiva l\u0151hnaga aineteni, mis on olemas ka k\u0151ige raskemini ligip\u00e4\u00e4setavates kohtades, mida klassikalise pesu abil on v\u0151imatu p\u0151hjalikult desinfitseerida.<\/p>\n","protected":false},"excerpt":{"rendered":"<p><strong>TREVI-SAN, kuidas see t\u00f6\u00f6tab?<\/strong><\/p>\n<p>Esimene lamp, mis kiirgab lainepikkust 200 nm, v\u0151imaldab hapniku jagada ja muuta see hetkeks osooniks<\/p>\n<p>Tekkinud osoon oks\u00fcdeerib kapis k\u0151ik kahjulikud ained. Sisemine t\u00f6\u00f6stuslik ventilaator v\u0151imaldab \u0151iget \u0151huringlust ja seega osooni saavutamist k\u0151igis varjatud punktides<\/p>\n<p>Teine lamp, mis kiirgab lainepikkust 254 nm, aitab looduslikul osoonil muundada hapnikku<\/p>\n<p>Kui osoonitase on kahanenud, avab masin ukse ja saate sisse pandud toote k\u00e4tte, mis on t\u00e4ielikult desinfitseeritud.<\/p>\n","protected":false},"featured_media":7883,"comment_status":"open","ping_status":"closed","template":"","meta":[],"product_brand":[],"product_cat":[868],"product_tag":[],"class_list":{"0":"post-7882","1":"product","2":"type-product","3":"status-publish","4":"has-post-thumbnail","6":"product_cat-trevil","8":"first","9":"outofstock","10":"taxable","11":"shipping-taxable","12":"purchasable","13":"product-type-simple"},"yoast_head":"<!-- This site is optimized with the Yoast SEO plugin v27.0 - https:\/\/yoast.com\/product\/yoast-seo-wordpress\/ -->\n<title>TREVISAN osonikapp Maxi 80x65,6x184 cm 110kg; 230 V 50\/60 Hz, 0,17kW - Lavanno - pesuvahendite ekspert<\/title>\n<meta name=\"robots\" content=\"index, follow, max-snippet:-1, max-image-preview:large, max-video-preview:-1\" \/>\n<link rel=\"canonical\" href=\"https:\/\/lavanno.com\/en\/toode\/osoonikapp-trevi-san-maxi\/\" \/>\n<meta property=\"og:locale\" content=\"en_US\" \/>\n<meta property=\"og:type\" content=\"article\" \/>\n<meta property=\"og:title\" content=\"TREVISAN osonikapp Maxi 80x65,6x184 cm 110kg; 230 V 50\/60 Hz, 0,17kW - Lavanno - pesuvahendite ekspert\" \/>\n<meta property=\"og:description\" content=\"TREVI-SAN, kuidas see t\u00f6\u00f6tab?  Esimene lamp, mis kiirgab lainepikkust 200 nm, v\u0151imaldab hapniku jagada ja muuta see hetkeks osooniks  Tekkinud osoon oks\u00fcdeerib kapis k\u0151ik kahjulikud ained. Sisemine t\u00f6\u00f6stuslik ventilaator v\u0151imaldab \u0151iget \u0151huringlust ja seega osooni saavutamist k\u0151igis varjatud punktides  Teine lamp, mis kiirgab lainepikkust 254 nm, aitab looduslikul osoonil muundada hapnikku  Kui osoonitase on kahanenud, avab masin ukse ja saate sisse pandud toote k\u00e4tte, mis on t\u00e4ielikult desinfitseeritud.\" \/>\n<meta property=\"og:url\" content=\"https:\/\/lavanno.com\/en\/toode\/osoonikapp-trevi-san-maxi\/\" \/>\n<meta property=\"og:site_name\" content=\"Lavanno - pesuvahendite ekspert\" \/>\n<meta property=\"article:publisher\" content=\"https:\/\/www.facebook.com\/Lavanno.ee\" \/>\n<meta property=\"article:modified_time\" content=\"2026-05-02T11:30:03+00:00\" \/>\n<meta property=\"og:image\" content=\"https:\/\/lavanno.com\/wp-content\/uploads\/2025\/03\/osoonikapp-trevi-san.jpg\" \/>\n\t<meta property=\"og:image:width\" content=\"600\" \/>\n\t<meta property=\"og:image:height\" content=\"600\" \/>\n\t<meta property=\"og:image:type\" content=\"image\/jpeg\" \/>\n<meta name=\"twitter:card\" content=\"summary_large_image\" \/>\n<meta name=\"twitter:label1\" content=\"Est. reading time\" \/>\n\t<meta name=\"twitter:data1\" content=\"2 minutes\" \/>\n<script type=\"application\/ld+json\" class=\"yoast-schema-graph\">{\"@context\":\"https:\/\/schema.org\",\"@graph\":[{\"@type\":\"WebPage\",\"@id\":\"https:\/\/lavanno.com\/en\/toode\/osoonikapp-trevi-san-maxi\/\",\"url\":\"https:\/\/lavanno.com\/en\/toode\/osoonikapp-trevi-san-maxi\/\",\"name\":\"TREVISAN osonikapp Maxi 80x65,6x184 cm 110kg; 230 V 50\/60 Hz, 0,17kW - Lavanno - pesuvahendite ekspert\",\"isPartOf\":{\"@id\":\"https:\/\/lavanno.com\/en\/#website\"},\"primaryImageOfPage\":{\"@id\":\"https:\/\/lavanno.com\/en\/toode\/osoonikapp-trevi-san-maxi\/#primaryimage\"},\"image\":{\"@id\":\"https:\/\/lavanno.com\/en\/toode\/osoonikapp-trevi-san-maxi\/#primaryimage\"},\"thumbnailUrl\":\"https:\/\/lavanno.com\/wp-content\/uploads\/2025\/03\/osoonikapp-trevi-san.jpg\",\"datePublished\":\"2025-03-18T10:56:39+00:00\",\"dateModified\":\"2026-05-02T11:30:03+00:00\",\"breadcrumb\":{\"@id\":\"https:\/\/lavanno.com\/en\/toode\/osoonikapp-trevi-san-maxi\/#breadcrumb\"},\"inLanguage\":\"en-US\",\"potentialAction\":[{\"@type\":\"ReadAction\",\"target\":[\"https:\/\/lavanno.com\/en\/toode\/osoonikapp-trevi-san-maxi\/\"]}]},{\"@type\":\"ImageObject\",\"inLanguage\":\"en-US\",\"@id\":\"https:\/\/lavanno.com\/en\/toode\/osoonikapp-trevi-san-maxi\/#primaryimage\",\"url\":\"https:\/\/lavanno.com\/wp-content\/uploads\/2025\/03\/osoonikapp-trevi-san.jpg\",\"contentUrl\":\"https:\/\/lavanno.com\/wp-content\/uploads\/2025\/03\/osoonikapp-trevi-san.jpg\",\"width\":600,\"height\":600},{\"@type\":\"BreadcrumbList\",\"@id\":\"https:\/\/lavanno.com\/en\/toode\/osoonikapp-trevi-san-maxi\/#breadcrumb\",\"itemListElement\":[{\"@type\":\"ListItem\",\"position\":1,\"name\":\"Home\",\"item\":\"https:\/\/lavanno.com\/en\/\"},{\"@type\":\"ListItem\",\"position\":2,\"name\":\"E-pood\",\"item\":\"https:\/\/lavanno.com\/e-pood\/\"},{\"@type\":\"ListItem\",\"position\":3,\"name\":\"TREVISAN osonikapp Maxi 80&#215;65,6&#215;184 cm 110kg; 230 V 50\/60 Hz, 0,17kW\"}]},{\"@type\":\"WebSite\",\"@id\":\"https:\/\/lavanno.com\/en\/#website\",\"url\":\"https:\/\/lavanno.com\/en\/\",\"name\":\"Lavanno - Pesuvahendite ekspert\",\"description\":\"Toome maale ja m\u00fc\u00fcme tekstiili pesuvahendeid, pesumajaseadmeid ja tarvikuid. Hooldame ja konsulteerime.\",\"publisher\":{\"@id\":\"https:\/\/lavanno.com\/en\/#organization\"},\"potentialAction\":[{\"@type\":\"SearchAction\",\"target\":{\"@type\":\"EntryPoint\",\"urlTemplate\":\"https:\/\/lavanno.com\/en\/?s={search_term_string}\"},\"query-input\":{\"@type\":\"PropertyValueSpecification\",\"valueRequired\":true,\"valueName\":\"search_term_string\"}}],\"inLanguage\":\"en-US\"},{\"@type\":\"Organization\",\"@id\":\"https:\/\/lavanno.com\/en\/#organization\",\"name\":\"Lavanno - Pesuvahendite ekspert\",\"url\":\"https:\/\/lavanno.com\/en\/\",\"logo\":{\"@type\":\"ImageObject\",\"inLanguage\":\"en-US\",\"@id\":\"https:\/\/lavanno.com\/en\/#\/schema\/logo\/image\/\",\"url\":\"https:\/\/lavanno.com\/wp-content\/uploads\/2025\/07\/Lavanno.png\",\"contentUrl\":\"https:\/\/lavanno.com\/wp-content\/uploads\/2025\/07\/Lavanno.png\",\"width\":1200,\"height\":1200,\"caption\":\"Lavanno - Pesuvahendite ekspert\"},\"image\":{\"@id\":\"https:\/\/lavanno.com\/en\/#\/schema\/logo\/image\/\"},\"sameAs\":[\"https:\/\/www.facebook.com\/Lavanno.ee\"]}]}<\/script>\n<!-- \/ Yoast SEO plugin. -->","yoast_head_json":{"title":"TREVISAN osonikapp Maxi 80x65,6x184 cm 110kg; 230 V 50\/60 Hz, 0,17kW - Lavanno - pesuvahendite ekspert","robots":{"index":"index","follow":"follow","max-snippet":"max-snippet:-1","max-image-preview":"max-image-preview:large","max-video-preview":"max-video-preview:-1"},"canonical":"https:\/\/lavanno.com\/en\/toode\/osoonikapp-trevi-san-maxi\/","og_locale":"en_US","og_type":"article","og_title":"TREVISAN osonikapp Maxi 80x65,6x184 cm 110kg; 230 V 50\/60 Hz, 0,17kW - Lavanno - pesuvahendite ekspert","og_description":"TREVI-SAN, kuidas see t\u00f6\u00f6tab?  Esimene lamp, mis kiirgab lainepikkust 200 nm, v\u0151imaldab hapniku jagada ja muuta see hetkeks osooniks  Tekkinud osoon oks\u00fcdeerib kapis k\u0151ik kahjulikud ained. Sisemine t\u00f6\u00f6stuslik ventilaator v\u0151imaldab \u0151iget \u0151huringlust ja seega osooni saavutamist k\u0151igis varjatud punktides  Teine lamp, mis kiirgab lainepikkust 254 nm, aitab looduslikul osoonil muundada hapnikku  Kui osoonitase on kahanenud, avab masin ukse ja saate sisse pandud toote k\u00e4tte, mis on t\u00e4ielikult desinfitseeritud.","og_url":"https:\/\/lavanno.com\/en\/toode\/osoonikapp-trevi-san-maxi\/","og_site_name":"Lavanno - pesuvahendite ekspert","article_publisher":"https:\/\/www.facebook.com\/Lavanno.ee","article_modified_time":"2026-05-02T11:30:03+00:00","og_image":[{"width":600,"height":600,"url":"https:\/\/lavanno.com\/wp-content\/uploads\/2025\/03\/osoonikapp-trevi-san.jpg","type":"image\/jpeg"}],"twitter_card":"summary_large_image","twitter_misc":{"Est. reading time":"2 minutes"},"schema":{"@context":"https:\/\/schema.org","@graph":[{"@type":"WebPage","@id":"https:\/\/lavanno.com\/en\/toode\/osoonikapp-trevi-san-maxi\/","url":"https:\/\/lavanno.com\/en\/toode\/osoonikapp-trevi-san-maxi\/","name":"TREVISAN osonikapp Maxi 80x65,6x184 cm 110kg; 230 V 50\/60 Hz, 0,17kW - Lavanno - pesuvahendite ekspert","isPartOf":{"@id":"https:\/\/lavanno.com\/en\/#website"},"primaryImageOfPage":{"@id":"https:\/\/lavanno.com\/en\/toode\/osoonikapp-trevi-san-maxi\/#primaryimage"},"image":{"@id":"https:\/\/lavanno.com\/en\/toode\/osoonikapp-trevi-san-maxi\/#primaryimage"},"thumbnailUrl":"https:\/\/lavanno.com\/wp-content\/uploads\/2025\/03\/osoonikapp-trevi-san.jpg","datePublished":"2025-03-18T10:56:39+00:00","dateModified":"2026-05-02T11:30:03+00:00","breadcrumb":{"@id":"https:\/\/lavanno.com\/en\/toode\/osoonikapp-trevi-san-maxi\/#breadcrumb"},"inLanguage":"en-US","potentialAction":[{"@type":"ReadAction","target":["https:\/\/lavanno.com\/en\/toode\/osoonikapp-trevi-san-maxi\/"]}]},{"@type":"ImageObject","inLanguage":"en-US","@id":"https:\/\/lavanno.com\/en\/toode\/osoonikapp-trevi-san-maxi\/#primaryimage","url":"https:\/\/lavanno.com\/wp-content\/uploads\/2025\/03\/osoonikapp-trevi-san.jpg","contentUrl":"https:\/\/lavanno.com\/wp-content\/uploads\/2025\/03\/osoonikapp-trevi-san.jpg","width":600,"height":600},{"@type":"BreadcrumbList","@id":"https:\/\/lavanno.com\/en\/toode\/osoonikapp-trevi-san-maxi\/#breadcrumb","itemListElement":[{"@type":"ListItem","position":1,"name":"Home","item":"https:\/\/lavanno.com\/en\/"},{"@type":"ListItem","position":2,"name":"E-pood","item":"https:\/\/lavanno.com\/e-pood\/"},{"@type":"ListItem","position":3,"name":"TREVISAN osonikapp Maxi 80&#215;65,6&#215;184 cm 110kg; 230 V 50\/60 Hz, 0,17kW"}]},{"@type":"WebSite","@id":"https:\/\/lavanno.com\/en\/#website","url":"https:\/\/lavanno.com\/en\/","name":"Lavanno - Pesuvahendite ekspert","description":"Toome maale ja m\u00fc\u00fcme tekstiili pesuvahendeid, pesumajaseadmeid ja tarvikuid. Hooldame ja konsulteerime.","publisher":{"@id":"https:\/\/lavanno.com\/en\/#organization"},"potentialAction":[{"@type":"SearchAction","target":{"@type":"EntryPoint","urlTemplate":"https:\/\/lavanno.com\/en\/?s={search_term_string}"},"query-input":{"@type":"PropertyValueSpecification","valueRequired":true,"valueName":"search_term_string"}}],"inLanguage":"en-US"},{"@type":"Organization","@id":"https:\/\/lavanno.com\/en\/#organization","name":"Lavanno - Pesuvahendite ekspert","url":"https:\/\/lavanno.com\/en\/","logo":{"@type":"ImageObject","inLanguage":"en-US","@id":"https:\/\/lavanno.com\/en\/#\/schema\/logo\/image\/","url":"https:\/\/lavanno.com\/wp-content\/uploads\/2025\/07\/Lavanno.png","contentUrl":"https:\/\/lavanno.com\/wp-content\/uploads\/2025\/07\/Lavanno.png","width":1200,"height":1200,"caption":"Lavanno - Pesuvahendite ekspert"},"image":{"@id":"https:\/\/lavanno.com\/en\/#\/schema\/logo\/image\/"},"sameAs":["https:\/\/www.facebook.com\/Lavanno.ee"]}]}},"_links":{"self":[{"href":"https:\/\/lavanno.com\/en\/wp-json\/wp\/v2\/product\/7882","targetHints":{"allow":["GET"]}}],"collection":[{"href":"https:\/\/lavanno.com\/en\/wp-json\/wp\/v2\/product"}],"about":[{"href":"https:\/\/lavanno.com\/en\/wp-json\/wp\/v2\/types\/product"}],"replies":[{"embeddable":true,"href":"https:\/\/lavanno.com\/en\/wp-json\/wp\/v2\/comments?post=7882"}],"wp:featuredmedia":[{"embeddable":true,"href":"https:\/\/lavanno.com\/en\/wp-json\/wp\/v2\/media\/7883"}],"wp:attachment":[{"href":"https:\/\/lavanno.com\/en\/wp-json\/wp\/v2\/media?parent=7882"}],"wp:term":[{"taxonomy":"product_brand","embeddable":true,"href":"https:\/\/lavanno.com\/en\/wp-json\/wp\/v2\/product_brand?post=7882"},{"taxonomy":"product_cat","embeddable":true,"href":"https:\/\/lavanno.com\/en\/wp-json\/wp\/v2\/product_cat?post=7882"},{"taxonomy":"product_tag","embeddable":true,"href":"https:\/\/lavanno.com\/en\/wp-json\/wp\/v2\/product_tag?post=7882"}],"curies":[{"name":"wp","href":"https:\/\/api.w.org\/{rel}","templated":true}]}}