{"id":8062,"date":"2025-03-18T12:58:35","date_gmt":"2025-03-18T10:58:35","guid":{"rendered":"https:\/\/lavanno.com\/product\/toostuslik-pesumasin-grandimpianti-gwh450\/"},"modified":"2026-05-02T14:35:01","modified_gmt":"2026-05-02T11:35:01","slug":"toostuslik-pesumasin-grandimpianti-gwh450","status":"publish","type":"product","link":"https:\/\/lavanno.com\/en\/toode\/toostuslik-pesumasin-grandimpianti-gwh450\/","title":{"rendered":"Grandimpianti pesumasin 45kg (450L); 839rpm, 360G; 380-415V 3N 50\/60Hz, 43,5kW (63A); M1315x1502x1925; 1350kg; kaalumine; 5 signaali; \u00e4ravool 2&#215;3&#8243;"},"content":{"rendered":"<p>https:\/\/www.youtube.com\/watch?v=y9clOKunCQ4<\/p>\n<p><strong>Uus ajastu suure mahutavusega pesumasinas!<\/strong><\/p>\n<p>Meie uued professionaalsed GWH 350-450-600 Wavy pesumasinad on disaini ja kasutajaliidese kaudu t\u00e4ielikult renoveeritud, kuid kvaliteet, mehaanilised omadused ja j\u0151udlus on alati samad. N\u00fc\u00fcd on LCD-ekraan vertikaalne ja puutetundliku ekraaniga, l\u00e4ikivad esiosad on inspireeritud k\u0151rgtehnoloogia valdkonnast ja annavad seadmetele v\u00e4\u00e4rilisuse ning l\u0151puks on uuenduslik juhtimiss\u00fcsteem Wavy lihtne, interaktiivne, mitmetasandiline ja ajakohane t\u00e4nu Teenus TheMind.cloud.<\/p>\n<p><strong>Keskkonnas\u0151bralikud t\u00f6\u00f6stuslikud pesumasinad<\/strong><\/p>\n<p>Need uued kiire tsentrifuugimisega pesumasinad on standardvarustuses\u00a0 k\u00e4sitsi kaalumiss\u00fcsteemiga MWS, mis v\u0151imaldab s\u00e4\u00e4sta kuni 50% pesuvahenditest: optimeerides energiat, vett ja pesuvahendeid vastavalt laaditud pesu tegelikule kogusele, suudab s\u00fcsteem v\u00e4hendada j\u00e4\u00e4tmeid keskkonnam\u0151ju.<\/p>\n<p>Need keskkonnas\u0151bralikud pesumasinad tagavad tohutu vee kokkuhoiu! Teine v\u00e4ljalaskeklapp v\u0151imaldab t\u0151epoolest vett suunata kanalisatsioonis\u00fcsteemi asemel taaskasutuspaaki. Vett saab hiljem kasutada teiste pesuprogrammide jaoks. See ja muud tehnoloogilised lahendused loovad ideaalse kombinatsiooni k\u0151rgete kvaliteedistandardite, energias\u00e4\u00e4stu ja v\u00e4hendatud tegevuskulude vahel.<\/p>\n<p><strong>Kogemuse kindlus<\/strong><\/p>\n<p>Nende energias\u00e4\u00e4stlike pesumasinate struktuur on eriti tugev ja sobib intensiivseks t\u00f6\u00f6ks. P\u0151hja l\u00e4hedal paiknev mootor hoiab raskuskeset maapinna l\u00e4hedal, v\u00e4hendades vibratsiooni ja m\u00fcrataset tsentrifuugimise ajal.<\/p>\n<p>Inverteri tehnoloogia v\u0151imaldab programmide sujuvat k\u00e4ivitamist ja edasil\u00fckkamist, s\u00e4ilitades pesu kvaliteedi ja minimeerides masina mehaanilist pinget. Maksimaalses konfiguratsioonis (GWH600) kasutatakse neid t\u00f6\u00f6stuslikke pesumasinaid kuni 420 \u00f7 450 kg pesu t\u00f6\u00f6tlemiseks p\u00e4evas (7 ts\u00fcklit 8 tunni jooksul).<\/p>\n<p><strong>K\u0151rge puhtuse ja h\u00fcgieeni standard<\/strong><\/p>\n<p>Alates mudelist GWH350 on standardis k\u0151ik t\u00f6\u00f6stuslikud pesumasinad varustatud 5 viie vedela pesuvahendi valmidusega \u00fchendada pesuainedosaator. Soovi korral saab neid varustada kuni 14 seebipumba \u00fchendusega.<\/p>\n<p>Seebidosaator (alati kaasas) on varustatud 5 lahtriga (iga\u00fcks mahutab 1 liitrit) vedelate v\u0151i pulbriliste pesuvahendite jaoks.<\/p>\n<p><strong>Ohutus on meie jaoks standard<\/strong><\/p>\n<p>3D elektrooniline tasakaaluandur on GWH masinate uuenduslik lahendusstandard, mis hoiab \u00e4ra liigselt tasakaalustamata p\u00f6\u00f6rlemisfaasid, s\u00e4ilitades mehaanilised osad ja tagades komponentide pika eluea.<\/p>\n<p><strong>Alati maksimaalne kontroll<\/strong><\/p>\n<p>Uue GWH 350-450-600 Wavy tootevaliku revolutsioon on masina, uue Wavy-nimelise juhtimiss\u00fcsteemi ja uuendusliku TheMind.cloud-teenuse aju. Wavy on kasutajas\u0151bralik, interaktiivne ja puutetundliku ekraaniga liides, mis annab teavet masina programmeerimise ja kasutamise kohta vastavalt kasutajakogemusele. Protseduurid on lihtsad, samm-sammult ja k\u0151ik on kasutajatele doseeritud (algajad \/ kesktase, eksperdid \/ professionaalid, tehnilised).<\/p>\n<p>Teenuse TheMind t\u0151ttu on seadmed alati ajakohased ja k\u0151ik on kontrolli all: oskusteave, protsessid ja diagrammid, juhtimine ja diagnostika, kulude haldamine ja kaughooldusteenus. K\u0151ik on vaid hiirekl\u0151psu kaugusel!<\/p>\n<ul>\n<li>Wavy juhtimise s\u00fcsteem on lihtne, modernne ja interaktiivne, mis lubab luua erinevaid kasutaja profiile ja l\u00e4htuvalt sellele anda ka juurdep\u00e4\u00e4su\u0151igusi: Iseteeninduslik, Tavakasutaja, Edasij\u0151udnud, Professionaalne, Tehniline<\/li>\n<li>Standard funktsioonide hulgas on ohutuse turvakaart ja 3D-sensorit kasutav trumli tasakaalustamise s\u00fcsteem;<\/li>\n<li>Isegi keerukate pesemisskeemide programmeerimine on sama lihtne ja intuitiivne kui nutitelefoni kasutamine: on aeg puutetundlikele \u00fcle minna!<\/li>\n<li>Pesuprogrammide arv on piiramatu, need on salvestatud masina Wavy juhtimise s\u00fcsteemi v\u0151i lisavarustuse teenuse raames asuvad TheMind pilvetarkvaras.<\/li>\n<li>Andmearhiiv, n\u00e4iteks tarbimine, kasutamine, t\u0151rke ajalugu ja hooldus on masinas alati saadaval;<\/li>\n<li>Wavy haldab kuni 14 pesuaine signaali ja omab 5 pesuvahendi jaoturit. 5 pesuaine signaali on standardis;<\/li>\n<li>Topelt \u00e4ravooluventiil standardis, mis tagab kiire vee \u00e4ravoolu v\u0151i pesuvee taaskasutuse v\u0151imaluse;<\/li>\n<li>Wifi \u00fchendus: teie pass maailma. Seadmetel on wifi saatja standardvarustuses ja t\u00e4nu pilvetarkvarale on pesuprogrammide k\u0151ik ts\u00fcklid ja parameetrid lihtsasti seadistatavad; K\u00fclasta <a href=\"http:\/\/www.themind.cloud\">themind.cloud<\/a>.<\/li>\n<li>MWS (manuaalne kaalumise s\u00fcsteem) ja kulude optimeerimine standardvarustuses. Wavy koos MWS iseseisvalt reguleerib veetaseme, pesuvahendite kontsentratsiooni ja mehaanika pesus: lihtsalt puuduta ekraani ja lisa kaal;<\/li>\n<li>Uus ja kaasaegne Itaalia disain.<\/li>\n<\/ul>\n<p><strong>Lisavarustus ka k\u0151ige n\u0151udlikeimale\u00a0<\/strong><\/p>\n<p>Keerukate paigaldustingimuste n\u0151udmistele on saadaval mitmeid lisaseadmeid, n\u00e4iteks pinge stabilisaatorid ja komponendid spetsiaalsete pingete jaoks. T\u00e4nu nendele seadmetele saab pesumaja juht kasutada selle masinavaliku v\u0151imalusi isegi k\u0151ige keerulisemates asukohtades, n\u00e4iteks liikuvatel t\u00f6\u00f6v\u00e4ljadel, kaevandustes, \u0151liplatvormidel v\u0151i laeva pardal.<\/p>\n","protected":false},"excerpt":{"rendered":"<p>Kiire tsentrifuugiga t\u00f6\u00f6stuslik pesumasin, millel Wavy juhtimise s\u00fcsteem (\u00fcle wifi seadistatav ja j\u00e4lgitav) ja MWS s\u00fcsteem (manuaalne kaalumise s\u00fcsteem). Saadaval kolm erinevat suurust 35, 45 ja 60kg.<\/p>\n","protected":false},"featured_media":8063,"comment_status":"open","ping_status":"closed","template":"","meta":[],"product_brand":[],"product_cat":[506,507,508,509],"product_tag":[],"class_list":{"0":"post-8062","1":"product","2":"type-product","3":"status-publish","4":"has-post-thumbnail","6":"product_cat-ariklient","7":"product_cat-pesumajaseadmed","8":"product_cat-pesumasinad","9":"product_cat-toostuslikud-pesumasinad","11":"first","12":"outofstock","13":"taxable","14":"shipping-taxable","15":"purchasable","16":"product-type-simple"},"yoast_head":"<!-- This site is optimized with the Yoast SEO plugin v27.0 - https:\/\/yoast.com\/product\/yoast-seo-wordpress\/ -->\n<title>Grandimpianti pesumasin 45kg (450L); 839rpm, 360G; 380-415V 3N 50\/60Hz, 43,5kW (63A); M1315x1502x1925; 1350kg; kaalumine; 5 signaali; \u00e4ravool 2x3&quot; - Lavanno - pesuvahendite ekspert<\/title>\n<meta name=\"robots\" content=\"index, follow, max-snippet:-1, max-image-preview:large, max-video-preview:-1\" \/>\n<link rel=\"canonical\" href=\"https:\/\/lavanno.com\/en\/toode\/toostuslik-pesumasin-grandimpianti-gwh450\/\" \/>\n<meta property=\"og:locale\" content=\"en_US\" \/>\n<meta property=\"og:type\" content=\"article\" \/>\n<meta property=\"og:title\" content=\"Grandimpianti pesumasin 45kg (450L); 839rpm, 360G; 380-415V 3N 50\/60Hz, 43,5kW (63A); M1315x1502x1925; 1350kg; kaalumine; 5 signaali; \u00e4ravool 2x3&quot; - Lavanno - pesuvahendite ekspert\" \/>\n<meta property=\"og:description\" content=\"Kiire tsentrifuugiga t\u00f6\u00f6stuslik pesumasin, millel Wavy juhtimise s\u00fcsteem (\u00fcle wifi seadistatav ja j\u00e4lgitav) ja MWS s\u00fcsteem (manuaalne kaalumise s\u00fcsteem). Saadaval kolm erinevat suurust 35, 45 ja 60kg.\" \/>\n<meta property=\"og:url\" content=\"https:\/\/lavanno.com\/en\/toode\/toostuslik-pesumasin-grandimpianti-gwh450\/\" \/>\n<meta property=\"og:site_name\" content=\"Lavanno - pesuvahendite ekspert\" \/>\n<meta property=\"article:publisher\" content=\"https:\/\/www.facebook.com\/Lavanno.ee\" \/>\n<meta property=\"article:modified_time\" content=\"2026-05-02T11:35:01+00:00\" \/>\n<meta property=\"og:image\" content=\"https:\/\/lavanno.com\/wp-content\/uploads\/2025\/03\/GWH_tootepilt.jpg\" \/>\n\t<meta property=\"og:image:width\" content=\"2480\" \/>\n\t<meta property=\"og:image:height\" content=\"1850\" \/>\n\t<meta property=\"og:image:type\" content=\"image\/jpeg\" \/>\n<meta name=\"twitter:card\" content=\"summary_large_image\" \/>\n<meta name=\"twitter:label1\" content=\"Est. reading time\" \/>\n\t<meta name=\"twitter:data1\" content=\"3 minutes\" \/>\n<script type=\"application\/ld+json\" class=\"yoast-schema-graph\">{\"@context\":\"https:\/\/schema.org\",\"@graph\":[{\"@type\":\"WebPage\",\"@id\":\"https:\/\/lavanno.com\/en\/toode\/toostuslik-pesumasin-grandimpianti-gwh450\/\",\"url\":\"https:\/\/lavanno.com\/en\/toode\/toostuslik-pesumasin-grandimpianti-gwh450\/\",\"name\":\"Grandimpianti pesumasin 45kg (450L); 839rpm, 360G; 380-415V 3N 50\/60Hz, 43,5kW (63A); M1315x1502x1925; 1350kg; kaalumine; 5 signaali; \u00e4ravool 2x3\\\" - Lavanno - pesuvahendite ekspert\",\"isPartOf\":{\"@id\":\"https:\/\/lavanno.com\/en\/#website\"},\"primaryImageOfPage\":{\"@id\":\"https:\/\/lavanno.com\/en\/toode\/toostuslik-pesumasin-grandimpianti-gwh450\/#primaryimage\"},\"image\":{\"@id\":\"https:\/\/lavanno.com\/en\/toode\/toostuslik-pesumasin-grandimpianti-gwh450\/#primaryimage\"},\"thumbnailUrl\":\"https:\/\/lavanno.com\/wp-content\/uploads\/2025\/03\/GWH_tootepilt.jpg\",\"datePublished\":\"2025-03-18T10:58:35+00:00\",\"dateModified\":\"2026-05-02T11:35:01+00:00\",\"breadcrumb\":{\"@id\":\"https:\/\/lavanno.com\/en\/toode\/toostuslik-pesumasin-grandimpianti-gwh450\/#breadcrumb\"},\"inLanguage\":\"en-US\",\"potentialAction\":[{\"@type\":\"ReadAction\",\"target\":[\"https:\/\/lavanno.com\/en\/toode\/toostuslik-pesumasin-grandimpianti-gwh450\/\"]}]},{\"@type\":\"ImageObject\",\"inLanguage\":\"en-US\",\"@id\":\"https:\/\/lavanno.com\/en\/toode\/toostuslik-pesumasin-grandimpianti-gwh450\/#primaryimage\",\"url\":\"https:\/\/lavanno.com\/wp-content\/uploads\/2025\/03\/GWH_tootepilt.jpg\",\"contentUrl\":\"https:\/\/lavanno.com\/wp-content\/uploads\/2025\/03\/GWH_tootepilt.jpg\",\"width\":2480,\"height\":1850},{\"@type\":\"BreadcrumbList\",\"@id\":\"https:\/\/lavanno.com\/en\/toode\/toostuslik-pesumasin-grandimpianti-gwh450\/#breadcrumb\",\"itemListElement\":[{\"@type\":\"ListItem\",\"position\":1,\"name\":\"Home\",\"item\":\"https:\/\/lavanno.com\/en\/\"},{\"@type\":\"ListItem\",\"position\":2,\"name\":\"E-pood\",\"item\":\"https:\/\/lavanno.com\/e-pood\/\"},{\"@type\":\"ListItem\",\"position\":3,\"name\":\"Grandimpianti pesumasin 45kg (450L); 839rpm, 360G; 380-415V 3N 50\/60Hz, 43,5kW (63A); M1315x1502x1925; 1350kg; kaalumine; 5 signaali; \u00e4ravool 2&#215;3&#8243;\"}]},{\"@type\":\"WebSite\",\"@id\":\"https:\/\/lavanno.com\/en\/#website\",\"url\":\"https:\/\/lavanno.com\/en\/\",\"name\":\"Lavanno - Pesuvahendite ekspert\",\"description\":\"Toome maale ja m\u00fc\u00fcme tekstiili pesuvahendeid, pesumajaseadmeid ja tarvikuid. Hooldame ja konsulteerime.\",\"publisher\":{\"@id\":\"https:\/\/lavanno.com\/en\/#organization\"},\"potentialAction\":[{\"@type\":\"SearchAction\",\"target\":{\"@type\":\"EntryPoint\",\"urlTemplate\":\"https:\/\/lavanno.com\/en\/?s={search_term_string}\"},\"query-input\":{\"@type\":\"PropertyValueSpecification\",\"valueRequired\":true,\"valueName\":\"search_term_string\"}}],\"inLanguage\":\"en-US\"},{\"@type\":\"Organization\",\"@id\":\"https:\/\/lavanno.com\/en\/#organization\",\"name\":\"Lavanno - Pesuvahendite ekspert\",\"url\":\"https:\/\/lavanno.com\/en\/\",\"logo\":{\"@type\":\"ImageObject\",\"inLanguage\":\"en-US\",\"@id\":\"https:\/\/lavanno.com\/en\/#\/schema\/logo\/image\/\",\"url\":\"https:\/\/lavanno.com\/wp-content\/uploads\/2025\/07\/Lavanno.png\",\"contentUrl\":\"https:\/\/lavanno.com\/wp-content\/uploads\/2025\/07\/Lavanno.png\",\"width\":1200,\"height\":1200,\"caption\":\"Lavanno - Pesuvahendite ekspert\"},\"image\":{\"@id\":\"https:\/\/lavanno.com\/en\/#\/schema\/logo\/image\/\"},\"sameAs\":[\"https:\/\/www.facebook.com\/Lavanno.ee\"]}]}<\/script>\n<!-- \/ Yoast SEO plugin. -->","yoast_head_json":{"title":"Grandimpianti pesumasin 45kg (450L); 839rpm, 360G; 380-415V 3N 50\/60Hz, 43,5kW (63A); M1315x1502x1925; 1350kg; kaalumine; 5 signaali; \u00e4ravool 2x3\" - Lavanno - pesuvahendite ekspert","robots":{"index":"index","follow":"follow","max-snippet":"max-snippet:-1","max-image-preview":"max-image-preview:large","max-video-preview":"max-video-preview:-1"},"canonical":"https:\/\/lavanno.com\/en\/toode\/toostuslik-pesumasin-grandimpianti-gwh450\/","og_locale":"en_US","og_type":"article","og_title":"Grandimpianti pesumasin 45kg (450L); 839rpm, 360G; 380-415V 3N 50\/60Hz, 43,5kW (63A); M1315x1502x1925; 1350kg; kaalumine; 5 signaali; \u00e4ravool 2x3\" - Lavanno - pesuvahendite ekspert","og_description":"Kiire tsentrifuugiga t\u00f6\u00f6stuslik pesumasin, millel Wavy juhtimise s\u00fcsteem (\u00fcle wifi seadistatav ja j\u00e4lgitav) ja MWS s\u00fcsteem (manuaalne kaalumise s\u00fcsteem). Saadaval kolm erinevat suurust 35, 45 ja 60kg.","og_url":"https:\/\/lavanno.com\/en\/toode\/toostuslik-pesumasin-grandimpianti-gwh450\/","og_site_name":"Lavanno - pesuvahendite ekspert","article_publisher":"https:\/\/www.facebook.com\/Lavanno.ee","article_modified_time":"2026-05-02T11:35:01+00:00","og_image":[{"width":2480,"height":1850,"url":"https:\/\/lavanno.com\/wp-content\/uploads\/2025\/03\/GWH_tootepilt.jpg","type":"image\/jpeg"}],"twitter_card":"summary_large_image","twitter_misc":{"Est. reading time":"3 minutes"},"schema":{"@context":"https:\/\/schema.org","@graph":[{"@type":"WebPage","@id":"https:\/\/lavanno.com\/en\/toode\/toostuslik-pesumasin-grandimpianti-gwh450\/","url":"https:\/\/lavanno.com\/en\/toode\/toostuslik-pesumasin-grandimpianti-gwh450\/","name":"Grandimpianti pesumasin 45kg (450L); 839rpm, 360G; 380-415V 3N 50\/60Hz, 43,5kW (63A); M1315x1502x1925; 1350kg; kaalumine; 5 signaali; \u00e4ravool 2x3\" - Lavanno - pesuvahendite ekspert","isPartOf":{"@id":"https:\/\/lavanno.com\/en\/#website"},"primaryImageOfPage":{"@id":"https:\/\/lavanno.com\/en\/toode\/toostuslik-pesumasin-grandimpianti-gwh450\/#primaryimage"},"image":{"@id":"https:\/\/lavanno.com\/en\/toode\/toostuslik-pesumasin-grandimpianti-gwh450\/#primaryimage"},"thumbnailUrl":"https:\/\/lavanno.com\/wp-content\/uploads\/2025\/03\/GWH_tootepilt.jpg","datePublished":"2025-03-18T10:58:35+00:00","dateModified":"2026-05-02T11:35:01+00:00","breadcrumb":{"@id":"https:\/\/lavanno.com\/en\/toode\/toostuslik-pesumasin-grandimpianti-gwh450\/#breadcrumb"},"inLanguage":"en-US","potentialAction":[{"@type":"ReadAction","target":["https:\/\/lavanno.com\/en\/toode\/toostuslik-pesumasin-grandimpianti-gwh450\/"]}]},{"@type":"ImageObject","inLanguage":"en-US","@id":"https:\/\/lavanno.com\/en\/toode\/toostuslik-pesumasin-grandimpianti-gwh450\/#primaryimage","url":"https:\/\/lavanno.com\/wp-content\/uploads\/2025\/03\/GWH_tootepilt.jpg","contentUrl":"https:\/\/lavanno.com\/wp-content\/uploads\/2025\/03\/GWH_tootepilt.jpg","width":2480,"height":1850},{"@type":"BreadcrumbList","@id":"https:\/\/lavanno.com\/en\/toode\/toostuslik-pesumasin-grandimpianti-gwh450\/#breadcrumb","itemListElement":[{"@type":"ListItem","position":1,"name":"Home","item":"https:\/\/lavanno.com\/en\/"},{"@type":"ListItem","position":2,"name":"E-pood","item":"https:\/\/lavanno.com\/e-pood\/"},{"@type":"ListItem","position":3,"name":"Grandimpianti pesumasin 45kg (450L); 839rpm, 360G; 380-415V 3N 50\/60Hz, 43,5kW (63A); M1315x1502x1925; 1350kg; kaalumine; 5 signaali; \u00e4ravool 2&#215;3&#8243;"}]},{"@type":"WebSite","@id":"https:\/\/lavanno.com\/en\/#website","url":"https:\/\/lavanno.com\/en\/","name":"Lavanno - Pesuvahendite ekspert","description":"Toome maale ja m\u00fc\u00fcme tekstiili pesuvahendeid, pesumajaseadmeid ja tarvikuid. Hooldame ja konsulteerime.","publisher":{"@id":"https:\/\/lavanno.com\/en\/#organization"},"potentialAction":[{"@type":"SearchAction","target":{"@type":"EntryPoint","urlTemplate":"https:\/\/lavanno.com\/en\/?s={search_term_string}"},"query-input":{"@type":"PropertyValueSpecification","valueRequired":true,"valueName":"search_term_string"}}],"inLanguage":"en-US"},{"@type":"Organization","@id":"https:\/\/lavanno.com\/en\/#organization","name":"Lavanno - Pesuvahendite ekspert","url":"https:\/\/lavanno.com\/en\/","logo":{"@type":"ImageObject","inLanguage":"en-US","@id":"https:\/\/lavanno.com\/en\/#\/schema\/logo\/image\/","url":"https:\/\/lavanno.com\/wp-content\/uploads\/2025\/07\/Lavanno.png","contentUrl":"https:\/\/lavanno.com\/wp-content\/uploads\/2025\/07\/Lavanno.png","width":1200,"height":1200,"caption":"Lavanno - Pesuvahendite ekspert"},"image":{"@id":"https:\/\/lavanno.com\/en\/#\/schema\/logo\/image\/"},"sameAs":["https:\/\/www.facebook.com\/Lavanno.ee"]}]}},"_links":{"self":[{"href":"https:\/\/lavanno.com\/en\/wp-json\/wp\/v2\/product\/8062","targetHints":{"allow":["GET"]}}],"collection":[{"href":"https:\/\/lavanno.com\/en\/wp-json\/wp\/v2\/product"}],"about":[{"href":"https:\/\/lavanno.com\/en\/wp-json\/wp\/v2\/types\/product"}],"replies":[{"embeddable":true,"href":"https:\/\/lavanno.com\/en\/wp-json\/wp\/v2\/comments?post=8062"}],"wp:featuredmedia":[{"embeddable":true,"href":"https:\/\/lavanno.com\/en\/wp-json\/wp\/v2\/media\/8063"}],"wp:attachment":[{"href":"https:\/\/lavanno.com\/en\/wp-json\/wp\/v2\/media?parent=8062"}],"wp:term":[{"taxonomy":"product_brand","embeddable":true,"href":"https:\/\/lavanno.com\/en\/wp-json\/wp\/v2\/product_brand?post=8062"},{"taxonomy":"product_cat","embeddable":true,"href":"https:\/\/lavanno.com\/en\/wp-json\/wp\/v2\/product_cat?post=8062"},{"taxonomy":"product_tag","embeddable":true,"href":"https:\/\/lavanno.com\/en\/wp-json\/wp\/v2\/product_tag?post=8062"}],"curies":[{"name":"wp","href":"https:\/\/api.w.org\/{rel}","templated":true}]}}