{"id":8119,"date":"2025-03-18T12:58:48","date_gmt":"2025-03-18T10:58:48","guid":{"rendered":"https:\/\/lavanno.com\/product\/toostuslik-jaik-pesumasin-grandimpianti-gwm80-8kg\/"},"modified":"2026-05-02T14:35:01","modified_gmt":"2026-05-02T11:35:01","slug":"toostuslik-jaik-pesumasin-grandimpianti-gwm80-8kg","status":"publish","type":"product","link":"https:\/\/lavanno.com\/en\/toode\/toostuslik-jaik-pesumasin-grandimpianti-gwm80-8kg\/","title":{"rendered":"Grandimpianti t\u00f6\u00f6stuslik pesumasin 8kg (75L); 820rpm, 200G; 380-415V 3N 50\/60Hz, 6kW (9,4A); M795x780x1245; 135kg; kaalumine; 5 signaali"},"content":{"rendered":"<p><iframe title=\"GWH Wavy v03 ENG\" width=\"500\" height=\"281\" src=\"https:\/\/www.youtube.com\/embed\/kwlAtcG4gsE?feature=oembed\" frameborder=\"0\" allow=\"accelerometer; autoplay; clipboard-write; encrypted-media; gyroscope; picture-in-picture; web-share\" referrerpolicy=\"strict-origin-when-cross-origin\" allowfullscreen><\/iframe><\/p>\n<h3>Pesus\u00fcsteemide innovatsioon 4.0<\/h3>\n<p>Revolutsioonilised <strong>GWM\/GWN Wavy<\/strong> keskmise ja madala tsentrifuugimiskiirusega pesumasinad \u00fchendavad esteetika ja t\u0151hususe, uued trendid ja tehnoloogia. LCD-ekraan on vertikaalne ja puutetundlike juhtnuppudega, uued l\u00e4ikivad esipaneelid on inspireeritud k\u0151rgtehnoloogiast ning <strong>Wavy<\/strong>, uuenduslik juhts\u00fcsteem, on interaktiivne, samm-sammuline, intuitiivne ja alati \u00fchendatud t\u00e4nu <strong>TheMind.cloud<\/strong> teenusele. T\u00e4ielikult uuendatud disaini ja kasutajaliidesega uued vastupidavad pesumasinad s\u00e4ilitavad oma mehaanilised, funktsionaalsed ja j\u0151udluskvaliteedid.<\/p>\n<hr \/>\n<h3>Taaskasutatavad ja keskkonnas\u0151bralikud pesumasinad<\/h3>\n<p>Patenteeritud <strong>DWS d\u00fcnaamiline kaalumiss\u00fcsteem<\/strong> s\u00e4\u00e4stab kuni 50% ressursse, optimeerides energia, vee ja pesuvahendi tarbimist vastavalt tegelikule pesu kogusele. DWS v\u00e4hendab raiskamist ja keskkonnam\u0151ju. <strong>Wavy GWM\/GWN<\/strong> seeria tagab kuni 96% taaskasutatavuse, mist\u0151ttu saab neid nimetada keskkonnas\u0151bralikeks seadmeteks. Meie pesumasinad austavad keskkonda alates tootmisest kuni pakendamise, transpordi, kasutusea ja utiliseerimiseni.<\/p>\n<hr \/>\n<h3>Professionaalne tekstiilih\u00fcgieen ja puhastus<\/h3>\n<p><img fetchpriority=\"high\" decoding=\"async\" class=\"alignnone size-full wp-image-409686\" src=\"https:\/\/lavanno.com\/wp-content\/uploads\/2024\/07\/Grandimpianti-GWM-GWN-toostusliku-pesumasina-raam-ja-aravooluventiil.jpg\" alt=\"Grandimpianti GWM-GWN t\u00f6\u00f6stusliku pesumasina raam ja \u00e4ravooluventiil\" width=\"1280\" height=\"854\" \/><\/p>\n<p><img decoding=\"async\" class=\"alignnone size-full wp-image-409684\" src=\"https:\/\/lavanno.com\/wp-content\/uploads\/2024\/07\/Grandimpianti-GWM-GWN-toostusliku-pesumasina-pesuainekast-ja-esipaneel.png\" alt=\"Grandimpianti GWM-GWN t\u00f6\u00f6stusliku pesumasina pesuainekast ja esipaneel\" width=\"1280\" height=\"960\" \/><\/p>\n<p>Ergonoomiliselt paigutatud ja varustatud kahe sisendiga (k\u00fclm ja kuum vesi) <strong>4-kambriline dosaator<\/strong> sobib nii pulber- kui ka vedelpesuvahenditele. \u0150ige veevool vastavalt m\u00e4\u00e4ratud pesutemperatuurile on alati tagatud. Lisaks on seadmed varustatud \u00fchendusv\u0151imalusega kuni 13-pumba jaoks vedelpesuvahendi doseerimiseks ja kolme veesissev\u0151tu (kuum, k\u00fclm pehme ja k\u0151va vesi) segamiseks vastavalt valitud programmile.<\/p>\n<p>Innovaatilised masinad sisaldavad <strong>MIXER-s\u00fcsteemi<\/strong>, mis segab vee ja pesuvahendid enne, kui need r\u0151ivastega kokku puutuvad, v\u00e4ltides kangaste kahjustamist v\u0151i v\u00e4rvimuutusi. Lihtsama ja kiirema hoolduse tagamiseks asub 3-tolline (76 mm) <strong>mootoriga \u00e4ravooluklapp<\/strong> seadme esik\u00fcljel otse paagi all, v\u00e4listades pika ja kohmaka torustiku vajaduse ning v\u00e4hendades vee ja pesuvahendi setete kogunemise riski.<\/p>\n<hr \/>\n<h3>Ohutu pesu igal etapil<\/h3>\n<p>Masinad on varustatud kahekordsete turvas\u00fcsteemide ja dubleeritud h\u00e4ires\u00fcsteemidega, nagu lennukites, sealhulgas <strong>luugi lukustuss\u00fcsteemiga<\/strong>, mis hoiab luugi suletuna ja lukustatuna kuni trumli p\u00f6\u00f6rlemise l\u0151ppemiseni. K\u0151ik juhtimisahelad t\u00f6\u00f6tavad madalpinge (24Vac) alusel, v\u00e4listades probleemid pinge k\u0151ikumiste t\u0151ttu ning v\u00e4hendades elektril\u00f6\u00f6gi riski hooldust\u00f6\u00f6de ajal. K\u0151ik seadmed on varustatud <strong>pea- ja kaitsel\u00fclititega<\/strong>, mis s\u00e4\u00e4stavad aega ja raha paigaldamise k\u00e4igus.<\/p>\n<hr \/>\n<h3>Innovatsioon kannab nime WAVY!<\/h3>\n<p><img decoding=\"async\" class=\"alignnone size-full wp-image-409682\" src=\"https:\/\/lavanno.com\/wp-content\/uploads\/2024\/07\/Grandimpianti-GWM-GWN-toostusliku-pesumasina-puutetundlik-ekraan.png\" alt=\"Grandimpianti GWM-GWN t\u00f6\u00f6stusliku pesumasina puutetundlik ekraan\" width=\"1280\" height=\"960\" \/><\/p>\n<p><strong>Wavy juhts\u00fcsteem<\/strong> on uus kasutajas\u0151bralik, interaktiivne ja puutetundlik kasutajaliides, mis v\u0151imaldab masinaid kaugjuhtimise teel programmeerida ja j\u00e4lgida. Inspireerituna k\u0151rgtehnoloogiast kasutab Wavy rakenduskeele potentsiaali, et muuta pesut\u00f6\u00f6 igap\u00e4evaselt lihtsamaks ja kiiremaks. Juurdep\u00e4\u00e4s on hierarhiline (p\u0151hikasutajad, vahekasutajad, professionaalsed v\u0151i tehnilised kasutajad) ning protseduurid on lihtsad ja samm-sammulised. Juhts\u00fcsteem r\u00e4\u00e4gib operaatori keelt ja kohandub tema kogemuste tasemega.<\/p>\n<p><strong>TheMind.cloud teenuse<\/strong> kaudu on seadmed alati ajakohased ja k\u0151ik on kontrolli all:<\/p>\n<ul> \t<\/p>\n<li>Teadmised ja protsessid<\/li>\n<p> \t<\/p>\n<li>Funktsionaalsed parameetrid (nt ts\u00fcklite arv ja t\u00fc\u00fcp, tarbimisandmed, t\u00f6\u00f6tunnid, ts\u00fcklite j\u00e4lgitavus, tulud jne)<\/li>\n<p> \t<\/p>\n<li>Diagnostika<\/li>\n<p> \t<\/p>\n<li>Kulude haldamine (ts\u00fckli maksumus, vee ja pesuvahendi tarbimine jne)<\/li>\n<p> \t<\/p>\n<li>Kaugabi teenus<\/li>\n<p><\/ul>\n<p>K\u0151ik on vaid \u00fche kliki kaugusel.<\/p>\n<hr \/>\n<h3>Kasutusvaldkonnad<\/h3>\n<p><strong>GWM ja GWN pesumasinad<\/strong> sobivad erinevatesse keskkondadesse, sektoritesse ja geograafilistesse piirkondadesse:<\/p>\n<ul> \t<\/p>\n<li>Mobiilsed pesumajad<\/li>\n<p> \t<\/p>\n<li>Kaevandust\u00f6\u00f6stus<\/li>\n<p> \t<\/p>\n<li>Naftat\u00f6\u00f6stus<\/li>\n<p> \t<\/p>\n<li>Merendussektor<\/li>\n<p> \t<\/p>\n<li>Toiduainet\u00f6\u00f6stus<\/li>\n<p> \t<\/p>\n<li>Majutussektor<\/li>\n<p> \t<\/p>\n<li>\u00dchispesulad<\/li>\n<p> \t<\/p>\n<li>Kudumis- ja tekstiiliettev\u0151tted<\/li>\n<p> \t<\/p>\n<li>Professionaalsed pesumajad<\/li>\n<p> \t<\/p>\n<li>Hooldekodud<\/li>\n<p> \t<\/p>\n<li>Toitlustus ja restoranid<\/li>\n<p> \t<\/p>\n<li>Farmaatsiasektor<\/li>\n<p> \t<\/p>\n<li>Haiglasektor<\/li>\n<p> \t<\/p>\n<li>T\u00f6\u00f6stuslikud pesulad<\/li>\n<p> \t<\/p>\n<li>Iseteeninduspesumaja \/ selvepesumaja<\/li>\n<p><\/ul>\n<p>https:\/\/youtu.be\/ZEULlWOKK7M<\/p>\n","protected":false},"excerpt":{"rendered":"<h3>GWM80-105-135 GWN 180-240-280 Pesumasinad<\/h3>\n<p>\n<strong>Peamised omadused:<\/strong><\/p>\n<ul><\/p>\n<li><strong>Trumli kiirus elektrooniliselt juhitav (inverteriga):<\/strong> Trumli p\u00f6\u00f6rlemist j\u00e4lgib sensor, tagades t\u00e4pse juhtimise.<\/li>\n<p><\/p>\n<li><strong>Dubleeritud turvas\u00fcsteemid:<\/strong> Testitud sertifitseeritud laboratooriumis, et tagada k\u0151rgeim ohutustase.<\/li>\n<p><\/p>\n<li><strong>Kindel masina raam:<\/strong> Konstruktsioon v\u0151imaldab masina paigaldamist betoonp\u0151randa k\u00fclge ankrutega.<\/li>\n<p>\n<\/ul>\n[embed]https:\/\/youtu.be\/C0KaHx3P120[\/embed]\n<ul><\/p>\n<li><strong>4-kambriline dosaator:<\/strong> Ergonoomiliselt paigutatud, lihtne kasutada.<\/li>\n<p><\/p>\n<li><strong>Trumli luuk avaneb 180\u00b0:<\/strong> Lihtne laadimine ja t\u00fchjendamine, v\u0151imaldades k\u00e4ruga masinale ligi p\u00e4\u00e4seda.<\/li>\n<p><\/p>\n<li><strong>Lihtne ja kiire hooldus:<\/strong> Sisekomponentide ergonoomiline paigutus muudab neile juurdep\u00e4\u00e4su mugavaks.<\/li>\n<p><\/p>\n<li><strong>Patenteeritud kaalumiss\u00fcsteem:<\/strong> Kaalub pesu automaatselt ja reguleerib vastavalt vee, energia ja pesuvahendi tarbimist.<\/li>\n<p><\/p>\n<li><strong>Elektrooniline juhts\u00fcsteem Wavy\u00ae:<\/strong>\n<ul><\/p>\n<li>Kohandatav kasutajaliides vastavalt operaatori vajadustele ja oskustele.<\/li>\n<p><\/p>\n<li>Piiramatu v\u0151imalus luua ja kohandada programme.<\/li>\n<p><\/p>\n<li>V\u0151imalus salvestada k\u0151ik t\u00f6\u00f6andmed.<\/li>\n<p>\n<\/ul>\n<p>\n<\/li>\n<p><\/p>\n<li><strong>Standardis kolm vee sisendit:<\/strong>\n<ul><\/p>\n<li>Kuum, k\u0151va k\u00fclm ja pehme k\u00fclm vesi, mida juhitakse ja segatakse automaatselt Wavy\u00ae s\u00fcsteemi kaudu.<\/li>\n<p>\n<\/ul>\n<p>\n<\/li>\n<p><\/p>\n<li><strong>3-tolline \u00e4ravoolutoru:<\/strong> Varustatud 90\u00b0 paindega ja kolme \u013e-tollise veevarustustoruga.<\/li>\n<p>\n<\/ul>\n<hr \/>\n<h3>Peamised valikulised funktsioonid:<\/h3>\n<p><\/p>\n<ul><\/p>\n<li><strong>K\u00fclma ja kuuma vee k\u00fctmine:<\/strong> V\u0151imalus ilma k\u00fcttekehata. Alternatiivsed k\u00fcttev\u0151imsused ja pinged.<\/li>\n<p><\/p>\n<li><strong>Masina t\u0151stepostament:<\/strong> V\u0151imaldab masina t\u0151stmist kuivati GD-GDZ k\u0151rgusele, et tagada t\u00e4iuslik joondatud t\u00f6\u00f6paar.<\/li>\n<p><\/p>\n<li><strong>Kaardis\u00fcsteem kuni 5 v\u0151i 14 seebipumba juhtimiseks.<\/strong><\/li>\n<p><\/p>\n<li><strong>Vedelseebipumpade komplekt:<\/strong>\n<ul><\/p>\n<li>Wavy\u00ae juhib toodete doseerimist, tagades \u0151ige kontsentratsiooni ja v\u00e4ldib raiskamist.<\/li>\n<p>\n<\/ul>\n<p>\n<\/li>\n<p>\n<\/ul>\n","protected":false},"featured_media":8120,"comment_status":"open","ping_status":"closed","template":"","meta":[],"product_brand":[],"product_cat":[506,507,508,509],"product_tag":[],"class_list":{"0":"post-8119","1":"product","2":"type-product","3":"status-publish","4":"has-post-thumbnail","6":"product_cat-ariklient","7":"product_cat-pesumajaseadmed","8":"product_cat-pesumasinad","9":"product_cat-toostuslikud-pesumasinad","11":"first","12":"outofstock","13":"taxable","14":"shipping-taxable","15":"purchasable","16":"product-type-simple"},"yoast_head":"<!-- This site is optimized with the Yoast SEO plugin v27.0 - https:\/\/yoast.com\/product\/yoast-seo-wordpress\/ -->\n<title>Grandimpianti t\u00f6\u00f6stuslik pesumasin 8kg (75L); 820rpm, 200G; 380-415V 3N 50\/60Hz, 6kW (9,4A); M795x780x1245; 135kg; kaalumine; 5 signaali - Lavanno - pesuvahendite ekspert<\/title>\n<meta name=\"robots\" content=\"index, follow, max-snippet:-1, max-image-preview:large, max-video-preview:-1\" \/>\n<link rel=\"canonical\" href=\"https:\/\/lavanno.com\/en\/toode\/toostuslik-jaik-pesumasin-grandimpianti-gwm80-8kg\/\" \/>\n<meta property=\"og:locale\" content=\"en_US\" \/>\n<meta property=\"og:type\" content=\"article\" \/>\n<meta property=\"og:title\" content=\"Grandimpianti t\u00f6\u00f6stuslik pesumasin 8kg (75L); 820rpm, 200G; 380-415V 3N 50\/60Hz, 6kW (9,4A); M795x780x1245; 135kg; kaalumine; 5 signaali - Lavanno - pesuvahendite ekspert\" \/>\n<meta property=\"og:description\" content=\"GWM80-105-135 GWN 180-240-280 Pesumasinad Peamised omadused:  Trumli kiirus elektrooniliselt juhitav (inverteriga): Trumli p\u00f6\u00f6rlemist j\u00e4lgib sensor, tagades t\u00e4pse juhtimise.  Dubleeritud turvas\u00fcsteemid: Testitud sertifitseeritud laboratooriumis, et tagada k\u0151rgeim ohutustase.  Kindel masina raam: Konstruktsioon v\u0151imaldab masina paigaldamist betoonp\u0151randa k\u00fclge ankrutega.   4-kambriline dosaator: Ergonoomiliselt paigutatud, lihtne kasutada.  Trumli luuk avaneb 180\u00b0: Lihtne laadimine ja t\u00fchjendamine, v\u0151imaldades k\u00e4ruga masinale ligi p\u00e4\u00e4seda.  Lihtne ja kiire hooldus: Sisekomponentide ergonoomiline paigutus muudab neile juurdep\u00e4\u00e4su mugavaks.  Patenteeritud kaalumiss\u00fcsteem: Kaalub pesu automaatselt ja reguleerib vastavalt vee, energia ja pesuvahendi tarbimist.  Elektrooniline juhts\u00fcsteem Wavy\u00ae:  Kohandatav kasutajaliides vastavalt operaatori vajadustele ja oskustele.  Piiramatu v\u0151imalus luua ja kohandada programme.  V\u0151imalus salvestada k\u0151ik t\u00f6\u00f6andmed.   Standardis kolm vee sisendit:  Kuum, k\u0151va k\u00fclm ja pehme k\u00fclm vesi, mida juhitakse ja segatakse automaatselt Wavy\u00ae s\u00fcsteemi kaudu.   3-tolline \u00e4ravoolutoru: Varustatud 90\u00b0 paindega ja kolme \u013e-tollise veevarustustoruga.   Peamised valikulised funktsioonid:  K\u00fclma ja kuuma vee k\u00fctmine: V\u0151imalus ilma k\u00fcttekehata. Alternatiivsed k\u00fcttev\u0151imsused ja pinged.  Masina t\u0151stepostament: V\u0151imaldab masina t\u0151stmist kuivati GD-GDZ k\u0151rgusele, et tagada t\u00e4iuslik joondatud t\u00f6\u00f6paar.  Kaardis\u00fcsteem kuni 5 v\u0151i 14 seebipumba juhtimiseks.  Vedelseebipumpade komplekt:  Wavy\u00ae juhib toodete doseerimist, tagades \u0151ige kontsentratsiooni ja v\u00e4ldib raiskamist.\" \/>\n<meta property=\"og:url\" content=\"https:\/\/lavanno.com\/en\/toode\/toostuslik-jaik-pesumasin-grandimpianti-gwm80-8kg\/\" \/>\n<meta property=\"og:site_name\" content=\"Lavanno - pesuvahendite ekspert\" \/>\n<meta property=\"article:publisher\" content=\"https:\/\/www.facebook.com\/Lavanno.ee\" \/>\n<meta property=\"article:modified_time\" content=\"2026-05-02T11:35:01+00:00\" \/>\n<meta property=\"og:image\" content=\"https:\/\/lavanno.com\/wp-content\/uploads\/2025\/03\/GWM_tootepilt-2.jpg\" \/>\n\t<meta property=\"og:image:width\" content=\"1240\" \/>\n\t<meta property=\"og:image:height\" content=\"925\" \/>\n\t<meta property=\"og:image:type\" content=\"image\/jpeg\" \/>\n<meta name=\"twitter:card\" content=\"summary_large_image\" \/>\n<meta name=\"twitter:label1\" content=\"Est. reading time\" \/>\n\t<meta name=\"twitter:data1\" content=\"4 minutes\" \/>\n<script type=\"application\/ld+json\" class=\"yoast-schema-graph\">{\"@context\":\"https:\/\/schema.org\",\"@graph\":[{\"@type\":\"WebPage\",\"@id\":\"https:\/\/lavanno.com\/en\/toode\/toostuslik-jaik-pesumasin-grandimpianti-gwm80-8kg\/\",\"url\":\"https:\/\/lavanno.com\/en\/toode\/toostuslik-jaik-pesumasin-grandimpianti-gwm80-8kg\/\",\"name\":\"Grandimpianti t\u00f6\u00f6stuslik pesumasin 8kg (75L); 820rpm, 200G; 380-415V 3N 50\/60Hz, 6kW (9,4A); M795x780x1245; 135kg; kaalumine; 5 signaali - Lavanno - pesuvahendite ekspert\",\"isPartOf\":{\"@id\":\"https:\/\/lavanno.com\/en\/#website\"},\"primaryImageOfPage\":{\"@id\":\"https:\/\/lavanno.com\/en\/toode\/toostuslik-jaik-pesumasin-grandimpianti-gwm80-8kg\/#primaryimage\"},\"image\":{\"@id\":\"https:\/\/lavanno.com\/en\/toode\/toostuslik-jaik-pesumasin-grandimpianti-gwm80-8kg\/#primaryimage\"},\"thumbnailUrl\":\"https:\/\/lavanno.com\/wp-content\/uploads\/2025\/03\/GWM_tootepilt-2.jpg\",\"datePublished\":\"2025-03-18T10:58:48+00:00\",\"dateModified\":\"2026-05-02T11:35:01+00:00\",\"breadcrumb\":{\"@id\":\"https:\/\/lavanno.com\/en\/toode\/toostuslik-jaik-pesumasin-grandimpianti-gwm80-8kg\/#breadcrumb\"},\"inLanguage\":\"en-US\",\"potentialAction\":[{\"@type\":\"ReadAction\",\"target\":[\"https:\/\/lavanno.com\/en\/toode\/toostuslik-jaik-pesumasin-grandimpianti-gwm80-8kg\/\"]}]},{\"@type\":\"ImageObject\",\"inLanguage\":\"en-US\",\"@id\":\"https:\/\/lavanno.com\/en\/toode\/toostuslik-jaik-pesumasin-grandimpianti-gwm80-8kg\/#primaryimage\",\"url\":\"https:\/\/lavanno.com\/wp-content\/uploads\/2025\/03\/GWM_tootepilt-2.jpg\",\"contentUrl\":\"https:\/\/lavanno.com\/wp-content\/uploads\/2025\/03\/GWM_tootepilt-2.jpg\",\"width\":1240,\"height\":925},{\"@type\":\"BreadcrumbList\",\"@id\":\"https:\/\/lavanno.com\/en\/toode\/toostuslik-jaik-pesumasin-grandimpianti-gwm80-8kg\/#breadcrumb\",\"itemListElement\":[{\"@type\":\"ListItem\",\"position\":1,\"name\":\"Home\",\"item\":\"https:\/\/lavanno.com\/en\/\"},{\"@type\":\"ListItem\",\"position\":2,\"name\":\"E-pood\",\"item\":\"https:\/\/lavanno.com\/e-pood\/\"},{\"@type\":\"ListItem\",\"position\":3,\"name\":\"Grandimpianti t\u00f6\u00f6stuslik pesumasin 8kg (75L); 820rpm, 200G; 380-415V 3N 50\/60Hz, 6kW (9,4A); M795x780x1245; 135kg; kaalumine; 5 signaali\"}]},{\"@type\":\"WebSite\",\"@id\":\"https:\/\/lavanno.com\/en\/#website\",\"url\":\"https:\/\/lavanno.com\/en\/\",\"name\":\"Lavanno - Pesuvahendite ekspert\",\"description\":\"Toome maale ja m\u00fc\u00fcme tekstiili pesuvahendeid, pesumajaseadmeid ja tarvikuid. Hooldame ja konsulteerime.\",\"publisher\":{\"@id\":\"https:\/\/lavanno.com\/en\/#organization\"},\"potentialAction\":[{\"@type\":\"SearchAction\",\"target\":{\"@type\":\"EntryPoint\",\"urlTemplate\":\"https:\/\/lavanno.com\/en\/?s={search_term_string}\"},\"query-input\":{\"@type\":\"PropertyValueSpecification\",\"valueRequired\":true,\"valueName\":\"search_term_string\"}}],\"inLanguage\":\"en-US\"},{\"@type\":\"Organization\",\"@id\":\"https:\/\/lavanno.com\/en\/#organization\",\"name\":\"Lavanno - Pesuvahendite ekspert\",\"url\":\"https:\/\/lavanno.com\/en\/\",\"logo\":{\"@type\":\"ImageObject\",\"inLanguage\":\"en-US\",\"@id\":\"https:\/\/lavanno.com\/en\/#\/schema\/logo\/image\/\",\"url\":\"https:\/\/lavanno.com\/wp-content\/uploads\/2025\/07\/Lavanno.png\",\"contentUrl\":\"https:\/\/lavanno.com\/wp-content\/uploads\/2025\/07\/Lavanno.png\",\"width\":1200,\"height\":1200,\"caption\":\"Lavanno - Pesuvahendite ekspert\"},\"image\":{\"@id\":\"https:\/\/lavanno.com\/en\/#\/schema\/logo\/image\/\"},\"sameAs\":[\"https:\/\/www.facebook.com\/Lavanno.ee\"]}]}<\/script>\n<!-- \/ Yoast SEO plugin. -->","yoast_head_json":{"title":"Grandimpianti t\u00f6\u00f6stuslik pesumasin 8kg (75L); 820rpm, 200G; 380-415V 3N 50\/60Hz, 6kW (9,4A); M795x780x1245; 135kg; kaalumine; 5 signaali - Lavanno - pesuvahendite ekspert","robots":{"index":"index","follow":"follow","max-snippet":"max-snippet:-1","max-image-preview":"max-image-preview:large","max-video-preview":"max-video-preview:-1"},"canonical":"https:\/\/lavanno.com\/en\/toode\/toostuslik-jaik-pesumasin-grandimpianti-gwm80-8kg\/","og_locale":"en_US","og_type":"article","og_title":"Grandimpianti t\u00f6\u00f6stuslik pesumasin 8kg (75L); 820rpm, 200G; 380-415V 3N 50\/60Hz, 6kW (9,4A); M795x780x1245; 135kg; kaalumine; 5 signaali - Lavanno - pesuvahendite ekspert","og_description":"GWM80-105-135 GWN 180-240-280 Pesumasinad Peamised omadused:  Trumli kiirus elektrooniliselt juhitav (inverteriga): Trumli p\u00f6\u00f6rlemist j\u00e4lgib sensor, tagades t\u00e4pse juhtimise.  Dubleeritud turvas\u00fcsteemid: Testitud sertifitseeritud laboratooriumis, et tagada k\u0151rgeim ohutustase.  Kindel masina raam: Konstruktsioon v\u0151imaldab masina paigaldamist betoonp\u0151randa k\u00fclge ankrutega.   4-kambriline dosaator: Ergonoomiliselt paigutatud, lihtne kasutada.  Trumli luuk avaneb 180\u00b0: Lihtne laadimine ja t\u00fchjendamine, v\u0151imaldades k\u00e4ruga masinale ligi p\u00e4\u00e4seda.  Lihtne ja kiire hooldus: Sisekomponentide ergonoomiline paigutus muudab neile juurdep\u00e4\u00e4su mugavaks.  Patenteeritud kaalumiss\u00fcsteem: Kaalub pesu automaatselt ja reguleerib vastavalt vee, energia ja pesuvahendi tarbimist.  Elektrooniline juhts\u00fcsteem Wavy\u00ae:  Kohandatav kasutajaliides vastavalt operaatori vajadustele ja oskustele.  Piiramatu v\u0151imalus luua ja kohandada programme.  V\u0151imalus salvestada k\u0151ik t\u00f6\u00f6andmed.   Standardis kolm vee sisendit:  Kuum, k\u0151va k\u00fclm ja pehme k\u00fclm vesi, mida juhitakse ja segatakse automaatselt Wavy\u00ae s\u00fcsteemi kaudu.   3-tolline \u00e4ravoolutoru: Varustatud 90\u00b0 paindega ja kolme \u013e-tollise veevarustustoruga.   Peamised valikulised funktsioonid:  K\u00fclma ja kuuma vee k\u00fctmine: V\u0151imalus ilma k\u00fcttekehata. Alternatiivsed k\u00fcttev\u0151imsused ja pinged.  Masina t\u0151stepostament: V\u0151imaldab masina t\u0151stmist kuivati GD-GDZ k\u0151rgusele, et tagada t\u00e4iuslik joondatud t\u00f6\u00f6paar.  Kaardis\u00fcsteem kuni 5 v\u0151i 14 seebipumba juhtimiseks.  Vedelseebipumpade komplekt:  Wavy\u00ae juhib toodete doseerimist, tagades \u0151ige kontsentratsiooni ja v\u00e4ldib raiskamist.","og_url":"https:\/\/lavanno.com\/en\/toode\/toostuslik-jaik-pesumasin-grandimpianti-gwm80-8kg\/","og_site_name":"Lavanno - pesuvahendite ekspert","article_publisher":"https:\/\/www.facebook.com\/Lavanno.ee","article_modified_time":"2026-05-02T11:35:01+00:00","og_image":[{"width":1240,"height":925,"url":"https:\/\/lavanno.com\/wp-content\/uploads\/2025\/03\/GWM_tootepilt-2.jpg","type":"image\/jpeg"}],"twitter_card":"summary_large_image","twitter_misc":{"Est. reading time":"4 minutes"},"schema":{"@context":"https:\/\/schema.org","@graph":[{"@type":"WebPage","@id":"https:\/\/lavanno.com\/en\/toode\/toostuslik-jaik-pesumasin-grandimpianti-gwm80-8kg\/","url":"https:\/\/lavanno.com\/en\/toode\/toostuslik-jaik-pesumasin-grandimpianti-gwm80-8kg\/","name":"Grandimpianti t\u00f6\u00f6stuslik pesumasin 8kg (75L); 820rpm, 200G; 380-415V 3N 50\/60Hz, 6kW (9,4A); M795x780x1245; 135kg; kaalumine; 5 signaali - Lavanno - pesuvahendite ekspert","isPartOf":{"@id":"https:\/\/lavanno.com\/en\/#website"},"primaryImageOfPage":{"@id":"https:\/\/lavanno.com\/en\/toode\/toostuslik-jaik-pesumasin-grandimpianti-gwm80-8kg\/#primaryimage"},"image":{"@id":"https:\/\/lavanno.com\/en\/toode\/toostuslik-jaik-pesumasin-grandimpianti-gwm80-8kg\/#primaryimage"},"thumbnailUrl":"https:\/\/lavanno.com\/wp-content\/uploads\/2025\/03\/GWM_tootepilt-2.jpg","datePublished":"2025-03-18T10:58:48+00:00","dateModified":"2026-05-02T11:35:01+00:00","breadcrumb":{"@id":"https:\/\/lavanno.com\/en\/toode\/toostuslik-jaik-pesumasin-grandimpianti-gwm80-8kg\/#breadcrumb"},"inLanguage":"en-US","potentialAction":[{"@type":"ReadAction","target":["https:\/\/lavanno.com\/en\/toode\/toostuslik-jaik-pesumasin-grandimpianti-gwm80-8kg\/"]}]},{"@type":"ImageObject","inLanguage":"en-US","@id":"https:\/\/lavanno.com\/en\/toode\/toostuslik-jaik-pesumasin-grandimpianti-gwm80-8kg\/#primaryimage","url":"https:\/\/lavanno.com\/wp-content\/uploads\/2025\/03\/GWM_tootepilt-2.jpg","contentUrl":"https:\/\/lavanno.com\/wp-content\/uploads\/2025\/03\/GWM_tootepilt-2.jpg","width":1240,"height":925},{"@type":"BreadcrumbList","@id":"https:\/\/lavanno.com\/en\/toode\/toostuslik-jaik-pesumasin-grandimpianti-gwm80-8kg\/#breadcrumb","itemListElement":[{"@type":"ListItem","position":1,"name":"Home","item":"https:\/\/lavanno.com\/en\/"},{"@type":"ListItem","position":2,"name":"E-pood","item":"https:\/\/lavanno.com\/e-pood\/"},{"@type":"ListItem","position":3,"name":"Grandimpianti t\u00f6\u00f6stuslik pesumasin 8kg (75L); 820rpm, 200G; 380-415V 3N 50\/60Hz, 6kW (9,4A); M795x780x1245; 135kg; kaalumine; 5 signaali"}]},{"@type":"WebSite","@id":"https:\/\/lavanno.com\/en\/#website","url":"https:\/\/lavanno.com\/en\/","name":"Lavanno - Pesuvahendite ekspert","description":"Toome maale ja m\u00fc\u00fcme tekstiili pesuvahendeid, pesumajaseadmeid ja tarvikuid. Hooldame ja konsulteerime.","publisher":{"@id":"https:\/\/lavanno.com\/en\/#organization"},"potentialAction":[{"@type":"SearchAction","target":{"@type":"EntryPoint","urlTemplate":"https:\/\/lavanno.com\/en\/?s={search_term_string}"},"query-input":{"@type":"PropertyValueSpecification","valueRequired":true,"valueName":"search_term_string"}}],"inLanguage":"en-US"},{"@type":"Organization","@id":"https:\/\/lavanno.com\/en\/#organization","name":"Lavanno - Pesuvahendite ekspert","url":"https:\/\/lavanno.com\/en\/","logo":{"@type":"ImageObject","inLanguage":"en-US","@id":"https:\/\/lavanno.com\/en\/#\/schema\/logo\/image\/","url":"https:\/\/lavanno.com\/wp-content\/uploads\/2025\/07\/Lavanno.png","contentUrl":"https:\/\/lavanno.com\/wp-content\/uploads\/2025\/07\/Lavanno.png","width":1200,"height":1200,"caption":"Lavanno - Pesuvahendite ekspert"},"image":{"@id":"https:\/\/lavanno.com\/en\/#\/schema\/logo\/image\/"},"sameAs":["https:\/\/www.facebook.com\/Lavanno.ee"]}]}},"_links":{"self":[{"href":"https:\/\/lavanno.com\/en\/wp-json\/wp\/v2\/product\/8119","targetHints":{"allow":["GET"]}}],"collection":[{"href":"https:\/\/lavanno.com\/en\/wp-json\/wp\/v2\/product"}],"about":[{"href":"https:\/\/lavanno.com\/en\/wp-json\/wp\/v2\/types\/product"}],"replies":[{"embeddable":true,"href":"https:\/\/lavanno.com\/en\/wp-json\/wp\/v2\/comments?post=8119"}],"wp:featuredmedia":[{"embeddable":true,"href":"https:\/\/lavanno.com\/en\/wp-json\/wp\/v2\/media\/8120"}],"wp:attachment":[{"href":"https:\/\/lavanno.com\/en\/wp-json\/wp\/v2\/media?parent=8119"}],"wp:term":[{"taxonomy":"product_brand","embeddable":true,"href":"https:\/\/lavanno.com\/en\/wp-json\/wp\/v2\/product_brand?post=8119"},{"taxonomy":"product_cat","embeddable":true,"href":"https:\/\/lavanno.com\/en\/wp-json\/wp\/v2\/product_cat?post=8119"},{"taxonomy":"product_tag","embeddable":true,"href":"https:\/\/lavanno.com\/en\/wp-json\/wp\/v2\/product_tag?post=8119"}],"curies":[{"name":"wp","href":"https:\/\/api.w.org\/{rel}","templated":true}]}}