{"id":8249,"date":"2025-03-18T13:00:43","date_gmt":"2025-03-18T11:00:43","guid":{"rendered":"https:\/\/lavanno.com\/product\/gmp-kuivatav-lintkalander-g21-35\/"},"modified":"2026-05-02T14:35:01","modified_gmt":"2026-05-02T11:35:01","slug":"gmp-kuivatav-lintkalander-g21-35","status":"publish","type":"product","link":"https:\/\/lavanno.com\/en\/toode\/gmp-kuivatav-lintkalander-g21-35\/","title":{"rendered":"Kuivatav lintidega GMP kalander; t\u00f6\u00f6laius 2100mm, silinder \u00d8320mm; V.400\/3N\/50Hz 27 kW; tootlikkus 56kg\/h; 1,6\u00f75 m\/min; 2640x550x1100mm; 548kg;"},"content":{"rendered":"<p><strong>Tehnilised andmed<\/strong><\/p>\n<ul>\n<li><strong>J\u00e4\u00e4kniiskus:<\/strong> 50%<\/li>\n<li><strong>Silindri m\u0151\u0151tmed:<\/strong> 2100 x \u0158325 mm<\/li>\n<li><strong>Saadaval olevad k\u00fcttes\u00fcsteemid:<\/strong> Elektriline, Gaas, Aur<\/li>\n<li><strong>Tunnitootlikkus:<\/strong> 56 kg (j\u00e4\u00e4kniiskus 50%)<\/li>\n<li><strong>K\u00fcttv\u0151imsus:<\/strong> 27 kW<\/li>\n<li><strong>Gaasitarbimine:<\/strong> G20: 2,82 m\u0142\/h &#8211; LPG: 2,2 kg\/h<\/li>\n<li><strong>Aurutarbimine:<\/strong> 26 kg\/h<\/li>\n<li><strong>Standardne toitepinge:<\/strong>\n<ul>\n<li>Elektriline (E): 400\/3N<\/li>\n<li>Gaas (G): 230\/1N<\/li>\n<li>Aur (S): 230\/1N<\/li>\n<\/ul>\n<\/li>\n<li><strong>Triikimiskiirus:<\/strong> 1,6 \u00f7 5 m\/min<\/li>\n<li><strong>Triikimismasina m\u0151\u0151tmed:<\/strong> 2640 x 550 x 1100 mm<\/li>\n<li><strong>Netokaal:<\/strong> 548 kg<\/li>\n<\/ul>\n<p>\u00a0<\/p>\n<p><strong>Kasutusvaldkonnad<\/strong><\/p>\n<ul>\n<li>Hotellid kuni 70 tuba<\/li>\n<li>Restoranid<\/li>\n<li>Spordiklubid<\/li>\n<li>Kogukonnad<\/li>\n<li>Koolid<\/li>\n<li>Hooldus- ja vanadekodud<\/li>\n<li>Laevade pesulad<\/li>\n<li>Naftaplatvormid<\/li>\n<li>V\u00e4ikesed t\u00f6\u00f6stuslikud pesumajad<\/li>\n<li>Keemilise puhastuse poed<\/li>\n<\/ul>\n<p>\u00a0<\/p>\n<p>GMP kasutab k\u0151rge kvaliteediga \u0151mblusteta silindreid, mis on t\u00e4ielikult t\u00f6\u00f6deldud GMP tehases, et tagada parim kvaliteedikontroll kalandri s\u00fcdame \u00fcle. Peegelpoleerimist tehakse eriti hoolikalt, et saavutada ideaalselt sile pind, mis annab parimad triikimistulemused.<\/p>\n<p><strong>Peegelpoleeritud silinder<\/strong><\/p>\n<p>V\u0151rratu viimistlus ja \u00fclim j\u0151udlus<\/p>\n<p><strong>Kompaktne disain ja lihtne ligip\u00e4\u00e4s komponentidele tavalise hoolduse jaoks.<\/strong><\/p>\n<p><strong>Aurut\u0151rje s\u00fcsteem: \u0150hulabad<\/strong> (G.25 ja G.35)<\/p>\n<p>&#8220;\u0150hulabade&#8221; s\u00fcsteem tagab eriti t\u0151husa aurut\u0151rje v\u0151rreldes traditsiooniliste \u00fcmmarguste aukudega torudega, pakkudes laiema imemise pinna. See piirab samal ajal ebemete j\u0151udmist mootoritesse, v\u00e4hendades hooldustoimingute sagedust.<\/p>\n<p><strong>Jalapedaal<\/strong><\/p>\n<p>Peatab rulli p\u00f6\u00f6rlemise ja j\u00e4tab k\u00e4ed vabaks, et korrigeerida pesu toitmisprotsessi ajal.<\/p>\n<p><strong>Auruv\u00e4ljutamine: SKS s\u00fcsteem<\/strong> (G.50)<\/p>\n<p>Eriti lai imemiskate kogub t\u0151husalt triikimisprotsessi ajal tekkiva auru ja suunab selle v\u00e4ljat\u0151mmetorudesse:<\/p>\n<ul>\n<li>Pole soojuskadu: kate imeb v\u00e4lja ainult niiskuse (auru), ilma et see m\u0151jutaks silindri temperatuuri, v\u00e4hendades energiakulu.<\/li>\n<li>L\u00fchemad kuivatamisajad: lai imemispind v\u0151imaldab kiiret vee aurustumist, v\u0151imaldades t\u00f6\u00f6tada k\u0151rgematel triikimiskiirustel.<\/li>\n<li>V\u00e4ga vaikne.<\/li>\n<\/ul>\n<p><strong>Kasutajas\u0151bralik juhtpaneel<\/strong><\/p>\n<p>Lihtne, suur ja kergesti m\u0151istetav juhtpaneel v\u0151imaldab valida triikimiskiiruse ja temperatuuri laia valiku kangaste ja niiskuse astmete jaoks. Nutikas diagnostika ekraanil.<\/p>\n<p><strong>V\u0151rratu triikimistulemus<\/strong><\/p>\n<p>GMP spetsiaalselt v\u00e4lja t\u00f6\u00f6tatud surve-rull tagab ideaalse triikimistulemuse ja \u0151rna kohtlemise \u0151rnade kangaste, n\u00e4iteks siidi, satiini ja tikitud tekstiilide puhul.<\/p>\n<p><strong>Kahekordsed temperatuuriandurid<\/strong><\/p>\n<p>Kahekordne temperatuurisensor j\u00e4lgib triikimispinna temperatuuri, v\u00e4ltides k\u0151ikumisi ja pakkudes kaitset tekstiilide ja rihmade \u00fclekuumenemise eest.<\/p>\n<p><strong>Hooldusvabad rullikud<\/strong><\/p>\n<p>GMP on valinud kummist rullide asemel ilma vooderdiseta metallrullid, millel on karestatud pind, mis tagab \u00fchtlase rihma veoj\u0151u ja v\u00e4listab kummist vooderdiste koorumise.<\/p>\n<p><strong>Tugev ja vastupidav disain pikaealisuseks<\/strong><\/p>\n<p>GMP on keskendunud tugeva konstruktsiooni loomisele, mis tagab aastateks sujuva ja probleemivaba t\u00f6\u00f6.<\/p>\n<p>\u00a0<\/p>\n<p><strong>Kroomitud silinder \u2013 Tagatud kvaliteetne valik<\/strong><\/p>\n<p><strong>H\u00fcgieen ja pikaajaline s\u00e4\u00e4stmine vahavaba korrosioonivastase kroomkattega<\/strong><\/p>\n<p>Kangad, mis puutuvad kokku toidu v\u0151i inimnahaga, ei tohiks saastuda oks\u00fcdatsiooniproduktidega, mis paratamatult tekivad poleeritud silindri pinnal. Kroomitud silindri valik on t\u00e4nap\u00e4eva maailmas peaaegu kohustuslik. Selle eelised on mitmek\u00fclgsed:<\/p>\n<p><strong>MAKSIMAALNE H\u00dcGIEEN<\/strong><\/p>\n<p>Laboratoorsed testid on n\u00e4idanud, et kroomitud pinnad tagavad maksimaalse h\u00fcgieeni. Uued uuringud on t\u0151estanud, et need pakuvad isegi paremat vastupidavust bakterite kasvule kui roostevaba teras.<\/p>\n<p><strong>V\u00c4HEM HOOLDUST<\/strong><\/p>\n<p>Kroomitud silinder v\u00e4hendab tavap\u00e4rase hoolduse kulusid: igap\u00e4evane v\u0151i igan\u00e4dalane vahatamine ei ole enam vajalik. Ennetavad hoolduskulud on t\u00e4ielikult k\u0151rvaldatud: pesumaja hooajaliste seiskamiste ajal pole vaja silindreid vahaga t\u00f6\u00f6delda ega puhastada perioodiliselt v\u00e4ljalasketorusid ja mootoreid vahaj\u00e4\u00e4kidest.<\/p>\n<p><strong>PARANDATUD TRIIGIMISKVALITEET JA PIKEM ELUIGA<\/strong><\/p>\n<p>Triikimiskvaliteet paraneb t\u00e4nu kroomkattega tagatud siledamale silindri pinnale. Tootlikkus p\u00fcsib aastate jooksul \u00fchtlane, kuna rihmade hingavusv\u0151ime s\u00e4ilib \u2013 vaha muudab need muidu mittel\u00e4bilaskvaks. Lisaks pikeneb m\u00e4rkimisv\u00e4\u00e4rselt rihmade ja surve-rulli katte eluiga, kuna nad puutuvad kokku v\u00e4iksema h\u0151\u0151rdumisega.<\/p>\n<p>Kroomkattega silindri korrosioonivastane garantii on 3 aastat ja see on saadaval k\u0151igi <strong>G.line<\/strong> mudelite jaoks.<\/p>\n","protected":false},"excerpt":{"rendered":"<p><strong>Kirjeldus<\/strong><br \/>\n<strong>G.35 kuivatavad lintkalandrid<\/strong>\u00a0on kogu maailmas tuntud oma \u00fcletamatute triikimistulemuste poolest, mis saavutatakse spetsiaalselt disainitud surve-rulli abil, mis v\u0151imaldab t\u00f6\u00f6delda isegi k\u0151ige keerulisemaid ja \u0151rnemaid kangaid, sealhulgas siidi, organzat, satiini ja tikitud kangaid.<\/p>\n<p>GMP olles spetsialiseerunud triikimismasinate tootmisele, suunab kogu oma teadus- ja arendustegevuse ning tootmisstruktuuri sisemiste komponentide t\u00f6\u00f6tlemisele, mis on triikimisprotsessi tuum. Tulemused on selgelt n\u00e4htavad ja hinnatud: <strong>G.35 tasapinnaline triikimiskalander<\/strong>\u00a0on erakordselt tugev ja usaldusv\u00e4\u00e4rne ning toodetud kasutades kvaliteetseid ja \u00fclem\u0151\u0151dulisi osi. Selle k\u0151rge kvaliteet on taganud G.35-le edu ka k\u0151ige n\u0151udlikematel Euroopa turgudel.<\/p>\n<p>Kasutades sama disainifilosoofiat, mida GMP on triikimismasinate puhul kasutanud aastak\u00fcmneid, on <strong>G.35<\/strong> v\u00e4lja t\u00f6\u00f6tatud madala hooldusvajadusega lahendused, mis toovad kaasa konkreetseid eeliseid, n\u00e4iteks v\u00e4hendatud omamis- ja hoolduskulud aastate jooksul.<\/p>\n<p><strong>G.35<\/strong> on osutunud suurep\u00e4raseks triikimismasinateks \u00fcmmarguste ja ovaalsete laudlinade triikimisel ning eriti l\u00e4ikivate pol\u00fcpuuvillaste kangaste v\u0151i kvaliteetse puuvilla ja linase puhul. Rihmtehnoloogia triikimisel pakub suurt eelist just \u00fcmaraid v\u0151i ovaalseid laudlinu t\u00f6\u00f6deldes, kuna see v\u00e4ldib kiu moonutusi.<\/p>\n<p>Efektiivne temperatuuri kontroll, reaktiivsed andurid ja paigaldatud v\u0151imsuse suurep\u00e4rane juhtimine tagavad keskmisest k\u0151rgema j\u0151udluse ja samal ajal v\u00e4ldivad energia raiskamist.<\/p>\n","protected":false},"featured_media":8250,"comment_status":"open","ping_status":"closed","template":"","meta":[],"product_brand":[],"product_cat":[506,507,624],"product_tag":[],"class_list":{"0":"post-8249","1":"product","2":"type-product","3":"status-publish","4":"has-post-thumbnail","6":"product_cat-ariklient","7":"product_cat-pesumajaseadmed","8":"product_cat-triikimiskalandrid","10":"first","11":"outofstock","12":"taxable","13":"shipping-taxable","14":"purchasable","15":"product-type-simple"},"yoast_head":"<!-- This site is optimized with the Yoast SEO plugin v27.0 - https:\/\/yoast.com\/product\/yoast-seo-wordpress\/ -->\n<title>Kuivatav lintidega GMP kalander; t\u00f6\u00f6laius 2100mm, silinder \u00d8320mm; V.400\/3N\/50Hz 27 kW; tootlikkus 56kg\/h; 1,6\u00f75 m\/min; 2640x550x1100mm; 548kg; - Lavanno - pesuvahendite ekspert<\/title>\n<meta name=\"robots\" content=\"index, follow, max-snippet:-1, max-image-preview:large, max-video-preview:-1\" \/>\n<link rel=\"canonical\" href=\"https:\/\/lavanno.com\/en\/toode\/gmp-kuivatav-lintkalander-g21-35\/\" \/>\n<meta property=\"og:locale\" content=\"en_US\" \/>\n<meta property=\"og:type\" content=\"article\" \/>\n<meta property=\"og:title\" content=\"Kuivatav lintidega GMP kalander; t\u00f6\u00f6laius 2100mm, silinder \u00d8320mm; V.400\/3N\/50Hz 27 kW; tootlikkus 56kg\/h; 1,6\u00f75 m\/min; 2640x550x1100mm; 548kg; - Lavanno - pesuvahendite ekspert\" \/>\n<meta property=\"og:description\" content=\"Kirjeldus G.35 kuivatavad lintkalandrid\u00a0on kogu maailmas tuntud oma \u00fcletamatute triikimistulemuste poolest, mis saavutatakse spetsiaalselt disainitud surve-rulli abil, mis v\u0151imaldab t\u00f6\u00f6delda isegi k\u0151ige keerulisemaid ja \u0151rnemaid kangaid, sealhulgas siidi, organzat, satiini ja tikitud kangaid.  GMP olles spetsialiseerunud triikimismasinate tootmisele, suunab kogu oma teadus- ja arendustegevuse ning tootmisstruktuuri sisemiste komponentide t\u00f6\u00f6tlemisele, mis on triikimisprotsessi tuum. Tulemused on selgelt n\u00e4htavad ja hinnatud: G.35 tasapinnaline triikimiskalander\u00a0on erakordselt tugev ja usaldusv\u00e4\u00e4rne ning toodetud kasutades kvaliteetseid ja \u00fclem\u0151\u0151dulisi osi. Selle k\u0151rge kvaliteet on taganud G.35-le edu ka k\u0151ige n\u0151udlikematel Euroopa turgudel.  Kasutades sama disainifilosoofiat, mida GMP on triikimismasinate puhul kasutanud aastak\u00fcmneid, on G.35 v\u00e4lja t\u00f6\u00f6tatud madala hooldusvajadusega lahendused, mis toovad kaasa konkreetseid eeliseid, n\u00e4iteks v\u00e4hendatud omamis- ja hoolduskulud aastate jooksul.  G.35 on osutunud suurep\u00e4raseks triikimismasinateks \u00fcmmarguste ja ovaalsete laudlinade triikimisel ning eriti l\u00e4ikivate pol\u00fcpuuvillaste kangaste v\u0151i kvaliteetse puuvilla ja linase puhul. Rihmtehnoloogia triikimisel pakub suurt eelist just \u00fcmaraid v\u0151i ovaalseid laudlinu t\u00f6\u00f6deldes, kuna see v\u00e4ldib kiu moonutusi.  Efektiivne temperatuuri kontroll, reaktiivsed andurid ja paigaldatud v\u0151imsuse suurep\u00e4rane juhtimine tagavad keskmisest k\u0151rgema j\u0151udluse ja samal ajal v\u00e4ldivad energia raiskamist.\" \/>\n<meta property=\"og:url\" content=\"https:\/\/lavanno.com\/en\/toode\/gmp-kuivatav-lintkalander-g21-35\/\" \/>\n<meta property=\"og:site_name\" content=\"Lavanno - pesuvahendite ekspert\" \/>\n<meta property=\"article:publisher\" content=\"https:\/\/www.facebook.com\/Lavanno.ee\" \/>\n<meta property=\"article:modified_time\" content=\"2026-05-02T11:35:01+00:00\" \/>\n<meta property=\"og:image\" content=\"https:\/\/lavanno.com\/wp-content\/uploads\/2025\/03\/GMP-lintkalander-G18.35-1.png\" \/>\n\t<meta property=\"og:image:width\" content=\"1617\" \/>\n\t<meta property=\"og:image:height\" content=\"1617\" \/>\n\t<meta property=\"og:image:type\" content=\"image\/png\" \/>\n<meta name=\"twitter:card\" content=\"summary_large_image\" \/>\n<meta name=\"twitter:label1\" content=\"Est. reading time\" \/>\n\t<meta name=\"twitter:data1\" content=\"3 minutes\" \/>\n<script type=\"application\/ld+json\" class=\"yoast-schema-graph\">{\"@context\":\"https:\/\/schema.org\",\"@graph\":[{\"@type\":\"WebPage\",\"@id\":\"https:\/\/lavanno.com\/en\/toode\/gmp-kuivatav-lintkalander-g21-35\/\",\"url\":\"https:\/\/lavanno.com\/en\/toode\/gmp-kuivatav-lintkalander-g21-35\/\",\"name\":\"Kuivatav lintidega GMP kalander; t\u00f6\u00f6laius 2100mm, silinder \u00d8320mm; V.400\/3N\/50Hz 27 kW; tootlikkus 56kg\/h; 1,6\u00f75 m\/min; 2640x550x1100mm; 548kg; - Lavanno - pesuvahendite ekspert\",\"isPartOf\":{\"@id\":\"https:\/\/lavanno.com\/en\/#website\"},\"primaryImageOfPage\":{\"@id\":\"https:\/\/lavanno.com\/en\/toode\/gmp-kuivatav-lintkalander-g21-35\/#primaryimage\"},\"image\":{\"@id\":\"https:\/\/lavanno.com\/en\/toode\/gmp-kuivatav-lintkalander-g21-35\/#primaryimage\"},\"thumbnailUrl\":\"https:\/\/lavanno.com\/wp-content\/uploads\/2025\/03\/GMP-lintkalander-G18.35-1.png\",\"datePublished\":\"2025-03-18T11:00:43+00:00\",\"dateModified\":\"2026-05-02T11:35:01+00:00\",\"breadcrumb\":{\"@id\":\"https:\/\/lavanno.com\/en\/toode\/gmp-kuivatav-lintkalander-g21-35\/#breadcrumb\"},\"inLanguage\":\"en-US\",\"potentialAction\":[{\"@type\":\"ReadAction\",\"target\":[\"https:\/\/lavanno.com\/en\/toode\/gmp-kuivatav-lintkalander-g21-35\/\"]}]},{\"@type\":\"ImageObject\",\"inLanguage\":\"en-US\",\"@id\":\"https:\/\/lavanno.com\/en\/toode\/gmp-kuivatav-lintkalander-g21-35\/#primaryimage\",\"url\":\"https:\/\/lavanno.com\/wp-content\/uploads\/2025\/03\/GMP-lintkalander-G18.35-1.png\",\"contentUrl\":\"https:\/\/lavanno.com\/wp-content\/uploads\/2025\/03\/GMP-lintkalander-G18.35-1.png\",\"width\":1617,\"height\":1617},{\"@type\":\"BreadcrumbList\",\"@id\":\"https:\/\/lavanno.com\/en\/toode\/gmp-kuivatav-lintkalander-g21-35\/#breadcrumb\",\"itemListElement\":[{\"@type\":\"ListItem\",\"position\":1,\"name\":\"Home\",\"item\":\"https:\/\/lavanno.com\/en\/\"},{\"@type\":\"ListItem\",\"position\":2,\"name\":\"E-pood\",\"item\":\"https:\/\/lavanno.com\/e-pood\/\"},{\"@type\":\"ListItem\",\"position\":3,\"name\":\"Kuivatav lintidega GMP kalander; t\u00f6\u00f6laius 2100mm, silinder \u00d8320mm; V.400\/3N\/50Hz 27 kW; tootlikkus 56kg\/h; 1,6\u00f75 m\/min; 2640x550x1100mm; 548kg;\"}]},{\"@type\":\"WebSite\",\"@id\":\"https:\/\/lavanno.com\/en\/#website\",\"url\":\"https:\/\/lavanno.com\/en\/\",\"name\":\"Lavanno - Pesuvahendite ekspert\",\"description\":\"Toome maale ja m\u00fc\u00fcme tekstiili pesuvahendeid, pesumajaseadmeid ja tarvikuid. Hooldame ja konsulteerime.\",\"publisher\":{\"@id\":\"https:\/\/lavanno.com\/en\/#organization\"},\"potentialAction\":[{\"@type\":\"SearchAction\",\"target\":{\"@type\":\"EntryPoint\",\"urlTemplate\":\"https:\/\/lavanno.com\/en\/?s={search_term_string}\"},\"query-input\":{\"@type\":\"PropertyValueSpecification\",\"valueRequired\":true,\"valueName\":\"search_term_string\"}}],\"inLanguage\":\"en-US\"},{\"@type\":\"Organization\",\"@id\":\"https:\/\/lavanno.com\/en\/#organization\",\"name\":\"Lavanno - Pesuvahendite ekspert\",\"url\":\"https:\/\/lavanno.com\/en\/\",\"logo\":{\"@type\":\"ImageObject\",\"inLanguage\":\"en-US\",\"@id\":\"https:\/\/lavanno.com\/en\/#\/schema\/logo\/image\/\",\"url\":\"https:\/\/lavanno.com\/wp-content\/uploads\/2025\/07\/Lavanno.png\",\"contentUrl\":\"https:\/\/lavanno.com\/wp-content\/uploads\/2025\/07\/Lavanno.png\",\"width\":1200,\"height\":1200,\"caption\":\"Lavanno - Pesuvahendite ekspert\"},\"image\":{\"@id\":\"https:\/\/lavanno.com\/en\/#\/schema\/logo\/image\/\"},\"sameAs\":[\"https:\/\/www.facebook.com\/Lavanno.ee\"]}]}<\/script>\n<!-- \/ Yoast SEO plugin. -->","yoast_head_json":{"title":"Kuivatav lintidega GMP kalander; t\u00f6\u00f6laius 2100mm, silinder \u00d8320mm; V.400\/3N\/50Hz 27 kW; tootlikkus 56kg\/h; 1,6\u00f75 m\/min; 2640x550x1100mm; 548kg; - Lavanno - pesuvahendite ekspert","robots":{"index":"index","follow":"follow","max-snippet":"max-snippet:-1","max-image-preview":"max-image-preview:large","max-video-preview":"max-video-preview:-1"},"canonical":"https:\/\/lavanno.com\/en\/toode\/gmp-kuivatav-lintkalander-g21-35\/","og_locale":"en_US","og_type":"article","og_title":"Kuivatav lintidega GMP kalander; t\u00f6\u00f6laius 2100mm, silinder \u00d8320mm; V.400\/3N\/50Hz 27 kW; tootlikkus 56kg\/h; 1,6\u00f75 m\/min; 2640x550x1100mm; 548kg; - Lavanno - pesuvahendite ekspert","og_description":"Kirjeldus G.35 kuivatavad lintkalandrid\u00a0on kogu maailmas tuntud oma \u00fcletamatute triikimistulemuste poolest, mis saavutatakse spetsiaalselt disainitud surve-rulli abil, mis v\u0151imaldab t\u00f6\u00f6delda isegi k\u0151ige keerulisemaid ja \u0151rnemaid kangaid, sealhulgas siidi, organzat, satiini ja tikitud kangaid.  GMP olles spetsialiseerunud triikimismasinate tootmisele, suunab kogu oma teadus- ja arendustegevuse ning tootmisstruktuuri sisemiste komponentide t\u00f6\u00f6tlemisele, mis on triikimisprotsessi tuum. Tulemused on selgelt n\u00e4htavad ja hinnatud: G.35 tasapinnaline triikimiskalander\u00a0on erakordselt tugev ja usaldusv\u00e4\u00e4rne ning toodetud kasutades kvaliteetseid ja \u00fclem\u0151\u0151dulisi osi. Selle k\u0151rge kvaliteet on taganud G.35-le edu ka k\u0151ige n\u0151udlikematel Euroopa turgudel.  Kasutades sama disainifilosoofiat, mida GMP on triikimismasinate puhul kasutanud aastak\u00fcmneid, on G.35 v\u00e4lja t\u00f6\u00f6tatud madala hooldusvajadusega lahendused, mis toovad kaasa konkreetseid eeliseid, n\u00e4iteks v\u00e4hendatud omamis- ja hoolduskulud aastate jooksul.  G.35 on osutunud suurep\u00e4raseks triikimismasinateks \u00fcmmarguste ja ovaalsete laudlinade triikimisel ning eriti l\u00e4ikivate pol\u00fcpuuvillaste kangaste v\u0151i kvaliteetse puuvilla ja linase puhul. Rihmtehnoloogia triikimisel pakub suurt eelist just \u00fcmaraid v\u0151i ovaalseid laudlinu t\u00f6\u00f6deldes, kuna see v\u00e4ldib kiu moonutusi.  Efektiivne temperatuuri kontroll, reaktiivsed andurid ja paigaldatud v\u0151imsuse suurep\u00e4rane juhtimine tagavad keskmisest k\u0151rgema j\u0151udluse ja samal ajal v\u00e4ldivad energia raiskamist.","og_url":"https:\/\/lavanno.com\/en\/toode\/gmp-kuivatav-lintkalander-g21-35\/","og_site_name":"Lavanno - pesuvahendite ekspert","article_publisher":"https:\/\/www.facebook.com\/Lavanno.ee","article_modified_time":"2026-05-02T11:35:01+00:00","og_image":[{"width":1617,"height":1617,"url":"https:\/\/lavanno.com\/wp-content\/uploads\/2025\/03\/GMP-lintkalander-G18.35-1.png","type":"image\/png"}],"twitter_card":"summary_large_image","twitter_misc":{"Est. reading time":"3 minutes"},"schema":{"@context":"https:\/\/schema.org","@graph":[{"@type":"WebPage","@id":"https:\/\/lavanno.com\/en\/toode\/gmp-kuivatav-lintkalander-g21-35\/","url":"https:\/\/lavanno.com\/en\/toode\/gmp-kuivatav-lintkalander-g21-35\/","name":"Kuivatav lintidega GMP kalander; t\u00f6\u00f6laius 2100mm, silinder \u00d8320mm; V.400\/3N\/50Hz 27 kW; tootlikkus 56kg\/h; 1,6\u00f75 m\/min; 2640x550x1100mm; 548kg; - Lavanno - pesuvahendite ekspert","isPartOf":{"@id":"https:\/\/lavanno.com\/en\/#website"},"primaryImageOfPage":{"@id":"https:\/\/lavanno.com\/en\/toode\/gmp-kuivatav-lintkalander-g21-35\/#primaryimage"},"image":{"@id":"https:\/\/lavanno.com\/en\/toode\/gmp-kuivatav-lintkalander-g21-35\/#primaryimage"},"thumbnailUrl":"https:\/\/lavanno.com\/wp-content\/uploads\/2025\/03\/GMP-lintkalander-G18.35-1.png","datePublished":"2025-03-18T11:00:43+00:00","dateModified":"2026-05-02T11:35:01+00:00","breadcrumb":{"@id":"https:\/\/lavanno.com\/en\/toode\/gmp-kuivatav-lintkalander-g21-35\/#breadcrumb"},"inLanguage":"en-US","potentialAction":[{"@type":"ReadAction","target":["https:\/\/lavanno.com\/en\/toode\/gmp-kuivatav-lintkalander-g21-35\/"]}]},{"@type":"ImageObject","inLanguage":"en-US","@id":"https:\/\/lavanno.com\/en\/toode\/gmp-kuivatav-lintkalander-g21-35\/#primaryimage","url":"https:\/\/lavanno.com\/wp-content\/uploads\/2025\/03\/GMP-lintkalander-G18.35-1.png","contentUrl":"https:\/\/lavanno.com\/wp-content\/uploads\/2025\/03\/GMP-lintkalander-G18.35-1.png","width":1617,"height":1617},{"@type":"BreadcrumbList","@id":"https:\/\/lavanno.com\/en\/toode\/gmp-kuivatav-lintkalander-g21-35\/#breadcrumb","itemListElement":[{"@type":"ListItem","position":1,"name":"Home","item":"https:\/\/lavanno.com\/en\/"},{"@type":"ListItem","position":2,"name":"E-pood","item":"https:\/\/lavanno.com\/e-pood\/"},{"@type":"ListItem","position":3,"name":"Kuivatav lintidega GMP kalander; t\u00f6\u00f6laius 2100mm, silinder \u00d8320mm; V.400\/3N\/50Hz 27 kW; tootlikkus 56kg\/h; 1,6\u00f75 m\/min; 2640x550x1100mm; 548kg;"}]},{"@type":"WebSite","@id":"https:\/\/lavanno.com\/en\/#website","url":"https:\/\/lavanno.com\/en\/","name":"Lavanno - Pesuvahendite ekspert","description":"Toome maale ja m\u00fc\u00fcme tekstiili pesuvahendeid, pesumajaseadmeid ja tarvikuid. Hooldame ja konsulteerime.","publisher":{"@id":"https:\/\/lavanno.com\/en\/#organization"},"potentialAction":[{"@type":"SearchAction","target":{"@type":"EntryPoint","urlTemplate":"https:\/\/lavanno.com\/en\/?s={search_term_string}"},"query-input":{"@type":"PropertyValueSpecification","valueRequired":true,"valueName":"search_term_string"}}],"inLanguage":"en-US"},{"@type":"Organization","@id":"https:\/\/lavanno.com\/en\/#organization","name":"Lavanno - Pesuvahendite ekspert","url":"https:\/\/lavanno.com\/en\/","logo":{"@type":"ImageObject","inLanguage":"en-US","@id":"https:\/\/lavanno.com\/en\/#\/schema\/logo\/image\/","url":"https:\/\/lavanno.com\/wp-content\/uploads\/2025\/07\/Lavanno.png","contentUrl":"https:\/\/lavanno.com\/wp-content\/uploads\/2025\/07\/Lavanno.png","width":1200,"height":1200,"caption":"Lavanno - Pesuvahendite ekspert"},"image":{"@id":"https:\/\/lavanno.com\/en\/#\/schema\/logo\/image\/"},"sameAs":["https:\/\/www.facebook.com\/Lavanno.ee"]}]}},"_links":{"self":[{"href":"https:\/\/lavanno.com\/en\/wp-json\/wp\/v2\/product\/8249","targetHints":{"allow":["GET"]}}],"collection":[{"href":"https:\/\/lavanno.com\/en\/wp-json\/wp\/v2\/product"}],"about":[{"href":"https:\/\/lavanno.com\/en\/wp-json\/wp\/v2\/types\/product"}],"replies":[{"embeddable":true,"href":"https:\/\/lavanno.com\/en\/wp-json\/wp\/v2\/comments?post=8249"}],"wp:featuredmedia":[{"embeddable":true,"href":"https:\/\/lavanno.com\/en\/wp-json\/wp\/v2\/media\/8250"}],"wp:attachment":[{"href":"https:\/\/lavanno.com\/en\/wp-json\/wp\/v2\/media?parent=8249"}],"wp:term":[{"taxonomy":"product_brand","embeddable":true,"href":"https:\/\/lavanno.com\/en\/wp-json\/wp\/v2\/product_brand?post=8249"},{"taxonomy":"product_cat","embeddable":true,"href":"https:\/\/lavanno.com\/en\/wp-json\/wp\/v2\/product_cat?post=8249"},{"taxonomy":"product_tag","embeddable":true,"href":"https:\/\/lavanno.com\/en\/wp-json\/wp\/v2\/product_tag?post=8249"}],"curies":[{"name":"wp","href":"https:\/\/api.w.org\/{rel}","templated":true}]}}