{"id":8314,"date":"2025-03-18T13:01:17","date_gmt":"2025-03-18T11:01:17","guid":{"rendered":"https:\/\/lavanno.com\/product\/gmp-kuivatav-lintkalander-g32-50\/"},"modified":"2026-05-02T14:35:01","modified_gmt":"2026-05-02T11:35:01","slug":"gmp-kuivatav-lintkalander-g32-50","status":"publish","type":"product","link":"https:\/\/lavanno.com\/en\/toode\/gmp-kuivatav-lintkalander-g32-50\/","title":{"rendered":"Kalander triikimislintidega, silinder 500x3200mm; V400\/3N\/50Hz, 66kW, 98A; tootlikkus 120 kg\/h; 3880x750x1290mm, 1700 kg; kiirus 5m\/min, aut cool down"},"content":{"rendered":"<div class=\"flex-shrink-0 flex flex-col relative items-end\">\n<div class=\"pt-0\">\n<div class=\"gizmo-bot-avatar flex h-8 w-8 items-center justify-center overflow-hidden rounded-full\">\n<div class=\"relative p-1 rounded-sm flex items-center justify-center bg-token-main-surface-primary text-token-text-primary h-8 w-8\">\n<p><strong>Tehnilised andmed<\/strong><\/p>\n<ul>\n<li><strong>J\u00e4\u00e4kniiskus:<\/strong> 50%<\/li>\n<li><strong>Silindri m\u0151\u0151tmed:<\/strong> 3200 x \u0158500 mm<\/li>\n<li><strong>Saadaval olevad k\u00fcttes\u00fcsteemid:<\/strong> Elektriline, Gaas, Aur<\/li>\n<li><strong>Tunnitootlikkus:<\/strong>\n<ul>\n<li>Elektriline (E): 120 kg\/h<\/li>\n<li>Gaas (G): 135 kg\/h<\/li>\n<li>Aur (S): 145 kg\/h (j\u00e4\u00e4kniiskus 50%)<\/li>\n<\/ul>\n<\/li>\n<li><strong>K\u00fcttv\u0151imsus:<\/strong> 66 kW<\/li>\n<li><strong>Gaasitarbimine:<\/strong> G20: 9,8 m\u0142\/h &#8211; LPG: 7,6 kg\/h<\/li>\n<li><strong>Aurutarbimine:<\/strong> 90 kg\/h<\/li>\n<li><strong>Standardne toitepinge:<\/strong> 400\/3N<\/li>\n<li><strong>Triikimiskiirus:<\/strong> 1,6 \u00f7 8 m\/min<\/li>\n<li><strong>Triikimismasina m\u0151\u0151tmed:<\/strong> 3880 x 750 x 1290 mm<\/li>\n<li><strong>Netokaal:<\/strong> 1700 kg<\/li>\n<\/ul>\n<\/div>\n<\/div>\n<\/div>\n<\/div>\n<div class=\"flex-shrink-0 flex flex-col relative items-end\">\n<div>\n<div class=\"pt-0\">\n<div class=\"gizmo-bot-avatar flex h-8 w-8 items-center justify-center overflow-hidden rounded-full\">\n<div class=\"relative p-1 rounded-sm flex items-center justify-center bg-token-main-surface-primary text-token-text-primary h-8 w-8\"><\/div>\n<\/div>\n<\/div>\n<\/div>\n<\/div>\n<div class=\"group\/conversation-turn relative flex w-full min-w-0 flex-col agent-turn\">\n<div class=\"flex-col gap-1 md:gap-3\">\n<div class=\"flex max-w-full flex-col flex-grow\">\n<div class=\"min-h-8 text-message flex w-full flex-col items-end gap-2 whitespace-normal break-words [.text-message+&amp;]:mt-5\" dir=\"auto\" data-message-author-role=\"assistant\" data-message-id=\"84994867-5cf2-48ca-a0f0-d73555d6a321\" data-message-model-slug=\"gpt-4o\">\n<div class=\"flex w-full flex-col gap-1 empty:hidden first:pt-[3px]\">\n<div class=\"markdown prose w-full break-words dark:prose-invert light\">\n<p><strong>Kasutusvaldkonnad<\/strong><\/p>\n<ul>\n<li>Hotellid kuni 150 tuba<\/li>\n<li>Restoranid<\/li>\n<li>Toitlustusteenused<\/li>\n<li>Spordiklubid<\/li>\n<li>Kogukonnad<\/li>\n<li>Koolid<\/li>\n<li>Hooldus- ja vanadekodud<\/li>\n<li>Laevade pesulad<\/li>\n<li>Naftaplatvormid<\/li>\n<li>V\u00e4ikesed t\u00f6\u00f6stuslikud pesumajad<\/li>\n<li>Keemilise puhastuse poed<\/li>\n<\/ul>\n<\/div>\n<\/div>\n<\/div>\n<\/div>\n<\/div>\n<\/div>\n<p>\u00a0<\/p>\n<p>GMP kasutab k\u0151rge kvaliteediga \u0151mblusteta silindreid, mis on t\u00e4ielikult t\u00f6\u00f6deldud GMP tehases, et tagada parim kvaliteedikontroll kalandri s\u00fcdame \u00fcle. Peegelpoleerimist tehakse eriti hoolikalt, et saavutada ideaalselt sile pind, mis annab parimad triikimistulemused.<\/p>\n<p><strong>Peegelpoleeritud silinder<\/strong><\/p>\n<p>V\u0151rratu viimistlus ja \u00fclim j\u0151udlus<\/p>\n<p><strong>Kompaktne disain ja lihtne ligip\u00e4\u00e4s komponentidele tavalise hoolduse jaoks.<\/strong><\/p>\n<p><strong>Aurut\u0151rje s\u00fcsteem: \u0150hulabad<\/strong> (G.25 ja G.35)<\/p>\n<p>&#8220;\u0150hulabade&#8221; s\u00fcsteem tagab eriti t\u0151husa aurut\u0151rje v\u0151rreldes traditsiooniliste \u00fcmmarguste aukudega torudega, pakkudes laiema imemise pinna. See piirab samal ajal ebemete j\u0151udmist mootoritesse, v\u00e4hendades hooldustoimingute sagedust.<\/p>\n<p><strong>Jalapedaal<\/strong><\/p>\n<p>Peatab rulli p\u00f6\u00f6rlemise ja j\u00e4tab k\u00e4ed vabaks, et korrigeerida pesu toitmisprotsessi ajal.<\/p>\n<p><strong>Auruv\u00e4ljutamine: SKS s\u00fcsteem<\/strong> (G.50)<\/p>\n<p>Eriti lai imemiskate kogub t\u0151husalt triikimisprotsessi ajal tekkiva auru ja suunab selle v\u00e4ljat\u0151mmetorudesse:<\/p>\n<ul>\n<li>Pole soojuskadu: kate imeb v\u00e4lja ainult niiskuse (auru), ilma et see m\u0151jutaks silindri temperatuuri, v\u00e4hendades energiakulu.<\/li>\n<li>L\u00fchemad kuivatamisajad: lai imemispind v\u0151imaldab kiiret vee aurustumist, v\u0151imaldades t\u00f6\u00f6tada k\u0151rgematel triikimiskiirustel.<\/li>\n<li>V\u00e4ga vaikne.<\/li>\n<\/ul>\n<p><strong>Kasutajas\u0151bralik juhtpaneel<\/strong><\/p>\n<p>Lihtne, suur ja kergesti m\u0151istetav juhtpaneel v\u0151imaldab valida triikimiskiiruse ja temperatuuri laia valiku kangaste ja niiskuse astmete jaoks. Nutikas diagnostika ekraanil.<\/p>\n<p><strong>V\u0151rratu triikimistulemus<\/strong><\/p>\n<p>GMP spetsiaalselt v\u00e4lja t\u00f6\u00f6tatud surve-rull tagab ideaalse triikimistulemuse ja \u0151rna kohtlemise \u0151rnade kangaste, n\u00e4iteks siidi, satiini ja tikitud tekstiilide puhul.<\/p>\n<p><strong>Kahekordsed temperatuuriandurid<\/strong><\/p>\n<p>Kahekordne temperatuurisensor j\u00e4lgib triikimispinna temperatuuri, v\u00e4ltides k\u0151ikumisi ja pakkudes kaitset tekstiilide ja rihmade \u00fclekuumenemise eest.<\/p>\n<p><strong>Hooldusvabad rullikud<\/strong><\/p>\n<p>GMP on valinud kummist rullide asemel ilma vooderdiseta metallrullid, millel on karestatud pind, mis tagab \u00fchtlase rihma veoj\u0151u ja v\u00e4listab kummist vooderdiste koorumise.<\/p>\n<p><strong>Tugev ja vastupidav disain pikaealisuseks<\/strong><\/p>\n<p>GMP on keskendunud tugeva konstruktsiooni loomisele, mis tagab aastateks sujuva ja probleemivaba t\u00f6\u00f6.<\/p>\n<p>\u00a0<\/p>\n<p><strong>Kroomitud silinder \u2013 Tagatud kvaliteetne valik<\/strong><\/p>\n<p><strong>H\u00fcgieen ja pikaajaline s\u00e4\u00e4stmine vahavaba korrosioonivastase kroomkattega<\/strong><\/p>\n<p>Kangad, mis puutuvad kokku toidu v\u0151i inimnahaga, ei tohiks saastuda oks\u00fcdatsiooniproduktidega, mis paratamatult tekivad poleeritud silindri pinnal. Kroomitud silindri valik on t\u00e4nap\u00e4eva maailmas peaaegu kohustuslik. Selle eelised on mitmek\u00fclgsed:<\/p>\n<p><strong>MAKSIMAALNE H\u00dcGIEEN<\/strong><\/p>\n<p>Laboratoorsed testid on n\u00e4idanud, et kroomitud pinnad tagavad maksimaalse h\u00fcgieeni. Uued uuringud on t\u0151estanud, et need pakuvad isegi paremat vastupidavust bakterite kasvule kui roostevaba teras.<\/p>\n<p><strong>V\u00c4HEM HOOLDUST<\/strong><\/p>\n<p>Kroomitud silinder v\u00e4hendab tavap\u00e4rase hoolduse kulusid: igap\u00e4evane v\u0151i igan\u00e4dalane vahatamine ei ole enam vajalik. Ennetavad hoolduskulud on t\u00e4ielikult k\u0151rvaldatud: pesumaja hooajaliste seiskamiste ajal pole vaja silindreid vahaga t\u00f6\u00f6delda ega puhastada perioodiliselt v\u00e4ljalasketorusid ja mootoreid vahaj\u00e4\u00e4kidest.<\/p>\n<p><strong>PARANDATUD TRIIGIMISKVALITEET JA PIKEM ELUIGA<\/strong><\/p>\n<p>Triikimiskvaliteet paraneb t\u00e4nu kroomkattega tagatud siledamale silindri pinnale. Tootlikkus p\u00fcsib aastate jooksul \u00fchtlane, kuna rihmade hingavusv\u0151ime s\u00e4ilib \u2013 vaha muudab need muidu mittel\u00e4bilaskvaks. Lisaks pikeneb m\u00e4rkimisv\u00e4\u00e4rselt rihmade ja surve-rulli katte eluiga, kuna nad puutuvad kokku v\u00e4iksema h\u0151\u0151rdumisega.<\/p>\n<p>Kroomkattega silindri korrosioonivastane garantii on 3 aastat ja see on saadaval k\u0151igi <strong>G.line<\/strong> mudelite jaoks.<\/p>\n","protected":false},"excerpt":{"rendered":"<p><strong>Kirjeldus<\/strong><\/p>\n<p><strong>G.50<\/strong> on loodud tagama suurt ja pidevat tootlikkust, pakkudes samal ajal GMP kuivatav lintkalandrile omast k\u0151rget kvaliteeti triikimistulemustes.<\/p>\n<p>Tugeva konstruktsiooniga ja varustatud tipptehnoloogiliste lahendustega, nagu <strong>SKS s\u00fcsteem<\/strong> ja <strong>FSS s\u00fcsteem<\/strong>, on <strong>G.50<\/strong> ideaalne valik 4-5 t\u00e4rni hotellide ja v\u00e4ikeste t\u00f6\u00f6stuslike pesumajade vajaduste rahuldamiseks.<\/p>\n<p><strong>SKS s\u00fcsteem: Spetsiaalne auruimemiskate<\/strong> Uus ja spetsiaalselt v\u00e4lja t\u00f6\u00f6tatud auru imemise tehnoloogia, mis pakub olulisi eeliseid v\u0151rreldes tavap\u00e4raste s\u00fcsteemidega:<\/p>\n<ul><\/p>\n<li>Eriti lai auru imemispind: vesi aurustub v\u00e4ga kiiresti kangast ja rihmadest, v\u0151imaldades t\u00f6\u00f6tada k\u0151rgematel triikimiskiirustel.<\/li>\n<p><\/p>\n<li>L\u00fchemad kuivatamisajad.<\/li>\n<p><\/p>\n<li>Ei mingit soojuskadu: t\u00e4nu oma spetsiaalsele disainile imeb kate v\u00e4lja ainult niiskuse (auru), ilma et see m\u0151jutaks silindri temperatuuri, mis v\u00e4listab soojuskadusid ja s\u00e4\u00e4stab energiakulusid.<\/li>\n<p><\/p>\n<li>V\u00e4ga vaikne t\u00f6\u00f6.<\/li>\n<p><\/p>\n<li>Lihtne surve-rulli lintide asendamine.<\/li>\n<p>\n<\/ul>\n<p>\n<strong>FSS: Silindri ujuv toetus s\u00fcsteem<\/strong> <strong>FSS<\/strong> v\u0151imaldab silindri tugirataste lihtsat ja kiiret vahetust, mis on \u00fcks sagedasemaid hooldustoiminguid kuivatavatel lintkalandritel. Lisaks suurendab s\u00fcsteem oluliselt t\u00f6\u00f6kindlust t\u00e4nu \u00fchtlasele kaalujaotusele, mis on saavutatud spetsiaalse disainiga.<br \/>\n8 silindri tugiratast (tavap\u00e4rase 4 asemel) v\u00e4hendavad \u00fcksikute komponentide kulumist ja pikendavad nende eluiga.<\/p>\n","protected":false},"featured_media":8315,"comment_status":"open","ping_status":"closed","template":"","meta":[],"product_brand":[],"product_cat":[506,507,624],"product_tag":[],"class_list":{"0":"post-8314","1":"product","2":"type-product","3":"status-publish","4":"has-post-thumbnail","6":"product_cat-ariklient","7":"product_cat-pesumajaseadmed","8":"product_cat-triikimiskalandrid","10":"first","11":"outofstock","12":"taxable","13":"shipping-taxable","14":"purchasable","15":"product-type-simple"},"yoast_head":"<!-- This site is optimized with the Yoast SEO plugin v27.0 - https:\/\/yoast.com\/product\/yoast-seo-wordpress\/ -->\n<title>Kalander triikimislintidega, silinder 500x3200mm; V400\/3N\/50Hz, 66kW, 98A; tootlikkus 120 kg\/h; 3880x750x1290mm, 1700 kg; kiirus 5m\/min, aut cool down - Lavanno - pesuvahendite ekspert<\/title>\n<meta name=\"robots\" content=\"index, follow, max-snippet:-1, max-image-preview:large, max-video-preview:-1\" \/>\n<link rel=\"canonical\" href=\"https:\/\/lavanno.com\/en\/toode\/gmp-kuivatav-lintkalander-g32-50\/\" \/>\n<meta property=\"og:locale\" content=\"en_US\" \/>\n<meta property=\"og:type\" content=\"article\" \/>\n<meta property=\"og:title\" content=\"Kalander triikimislintidega, silinder 500x3200mm; V400\/3N\/50Hz, 66kW, 98A; tootlikkus 120 kg\/h; 3880x750x1290mm, 1700 kg; kiirus 5m\/min, aut cool down - Lavanno - pesuvahendite ekspert\" \/>\n<meta property=\"og:description\" content=\"Kirjeldus  G.50 on loodud tagama suurt ja pidevat tootlikkust, pakkudes samal ajal GMP kuivatav lintkalandrile omast k\u0151rget kvaliteeti triikimistulemustes.  Tugeva konstruktsiooniga ja varustatud tipptehnoloogiliste lahendustega, nagu SKS s\u00fcsteem ja FSS s\u00fcsteem, on G.50 ideaalne valik 4-5 t\u00e4rni hotellide ja v\u00e4ikeste t\u00f6\u00f6stuslike pesumajade vajaduste rahuldamiseks.  SKS s\u00fcsteem: Spetsiaalne auruimemiskate Uus ja spetsiaalselt v\u00e4lja t\u00f6\u00f6tatud auru imemise tehnoloogia, mis pakub olulisi eeliseid v\u0151rreldes tavap\u00e4raste s\u00fcsteemidega:   Eriti lai auru imemispind: vesi aurustub v\u00e4ga kiiresti kangast ja rihmadest, v\u0151imaldades t\u00f6\u00f6tada k\u0151rgematel triikimiskiirustel.  L\u00fchemad kuivatamisajad.  Ei mingit soojuskadu: t\u00e4nu oma spetsiaalsele disainile imeb kate v\u00e4lja ainult niiskuse (auru), ilma et see m\u0151jutaks silindri temperatuuri, mis v\u00e4listab soojuskadusid ja s\u00e4\u00e4stab energiakulusid.  V\u00e4ga vaikne t\u00f6\u00f6.  Lihtne surve-rulli lintide asendamine.  FSS: Silindri ujuv toetus s\u00fcsteem FSS v\u0151imaldab silindri tugirataste lihtsat ja kiiret vahetust, mis on \u00fcks sagedasemaid hooldustoiminguid kuivatavatel lintkalandritel. Lisaks suurendab s\u00fcsteem oluliselt t\u00f6\u00f6kindlust t\u00e4nu \u00fchtlasele kaalujaotusele, mis on saavutatud spetsiaalse disainiga. 8 silindri tugiratast (tavap\u00e4rase 4 asemel) v\u00e4hendavad \u00fcksikute komponentide kulumist ja pikendavad nende eluiga.\" \/>\n<meta property=\"og:url\" content=\"https:\/\/lavanno.com\/en\/toode\/gmp-kuivatav-lintkalander-g32-50\/\" \/>\n<meta property=\"og:site_name\" content=\"Lavanno - pesuvahendite ekspert\" \/>\n<meta property=\"article:publisher\" content=\"https:\/\/www.facebook.com\/Lavanno.ee\" \/>\n<meta property=\"article:modified_time\" content=\"2026-05-02T11:35:01+00:00\" \/>\n<meta property=\"og:image\" content=\"https:\/\/lavanno.com\/wp-content\/uploads\/2025\/03\/GMP-kuivatav-lintkalander-G50.png\" \/>\n\t<meta property=\"og:image:width\" content=\"1617\" \/>\n\t<meta property=\"og:image:height\" content=\"1617\" \/>\n\t<meta property=\"og:image:type\" content=\"image\/png\" \/>\n<meta name=\"twitter:card\" content=\"summary_large_image\" \/>\n<meta name=\"twitter:label1\" content=\"Est. reading time\" \/>\n\t<meta name=\"twitter:data1\" content=\"3 minutes\" \/>\n<script type=\"application\/ld+json\" class=\"yoast-schema-graph\">{\"@context\":\"https:\/\/schema.org\",\"@graph\":[{\"@type\":\"WebPage\",\"@id\":\"https:\/\/lavanno.com\/en\/toode\/gmp-kuivatav-lintkalander-g32-50\/\",\"url\":\"https:\/\/lavanno.com\/en\/toode\/gmp-kuivatav-lintkalander-g32-50\/\",\"name\":\"Kalander triikimislintidega, silinder 500x3200mm; V400\/3N\/50Hz, 66kW, 98A; tootlikkus 120 kg\/h; 3880x750x1290mm, 1700 kg; kiirus 5m\/min, aut cool down - Lavanno - pesuvahendite ekspert\",\"isPartOf\":{\"@id\":\"https:\/\/lavanno.com\/en\/#website\"},\"primaryImageOfPage\":{\"@id\":\"https:\/\/lavanno.com\/en\/toode\/gmp-kuivatav-lintkalander-g32-50\/#primaryimage\"},\"image\":{\"@id\":\"https:\/\/lavanno.com\/en\/toode\/gmp-kuivatav-lintkalander-g32-50\/#primaryimage\"},\"thumbnailUrl\":\"https:\/\/lavanno.com\/wp-content\/uploads\/2025\/03\/GMP-kuivatav-lintkalander-G50.png\",\"datePublished\":\"2025-03-18T11:01:17+00:00\",\"dateModified\":\"2026-05-02T11:35:01+00:00\",\"breadcrumb\":{\"@id\":\"https:\/\/lavanno.com\/en\/toode\/gmp-kuivatav-lintkalander-g32-50\/#breadcrumb\"},\"inLanguage\":\"en-US\",\"potentialAction\":[{\"@type\":\"ReadAction\",\"target\":[\"https:\/\/lavanno.com\/en\/toode\/gmp-kuivatav-lintkalander-g32-50\/\"]}]},{\"@type\":\"ImageObject\",\"inLanguage\":\"en-US\",\"@id\":\"https:\/\/lavanno.com\/en\/toode\/gmp-kuivatav-lintkalander-g32-50\/#primaryimage\",\"url\":\"https:\/\/lavanno.com\/wp-content\/uploads\/2025\/03\/GMP-kuivatav-lintkalander-G50.png\",\"contentUrl\":\"https:\/\/lavanno.com\/wp-content\/uploads\/2025\/03\/GMP-kuivatav-lintkalander-G50.png\",\"width\":1617,\"height\":1617},{\"@type\":\"BreadcrumbList\",\"@id\":\"https:\/\/lavanno.com\/en\/toode\/gmp-kuivatav-lintkalander-g32-50\/#breadcrumb\",\"itemListElement\":[{\"@type\":\"ListItem\",\"position\":1,\"name\":\"Home\",\"item\":\"https:\/\/lavanno.com\/en\/\"},{\"@type\":\"ListItem\",\"position\":2,\"name\":\"E-pood\",\"item\":\"https:\/\/lavanno.com\/e-pood\/\"},{\"@type\":\"ListItem\",\"position\":3,\"name\":\"Kalander triikimislintidega, silinder 500x3200mm; V400\/3N\/50Hz, 66kW, 98A; tootlikkus 120 kg\/h; 3880x750x1290mm, 1700 kg; kiirus 5m\/min, aut cool down\"}]},{\"@type\":\"WebSite\",\"@id\":\"https:\/\/lavanno.com\/en\/#website\",\"url\":\"https:\/\/lavanno.com\/en\/\",\"name\":\"Lavanno - Pesuvahendite ekspert\",\"description\":\"Toome maale ja m\u00fc\u00fcme tekstiili pesuvahendeid, pesumajaseadmeid ja tarvikuid. Hooldame ja konsulteerime.\",\"publisher\":{\"@id\":\"https:\/\/lavanno.com\/en\/#organization\"},\"potentialAction\":[{\"@type\":\"SearchAction\",\"target\":{\"@type\":\"EntryPoint\",\"urlTemplate\":\"https:\/\/lavanno.com\/en\/?s={search_term_string}\"},\"query-input\":{\"@type\":\"PropertyValueSpecification\",\"valueRequired\":true,\"valueName\":\"search_term_string\"}}],\"inLanguage\":\"en-US\"},{\"@type\":\"Organization\",\"@id\":\"https:\/\/lavanno.com\/en\/#organization\",\"name\":\"Lavanno - Pesuvahendite ekspert\",\"url\":\"https:\/\/lavanno.com\/en\/\",\"logo\":{\"@type\":\"ImageObject\",\"inLanguage\":\"en-US\",\"@id\":\"https:\/\/lavanno.com\/en\/#\/schema\/logo\/image\/\",\"url\":\"https:\/\/lavanno.com\/wp-content\/uploads\/2025\/07\/Lavanno.png\",\"contentUrl\":\"https:\/\/lavanno.com\/wp-content\/uploads\/2025\/07\/Lavanno.png\",\"width\":1200,\"height\":1200,\"caption\":\"Lavanno - Pesuvahendite ekspert\"},\"image\":{\"@id\":\"https:\/\/lavanno.com\/en\/#\/schema\/logo\/image\/\"},\"sameAs\":[\"https:\/\/www.facebook.com\/Lavanno.ee\"]}]}<\/script>\n<!-- \/ Yoast SEO plugin. -->","yoast_head_json":{"title":"Kalander triikimislintidega, silinder 500x3200mm; V400\/3N\/50Hz, 66kW, 98A; tootlikkus 120 kg\/h; 3880x750x1290mm, 1700 kg; kiirus 5m\/min, aut cool down - Lavanno - pesuvahendite ekspert","robots":{"index":"index","follow":"follow","max-snippet":"max-snippet:-1","max-image-preview":"max-image-preview:large","max-video-preview":"max-video-preview:-1"},"canonical":"https:\/\/lavanno.com\/en\/toode\/gmp-kuivatav-lintkalander-g32-50\/","og_locale":"en_US","og_type":"article","og_title":"Kalander triikimislintidega, silinder 500x3200mm; V400\/3N\/50Hz, 66kW, 98A; tootlikkus 120 kg\/h; 3880x750x1290mm, 1700 kg; kiirus 5m\/min, aut cool down - Lavanno - pesuvahendite ekspert","og_description":"Kirjeldus  G.50 on loodud tagama suurt ja pidevat tootlikkust, pakkudes samal ajal GMP kuivatav lintkalandrile omast k\u0151rget kvaliteeti triikimistulemustes.  Tugeva konstruktsiooniga ja varustatud tipptehnoloogiliste lahendustega, nagu SKS s\u00fcsteem ja FSS s\u00fcsteem, on G.50 ideaalne valik 4-5 t\u00e4rni hotellide ja v\u00e4ikeste t\u00f6\u00f6stuslike pesumajade vajaduste rahuldamiseks.  SKS s\u00fcsteem: Spetsiaalne auruimemiskate Uus ja spetsiaalselt v\u00e4lja t\u00f6\u00f6tatud auru imemise tehnoloogia, mis pakub olulisi eeliseid v\u0151rreldes tavap\u00e4raste s\u00fcsteemidega:   Eriti lai auru imemispind: vesi aurustub v\u00e4ga kiiresti kangast ja rihmadest, v\u0151imaldades t\u00f6\u00f6tada k\u0151rgematel triikimiskiirustel.  L\u00fchemad kuivatamisajad.  Ei mingit soojuskadu: t\u00e4nu oma spetsiaalsele disainile imeb kate v\u00e4lja ainult niiskuse (auru), ilma et see m\u0151jutaks silindri temperatuuri, mis v\u00e4listab soojuskadusid ja s\u00e4\u00e4stab energiakulusid.  V\u00e4ga vaikne t\u00f6\u00f6.  Lihtne surve-rulli lintide asendamine.  FSS: Silindri ujuv toetus s\u00fcsteem FSS v\u0151imaldab silindri tugirataste lihtsat ja kiiret vahetust, mis on \u00fcks sagedasemaid hooldustoiminguid kuivatavatel lintkalandritel. Lisaks suurendab s\u00fcsteem oluliselt t\u00f6\u00f6kindlust t\u00e4nu \u00fchtlasele kaalujaotusele, mis on saavutatud spetsiaalse disainiga. 8 silindri tugiratast (tavap\u00e4rase 4 asemel) v\u00e4hendavad \u00fcksikute komponentide kulumist ja pikendavad nende eluiga.","og_url":"https:\/\/lavanno.com\/en\/toode\/gmp-kuivatav-lintkalander-g32-50\/","og_site_name":"Lavanno - pesuvahendite ekspert","article_publisher":"https:\/\/www.facebook.com\/Lavanno.ee","article_modified_time":"2026-05-02T11:35:01+00:00","og_image":[{"width":1617,"height":1617,"url":"https:\/\/lavanno.com\/wp-content\/uploads\/2025\/03\/GMP-kuivatav-lintkalander-G50.png","type":"image\/png"}],"twitter_card":"summary_large_image","twitter_misc":{"Est. reading time":"3 minutes"},"schema":{"@context":"https:\/\/schema.org","@graph":[{"@type":"WebPage","@id":"https:\/\/lavanno.com\/en\/toode\/gmp-kuivatav-lintkalander-g32-50\/","url":"https:\/\/lavanno.com\/en\/toode\/gmp-kuivatav-lintkalander-g32-50\/","name":"Kalander triikimislintidega, silinder 500x3200mm; V400\/3N\/50Hz, 66kW, 98A; tootlikkus 120 kg\/h; 3880x750x1290mm, 1700 kg; kiirus 5m\/min, aut cool down - Lavanno - pesuvahendite ekspert","isPartOf":{"@id":"https:\/\/lavanno.com\/en\/#website"},"primaryImageOfPage":{"@id":"https:\/\/lavanno.com\/en\/toode\/gmp-kuivatav-lintkalander-g32-50\/#primaryimage"},"image":{"@id":"https:\/\/lavanno.com\/en\/toode\/gmp-kuivatav-lintkalander-g32-50\/#primaryimage"},"thumbnailUrl":"https:\/\/lavanno.com\/wp-content\/uploads\/2025\/03\/GMP-kuivatav-lintkalander-G50.png","datePublished":"2025-03-18T11:01:17+00:00","dateModified":"2026-05-02T11:35:01+00:00","breadcrumb":{"@id":"https:\/\/lavanno.com\/en\/toode\/gmp-kuivatav-lintkalander-g32-50\/#breadcrumb"},"inLanguage":"en-US","potentialAction":[{"@type":"ReadAction","target":["https:\/\/lavanno.com\/en\/toode\/gmp-kuivatav-lintkalander-g32-50\/"]}]},{"@type":"ImageObject","inLanguage":"en-US","@id":"https:\/\/lavanno.com\/en\/toode\/gmp-kuivatav-lintkalander-g32-50\/#primaryimage","url":"https:\/\/lavanno.com\/wp-content\/uploads\/2025\/03\/GMP-kuivatav-lintkalander-G50.png","contentUrl":"https:\/\/lavanno.com\/wp-content\/uploads\/2025\/03\/GMP-kuivatav-lintkalander-G50.png","width":1617,"height":1617},{"@type":"BreadcrumbList","@id":"https:\/\/lavanno.com\/en\/toode\/gmp-kuivatav-lintkalander-g32-50\/#breadcrumb","itemListElement":[{"@type":"ListItem","position":1,"name":"Home","item":"https:\/\/lavanno.com\/en\/"},{"@type":"ListItem","position":2,"name":"E-pood","item":"https:\/\/lavanno.com\/e-pood\/"},{"@type":"ListItem","position":3,"name":"Kalander triikimislintidega, silinder 500x3200mm; V400\/3N\/50Hz, 66kW, 98A; tootlikkus 120 kg\/h; 3880x750x1290mm, 1700 kg; kiirus 5m\/min, aut cool down"}]},{"@type":"WebSite","@id":"https:\/\/lavanno.com\/en\/#website","url":"https:\/\/lavanno.com\/en\/","name":"Lavanno - Pesuvahendite ekspert","description":"Toome maale ja m\u00fc\u00fcme tekstiili pesuvahendeid, pesumajaseadmeid ja tarvikuid. Hooldame ja konsulteerime.","publisher":{"@id":"https:\/\/lavanno.com\/en\/#organization"},"potentialAction":[{"@type":"SearchAction","target":{"@type":"EntryPoint","urlTemplate":"https:\/\/lavanno.com\/en\/?s={search_term_string}"},"query-input":{"@type":"PropertyValueSpecification","valueRequired":true,"valueName":"search_term_string"}}],"inLanguage":"en-US"},{"@type":"Organization","@id":"https:\/\/lavanno.com\/en\/#organization","name":"Lavanno - Pesuvahendite ekspert","url":"https:\/\/lavanno.com\/en\/","logo":{"@type":"ImageObject","inLanguage":"en-US","@id":"https:\/\/lavanno.com\/en\/#\/schema\/logo\/image\/","url":"https:\/\/lavanno.com\/wp-content\/uploads\/2025\/07\/Lavanno.png","contentUrl":"https:\/\/lavanno.com\/wp-content\/uploads\/2025\/07\/Lavanno.png","width":1200,"height":1200,"caption":"Lavanno - Pesuvahendite ekspert"},"image":{"@id":"https:\/\/lavanno.com\/en\/#\/schema\/logo\/image\/"},"sameAs":["https:\/\/www.facebook.com\/Lavanno.ee"]}]}},"_links":{"self":[{"href":"https:\/\/lavanno.com\/en\/wp-json\/wp\/v2\/product\/8314","targetHints":{"allow":["GET"]}}],"collection":[{"href":"https:\/\/lavanno.com\/en\/wp-json\/wp\/v2\/product"}],"about":[{"href":"https:\/\/lavanno.com\/en\/wp-json\/wp\/v2\/types\/product"}],"replies":[{"embeddable":true,"href":"https:\/\/lavanno.com\/en\/wp-json\/wp\/v2\/comments?post=8314"}],"wp:featuredmedia":[{"embeddable":true,"href":"https:\/\/lavanno.com\/en\/wp-json\/wp\/v2\/media\/8315"}],"wp:attachment":[{"href":"https:\/\/lavanno.com\/en\/wp-json\/wp\/v2\/media?parent=8314"}],"wp:term":[{"taxonomy":"product_brand","embeddable":true,"href":"https:\/\/lavanno.com\/en\/wp-json\/wp\/v2\/product_brand?post=8314"},{"taxonomy":"product_cat","embeddable":true,"href":"https:\/\/lavanno.com\/en\/wp-json\/wp\/v2\/product_cat?post=8314"},{"taxonomy":"product_tag","embeddable":true,"href":"https:\/\/lavanno.com\/en\/wp-json\/wp\/v2\/product_tag?post=8314"}],"curies":[{"name":"wp","href":"https:\/\/api.w.org\/{rel}","templated":true}]}}