{"id":8347,"date":"2025-03-18T13:01:35","date_gmt":"2025-03-18T11:01:35","guid":{"rendered":"https:\/\/lavanno.com\/product\/toostuslik-trummelkuivati-grandimpianti-gd350-175kg\/"},"modified":"2026-05-02T14:35:01","modified_gmt":"2026-05-02T11:35:01","slug":"toostuslik-trummelkuivati-grandimpianti-gd350-175kg","status":"publish","type":"product","link":"https:\/\/lavanno.com\/en\/toode\/toostuslik-trummelkuivati-grandimpianti-gd350-175kg\/","title":{"rendered":"Grandimpianti trummelkuivati, 17,5kg (350L); 400V 3N 50\/60H, 15kW (28A); M795x1085x1590, 225kg; ventilaator 900m3\/h; m\u00fcra &lt;60; trummel \u2194"},"content":{"rendered":"<p>https:\/\/www.youtube.com\/watch?v=ExxqEaGENi8<\/p>\n<p>https:\/\/www.youtube.com\/watch?v=ZEULlWOKK7M<\/p>\n<p><b>Keskkonnas\u0151bralikud trummelkuivatid<\/b><\/p>\n<p>Meie uued professionaalsed trummelkuivatid on saadaval kolme t\u00fc\u00fcpi k\u00fcttega (gaas, elekter v\u0151i aur) ja nende ringlusse v\u0151etavus (komponentide taaskasutamise m\u00e4\u00e4r) on 92%. T\u00e4nu kuivatusdiagrammile kohandub see pesu massi variatsioonidega: seade vajab umbes 1 kW kilogrammi pesu kohta, millel on v\u00e4ga v\u00e4ike keskkonnam\u0151ju. T\u00e4nu kaheastmelisele kuumutamisele (gaasimudelitel standardne), mis k\u00e4ivitub automaatselt, kui valitud temperatuur on saavutatud, tarbib kuivati ainult vajalikku energiat.<\/p>\n<p>L\u0151puks on kuumadispersioonide minimeerimiseks ja t\u0151husa kuivatamisprotsessi pakkumiseks v\u00e4hendatud ruumi v\u00e4lise kesta ja trumli vahel, trummel on isoleeritud keraamilisest kiust kestas. Niisiis, GD Wavy pakub maksimaalset soojust\u0151husust, optimeeritud \u0151huvoolu ja v\u00e4hese m\u00fcratasemega m\u0151ju.<\/p>\n<p><b>Efektiivsed ja usaldusv\u00e4\u00e4rsed trummelkuivatid<\/b><\/p>\n<p><b> <\/b><\/p>\n<p>INCOLOY\u00ae terask\u00fcttes\u00fcsteemid takistavad riidetolmu ladestumist, k\u0151rgetele temperatuuridele vastupidavad titaanp\u0151letid ja t\u0151hus v\u00e4ljat\u0151mbes\u00fcsteem tagavad k\u0151rge ja p\u00fcsiva efektiivsuse. Kuivatil GD Wavy on ka soojadispersioonide minimeerimiseks p\u0151hjalikult isoleeritud keraamiline v\u00e4liskest: optimaalse termilise efektiivsuse saavutamiseks liigub kuum \u0151hk lineaarsel viisil, l\u00e4bides pesu ilma tarbetute radadeta. L\u0151puks on nendel kuivatitel v\u0151imas ventilaator, mis on paigutatud uuendusliku spiraali sisse, mis tagab kiire, sujuva ja vaikse \u0151huvoolu.<\/p>\n<p><b>Kindlaim lahendus parima kuivatamise jaoks<\/b><\/p>\n<p><b> <\/b><\/p>\n<p>Lisaks trumli p\u00f6\u00f6rlemisandurile, mis peatab kuumutamise, kui trummel ei p\u00f6\u00f6rdu, pakuvad need uued professionaalsed kuivatid, nagu ka teised Grandimpianti masinad, topelt turvas\u00fcsteeme ja \u00fcleliigseid h\u00e4irel\u00fclitusi, nagu lennunduses kasutusel.<\/p>\n<p>Ohutust suurendavad veelgi erinevad \u00fclekuumenemisvastased lahendused, mis on gaasikuivati puhul t\u0151esti kasulikud. K\u0151ik on sertifitseeritud vastavalt k\u0151ige rangematele rahvusvahelistele standarditele.<\/p>\n<p><b>Ergonoomilised kuivatusmasinad<\/b><\/p>\n<p>Uks avaneb kuni 180\u00b0 ja on ergonoomiliselt paigutatud, et lihtsustada pesu laadimist \/ mahalaadimist: selle k\u0151rguse t\u0151ttu v\u0151iks k\u00e4ru asetada otse seadmete ette. Trummel ja \u0151hukanalid on siis soojuse hajumise v\u00e4hendamiseks soojusisolatsiooniga, samal ajal kui karastatud klaasist ukseklaas, v\u00e4lis paneelid ja \u00e4ravoolukanalid on alati k\u00fclmad: see t\u00e4hendab turvalisemat ja mugavamat keskkonda. L\u0151puks tagab see ka madala m\u00fcrataseme: ainult 54 dB.<\/p>\n<p><b>Nutikas kuivatusprotsess<\/b><\/p>\n<p><b> <\/b><\/p>\n<p>GD Wavy kuivatite uuendus on aju, uus Wavy juhtimiss\u00fcsteem ja uuenduslik pilveteenus. Wavy on kasutajas\u0151bralik, interaktiivne ja puutetundliku ekraaniga liides, mis annab teavet masina funktsionaalsuse ja programmeerimise kohta vastavalt kasutaja kogemustele. Protseduurid on lihtsad, samm-sammult ja k\u0151ik on kasutajatele doseeritud (p\u0151hifunktsioonid, kesktase, professionaalne, tehniline).<\/p>\n<p>T\u00e4nu pilveteenusele TheMind.cloud on seadmed alati ajakohased ja k\u0151ik on kontrolli all: oskusteave, protsessid ja diagrammid, funktsioonide juhtimine ja j\u00e4lgimine, diagnostika ja kulude haldamine on alati vaid hiirekl\u0151psu kaugusel.<\/p>\n<p>\u2022 Trumli p\u00f6\u00f6rlemise ja kiiruse juhtimine andurite abil<\/p>\n<p>\u2022 \u00dcleliigne turvalisus: trumli avamisel, riidetolmu filtri paneelil, heitgaasi temperatuuril.<\/p>\n<p>\u2022 Alumiiniumkattega trummel<\/p>\n<p>\u2022 Trumliukse avamine 180 \u00b0: lihtne peale- ja mahalaadimisprotsess, pesuk\u00e4ru on v\u0151imalik asetada kuivati vastu.<\/p>\n<p>\u2022 Lihtne ja kiire hooldus: sisekomponentide asend on ergonoomiliselt ja h\u0151lpsasti k\u00e4ttesaadav.<\/p>\n<p>\u2022 Ajad ja temperatuurid on juhitud automaatselt.<\/p>\n<p>\u2022 Elektrooniline juhtimine Wavy\u00ae: v\u0151imalus luua ja kohandada piiramatult kuivatusprogramme.<\/p>\n<p>\u2022 Suur \u0151huvool. \u00c4\u00e4rmiselt vaikne &lt;54dB. Heit\u0151hk filtreeritakse inox-filtriga. Teine temperatuurianduri standard.<\/p>\n<p>\u2022 Soojusisolatsioon: 25 mm keraamiline isolatsioon madala k\u00fcttev\u0151imsuse ja madala heit\u0151hu temperatuuri tagamiseks.<\/p>\n<p>\u00a0<\/p>\n<p><b>P\u0150HILINE LISAVARUSTUS <\/b><\/p>\n<p>Alternatiivsed k\u00fctte v\u0151imsused ja pinged (vt tehnilisi andmeid).<\/p>\n<p>Roostevabast terasest trummel.<\/p>\n<p>Kasutajate poolt m\u00e4\u00e4ratud trumli liikumisekiiruse juhtimine<\/p>\n<p>DIRECT DRIVE mudelid GD275?350: traditsiooniliste rihmade vahetamine pole enam vajalik.<\/p>\n<p>Niiskusandur.<\/p>\n<p>Ukse avanemise suuna muutmise v\u0151imalus<\/p>\n","protected":false},"excerpt":{"rendered":"<p>Meie uued professionaalsed trummelkuivatid on saadaval kolme t\u00fc\u00fcpi k\u00fcttega (gaas, elekter v\u0151i aur) ja nende ringlusse v\u0151etavus (komponentide taaskasutamise m\u00e4\u00e4r) on 92%.<\/p>\n","protected":false},"featured_media":8348,"comment_status":"open","ping_status":"closed","template":"","meta":[],"product_brand":[],"product_cat":[506,507,510,511],"product_tag":[],"class_list":{"0":"post-8347","1":"product","2":"type-product","3":"status-publish","4":"has-post-thumbnail","6":"product_cat-ariklient","7":"product_cat-pesumajaseadmed","8":"product_cat-kuivatid","9":"product_cat-toostuslikud-trummelkuivatid","11":"first","12":"outofstock","13":"taxable","14":"shipping-taxable","15":"purchasable","16":"product-type-simple"},"yoast_head":"<!-- This site is optimized with the Yoast SEO plugin v27.0 - https:\/\/yoast.com\/product\/yoast-seo-wordpress\/ -->\n<title>Grandimpianti trummelkuivati, 17,5kg (350L); 400V 3N 50\/60H, 15kW (28A); M795x1085x1590, 225kg; ventilaator 900m3\/h; m\u00fcra &lt;60; trummel \u2194 - Lavanno - pesuvahendite ekspert<\/title>\n<meta name=\"robots\" content=\"index, follow, max-snippet:-1, max-image-preview:large, max-video-preview:-1\" \/>\n<link rel=\"canonical\" href=\"https:\/\/lavanno.com\/en\/toode\/toostuslik-trummelkuivati-grandimpianti-gd350-175kg\/\" \/>\n<meta property=\"og:locale\" content=\"en_US\" \/>\n<meta property=\"og:type\" content=\"article\" \/>\n<meta property=\"og:title\" content=\"Grandimpianti trummelkuivati, 17,5kg (350L); 400V 3N 50\/60H, 15kW (28A); M795x1085x1590, 225kg; ventilaator 900m3\/h; m\u00fcra &lt;60; trummel \u2194 - Lavanno - pesuvahendite ekspert\" \/>\n<meta property=\"og:description\" content=\"Meie uued professionaalsed trummelkuivatid on saadaval kolme t\u00fc\u00fcpi k\u00fcttega (gaas, elekter v\u0151i aur) ja nende ringlusse v\u0151etavus (komponentide taaskasutamise m\u00e4\u00e4r) on 92%.\" \/>\n<meta property=\"og:url\" content=\"https:\/\/lavanno.com\/en\/toode\/toostuslik-trummelkuivati-grandimpianti-gd350-175kg\/\" \/>\n<meta property=\"og:site_name\" content=\"Lavanno - pesuvahendite ekspert\" \/>\n<meta property=\"article:publisher\" content=\"https:\/\/www.facebook.com\/Lavanno.ee\" \/>\n<meta property=\"article:modified_time\" content=\"2026-05-02T11:35:01+00:00\" \/>\n<meta property=\"og:image\" content=\"https:\/\/lavanno.com\/wp-content\/uploads\/2025\/03\/PC_GD275to600_GI_JPG_ML_v01_r03.jpg\" \/>\n\t<meta property=\"og:image:width\" content=\"2480\" \/>\n\t<meta property=\"og:image:height\" content=\"1850\" \/>\n\t<meta property=\"og:image:type\" content=\"image\/jpeg\" \/>\n<meta name=\"twitter:card\" content=\"summary_large_image\" \/>\n<meta name=\"twitter:label1\" content=\"Est. reading time\" \/>\n\t<meta name=\"twitter:data1\" content=\"3 minutes\" \/>\n<script type=\"application\/ld+json\" class=\"yoast-schema-graph\">{\"@context\":\"https:\/\/schema.org\",\"@graph\":[{\"@type\":\"WebPage\",\"@id\":\"https:\/\/lavanno.com\/en\/toode\/toostuslik-trummelkuivati-grandimpianti-gd350-175kg\/\",\"url\":\"https:\/\/lavanno.com\/en\/toode\/toostuslik-trummelkuivati-grandimpianti-gd350-175kg\/\",\"name\":\"Grandimpianti trummelkuivati, 17,5kg (350L); 400V 3N 50\/60H, 15kW (28A); M795x1085x1590, 225kg; ventilaator 900m3\/h; m\u00fcra &lt;60; trummel \u2194 - Lavanno - pesuvahendite ekspert\",\"isPartOf\":{\"@id\":\"https:\/\/lavanno.com\/en\/#website\"},\"primaryImageOfPage\":{\"@id\":\"https:\/\/lavanno.com\/en\/toode\/toostuslik-trummelkuivati-grandimpianti-gd350-175kg\/#primaryimage\"},\"image\":{\"@id\":\"https:\/\/lavanno.com\/en\/toode\/toostuslik-trummelkuivati-grandimpianti-gd350-175kg\/#primaryimage\"},\"thumbnailUrl\":\"https:\/\/lavanno.com\/wp-content\/uploads\/2025\/03\/PC_GD275to600_GI_JPG_ML_v01_r03.jpg\",\"datePublished\":\"2025-03-18T11:01:35+00:00\",\"dateModified\":\"2026-05-02T11:35:01+00:00\",\"breadcrumb\":{\"@id\":\"https:\/\/lavanno.com\/en\/toode\/toostuslik-trummelkuivati-grandimpianti-gd350-175kg\/#breadcrumb\"},\"inLanguage\":\"en-US\",\"potentialAction\":[{\"@type\":\"ReadAction\",\"target\":[\"https:\/\/lavanno.com\/en\/toode\/toostuslik-trummelkuivati-grandimpianti-gd350-175kg\/\"]}]},{\"@type\":\"ImageObject\",\"inLanguage\":\"en-US\",\"@id\":\"https:\/\/lavanno.com\/en\/toode\/toostuslik-trummelkuivati-grandimpianti-gd350-175kg\/#primaryimage\",\"url\":\"https:\/\/lavanno.com\/wp-content\/uploads\/2025\/03\/PC_GD275to600_GI_JPG_ML_v01_r03.jpg\",\"contentUrl\":\"https:\/\/lavanno.com\/wp-content\/uploads\/2025\/03\/PC_GD275to600_GI_JPG_ML_v01_r03.jpg\",\"width\":2480,\"height\":1850},{\"@type\":\"BreadcrumbList\",\"@id\":\"https:\/\/lavanno.com\/en\/toode\/toostuslik-trummelkuivati-grandimpianti-gd350-175kg\/#breadcrumb\",\"itemListElement\":[{\"@type\":\"ListItem\",\"position\":1,\"name\":\"Home\",\"item\":\"https:\/\/lavanno.com\/en\/\"},{\"@type\":\"ListItem\",\"position\":2,\"name\":\"E-pood\",\"item\":\"https:\/\/lavanno.com\/e-pood\/\"},{\"@type\":\"ListItem\",\"position\":3,\"name\":\"Grandimpianti trummelkuivati, 17,5kg (350L); 400V 3N 50\/60H, 15kW (28A); M795x1085x1590, 225kg; ventilaator 900m3\/h; m\u00fcra &lt;60; trummel \u2194\"}]},{\"@type\":\"WebSite\",\"@id\":\"https:\/\/lavanno.com\/en\/#website\",\"url\":\"https:\/\/lavanno.com\/en\/\",\"name\":\"Lavanno - Pesuvahendite ekspert\",\"description\":\"Toome maale ja m\u00fc\u00fcme tekstiili pesuvahendeid, pesumajaseadmeid ja tarvikuid. Hooldame ja konsulteerime.\",\"publisher\":{\"@id\":\"https:\/\/lavanno.com\/en\/#organization\"},\"potentialAction\":[{\"@type\":\"SearchAction\",\"target\":{\"@type\":\"EntryPoint\",\"urlTemplate\":\"https:\/\/lavanno.com\/en\/?s={search_term_string}\"},\"query-input\":{\"@type\":\"PropertyValueSpecification\",\"valueRequired\":true,\"valueName\":\"search_term_string\"}}],\"inLanguage\":\"en-US\"},{\"@type\":\"Organization\",\"@id\":\"https:\/\/lavanno.com\/en\/#organization\",\"name\":\"Lavanno - Pesuvahendite ekspert\",\"url\":\"https:\/\/lavanno.com\/en\/\",\"logo\":{\"@type\":\"ImageObject\",\"inLanguage\":\"en-US\",\"@id\":\"https:\/\/lavanno.com\/en\/#\/schema\/logo\/image\/\",\"url\":\"https:\/\/lavanno.com\/wp-content\/uploads\/2025\/07\/Lavanno.png\",\"contentUrl\":\"https:\/\/lavanno.com\/wp-content\/uploads\/2025\/07\/Lavanno.png\",\"width\":1200,\"height\":1200,\"caption\":\"Lavanno - Pesuvahendite ekspert\"},\"image\":{\"@id\":\"https:\/\/lavanno.com\/en\/#\/schema\/logo\/image\/\"},\"sameAs\":[\"https:\/\/www.facebook.com\/Lavanno.ee\"]}]}<\/script>\n<!-- \/ Yoast SEO plugin. -->","yoast_head_json":{"title":"Grandimpianti trummelkuivati, 17,5kg (350L); 400V 3N 50\/60H, 15kW (28A); M795x1085x1590, 225kg; ventilaator 900m3\/h; m\u00fcra &lt;60; trummel \u2194 - Lavanno - pesuvahendite ekspert","robots":{"index":"index","follow":"follow","max-snippet":"max-snippet:-1","max-image-preview":"max-image-preview:large","max-video-preview":"max-video-preview:-1"},"canonical":"https:\/\/lavanno.com\/en\/toode\/toostuslik-trummelkuivati-grandimpianti-gd350-175kg\/","og_locale":"en_US","og_type":"article","og_title":"Grandimpianti trummelkuivati, 17,5kg (350L); 400V 3N 50\/60H, 15kW (28A); M795x1085x1590, 225kg; ventilaator 900m3\/h; m\u00fcra &lt;60; trummel \u2194 - Lavanno - pesuvahendite ekspert","og_description":"Meie uued professionaalsed trummelkuivatid on saadaval kolme t\u00fc\u00fcpi k\u00fcttega (gaas, elekter v\u0151i aur) ja nende ringlusse v\u0151etavus (komponentide taaskasutamise m\u00e4\u00e4r) on 92%.","og_url":"https:\/\/lavanno.com\/en\/toode\/toostuslik-trummelkuivati-grandimpianti-gd350-175kg\/","og_site_name":"Lavanno - pesuvahendite ekspert","article_publisher":"https:\/\/www.facebook.com\/Lavanno.ee","article_modified_time":"2026-05-02T11:35:01+00:00","og_image":[{"width":2480,"height":1850,"url":"https:\/\/lavanno.com\/wp-content\/uploads\/2025\/03\/PC_GD275to600_GI_JPG_ML_v01_r03.jpg","type":"image\/jpeg"}],"twitter_card":"summary_large_image","twitter_misc":{"Est. reading time":"3 minutes"},"schema":{"@context":"https:\/\/schema.org","@graph":[{"@type":"WebPage","@id":"https:\/\/lavanno.com\/en\/toode\/toostuslik-trummelkuivati-grandimpianti-gd350-175kg\/","url":"https:\/\/lavanno.com\/en\/toode\/toostuslik-trummelkuivati-grandimpianti-gd350-175kg\/","name":"Grandimpianti trummelkuivati, 17,5kg (350L); 400V 3N 50\/60H, 15kW (28A); M795x1085x1590, 225kg; ventilaator 900m3\/h; m\u00fcra &lt;60; trummel \u2194 - Lavanno - pesuvahendite ekspert","isPartOf":{"@id":"https:\/\/lavanno.com\/en\/#website"},"primaryImageOfPage":{"@id":"https:\/\/lavanno.com\/en\/toode\/toostuslik-trummelkuivati-grandimpianti-gd350-175kg\/#primaryimage"},"image":{"@id":"https:\/\/lavanno.com\/en\/toode\/toostuslik-trummelkuivati-grandimpianti-gd350-175kg\/#primaryimage"},"thumbnailUrl":"https:\/\/lavanno.com\/wp-content\/uploads\/2025\/03\/PC_GD275to600_GI_JPG_ML_v01_r03.jpg","datePublished":"2025-03-18T11:01:35+00:00","dateModified":"2026-05-02T11:35:01+00:00","breadcrumb":{"@id":"https:\/\/lavanno.com\/en\/toode\/toostuslik-trummelkuivati-grandimpianti-gd350-175kg\/#breadcrumb"},"inLanguage":"en-US","potentialAction":[{"@type":"ReadAction","target":["https:\/\/lavanno.com\/en\/toode\/toostuslik-trummelkuivati-grandimpianti-gd350-175kg\/"]}]},{"@type":"ImageObject","inLanguage":"en-US","@id":"https:\/\/lavanno.com\/en\/toode\/toostuslik-trummelkuivati-grandimpianti-gd350-175kg\/#primaryimage","url":"https:\/\/lavanno.com\/wp-content\/uploads\/2025\/03\/PC_GD275to600_GI_JPG_ML_v01_r03.jpg","contentUrl":"https:\/\/lavanno.com\/wp-content\/uploads\/2025\/03\/PC_GD275to600_GI_JPG_ML_v01_r03.jpg","width":2480,"height":1850},{"@type":"BreadcrumbList","@id":"https:\/\/lavanno.com\/en\/toode\/toostuslik-trummelkuivati-grandimpianti-gd350-175kg\/#breadcrumb","itemListElement":[{"@type":"ListItem","position":1,"name":"Home","item":"https:\/\/lavanno.com\/en\/"},{"@type":"ListItem","position":2,"name":"E-pood","item":"https:\/\/lavanno.com\/e-pood\/"},{"@type":"ListItem","position":3,"name":"Grandimpianti trummelkuivati, 17,5kg (350L); 400V 3N 50\/60H, 15kW (28A); M795x1085x1590, 225kg; ventilaator 900m3\/h; m\u00fcra &lt;60; trummel \u2194"}]},{"@type":"WebSite","@id":"https:\/\/lavanno.com\/en\/#website","url":"https:\/\/lavanno.com\/en\/","name":"Lavanno - Pesuvahendite ekspert","description":"Toome maale ja m\u00fc\u00fcme tekstiili pesuvahendeid, pesumajaseadmeid ja tarvikuid. Hooldame ja konsulteerime.","publisher":{"@id":"https:\/\/lavanno.com\/en\/#organization"},"potentialAction":[{"@type":"SearchAction","target":{"@type":"EntryPoint","urlTemplate":"https:\/\/lavanno.com\/en\/?s={search_term_string}"},"query-input":{"@type":"PropertyValueSpecification","valueRequired":true,"valueName":"search_term_string"}}],"inLanguage":"en-US"},{"@type":"Organization","@id":"https:\/\/lavanno.com\/en\/#organization","name":"Lavanno - Pesuvahendite ekspert","url":"https:\/\/lavanno.com\/en\/","logo":{"@type":"ImageObject","inLanguage":"en-US","@id":"https:\/\/lavanno.com\/en\/#\/schema\/logo\/image\/","url":"https:\/\/lavanno.com\/wp-content\/uploads\/2025\/07\/Lavanno.png","contentUrl":"https:\/\/lavanno.com\/wp-content\/uploads\/2025\/07\/Lavanno.png","width":1200,"height":1200,"caption":"Lavanno - Pesuvahendite ekspert"},"image":{"@id":"https:\/\/lavanno.com\/en\/#\/schema\/logo\/image\/"},"sameAs":["https:\/\/www.facebook.com\/Lavanno.ee"]}]}},"_links":{"self":[{"href":"https:\/\/lavanno.com\/en\/wp-json\/wp\/v2\/product\/8347","targetHints":{"allow":["GET"]}}],"collection":[{"href":"https:\/\/lavanno.com\/en\/wp-json\/wp\/v2\/product"}],"about":[{"href":"https:\/\/lavanno.com\/en\/wp-json\/wp\/v2\/types\/product"}],"replies":[{"embeddable":true,"href":"https:\/\/lavanno.com\/en\/wp-json\/wp\/v2\/comments?post=8347"}],"wp:featuredmedia":[{"embeddable":true,"href":"https:\/\/lavanno.com\/en\/wp-json\/wp\/v2\/media\/8348"}],"wp:attachment":[{"href":"https:\/\/lavanno.com\/en\/wp-json\/wp\/v2\/media?parent=8347"}],"wp:term":[{"taxonomy":"product_brand","embeddable":true,"href":"https:\/\/lavanno.com\/en\/wp-json\/wp\/v2\/product_brand?post=8347"},{"taxonomy":"product_cat","embeddable":true,"href":"https:\/\/lavanno.com\/en\/wp-json\/wp\/v2\/product_cat?post=8347"},{"taxonomy":"product_tag","embeddable":true,"href":"https:\/\/lavanno.com\/en\/wp-json\/wp\/v2\/product_tag?post=8347"}],"curies":[{"name":"wp","href":"https:\/\/api.w.org\/{rel}","templated":true}]}}