{"id":8939,"date":"2025-03-29T09:55:21","date_gmt":"2025-03-29T07:55:21","guid":{"rendered":"https:\/\/lavanno.com\/product\/toostuslik-pesumasin-grandimpianti-gwn240\/"},"modified":"2026-05-02T14:35:02","modified_gmt":"2026-05-02T11:35:02","slug":"toostuslik-pesumasin-grandimpianti-gwn240","status":"publish","type":"product","link":"https:\/\/lavanno.com\/en\/toode\/toostuslik-pesumasin-grandimpianti-gwn240\/","title":{"rendered":"Grandimpianti t\u00f6\u00f6stuslik pesumasin 24kg (240L); 490rpm, 100G; 380-415V 3N 50\/60Hz, 18kW (28,4A); M970x1060x1460; 275kg; kaalumine; 5 signaali"},"content":{"rendered":"<p style=\"font-weight: 400\"><b><strong>Keskmise ja madala tsentrifuugimisega pesumasin<\/strong><\/b><\/p>\n<p style=\"font-weight: 400\">Keskmise ja madala tsentrifuugimisega pesumasin GWM and GWN-WIZ\u00ae G4 on loodud monoblokk raamil, mis ei allu liikumisele ega kulumisele: t\u00e4nu madalama tsentrifuugi kiirusele (200 G ja 100 G) v\u00e4heneb kulumine ja mehaaniline pinge miinimumini, vedrude ja amortisaatorite asemel kasutatakse j\u00e4ika ja deformeerimata raami. See t\u00e4hendab pikemat eluiga, piiratud hoolduskulusid ja v\u00e4hest m\u00fcra.<\/p>\n<p style=\"font-weight: 400\"><b><strong>Keskkonnas\u0151bralikud pesumasinad<\/strong><\/b><\/p>\n<p style=\"font-weight: 400\">GWM ja GWN t\u00f6\u00f6stuslikel pesumasinatel on standard varustuses patenteeritud (DWS) d\u00fcnaamiline kaalumise funktsioon, mis l\u00e4bi G4-WIZ\u00ae juhtimise arvutab vajaliku energia, vee ja pesuvahendite t\u00e4pse koguse, l\u00e4htudes tegelikult laaditud pesu kogusest. Sel viisil kohandub seade \u00fclit\u00e4pselt iga minimaalse koormuse k\u0151ikumisega.<\/p>\n<p style=\"font-weight: 400\">Keskmise ja madala tsentrifuugimisega GWM ja GWN G4-WIZ\u00ae professionaalsed pesumasinad on lisaks v\u00e4hesele energiatarbimisele ka keskkonnas\u0151bralikud, kuna 97% ulatuses on k\u0151ik kasutatud komponendid taaskasutatavad. Seadmel on v\u00e4ike keskkonnam\u0151ju mitte ainult selle &#8220;eluts\u00fckli&#8221; ajal, vaid ka siis, kui otsustate selle v\u00e4lja vahetada.<\/p>\n<p style=\"font-weight: 400\"><b><strong>Kestma kavandatud pesumasin<\/strong><\/b><\/p>\n<p style=\"font-weight: 400\">T\u00f6\u00f6stuslikke pesumasinaid GWM ja GWN G4-WIZ\u00ae toodetakse kuues kandev\u0151imes (3 + 3) vahemikus 8\u201328 kg: k\u0151rge efektiivsus, kasutusmugavus, energias\u00e4\u00e4st ja madal keskkonnam\u0151ju on alati tagatud. Seadme trummel on varustatud ka spetsiaalse poolkerakujulise struktuuriga, mis tagab kangaste \u0151rna puudutuse ning v\u00e4ldib p\u00f6\u00f6rlemisfaasis vee trumlist v\u00e4lja h\u00fcppamist. Kuna pesumasin on varustatud j\u00e4iga raamiga ning on kindel ja vastupidav, siis ei vaja nad amortisaatoreid ja vedrusid kuna ainult trummel liigub. See t\u00e4hendab kulumise v\u00e4henemist ja v\u00e4iksemat hooldusvajadust ning suurep\u00e4rast vaikust. T\u00e4nu sellele, et masinad kinnitatakse poltidega tugevalt p\u0151randa k\u00fclge, sobivad need masinad suurep\u00e4raselt kasutamiseks laevade ja praamide pardal.<\/p>\n<p style=\"font-weight: 400\"><b><strong>Efektiivne pesemine on lihtne<\/strong><\/b><\/p>\n<p style=\"font-weight: 400\">Ergonoomiliselt paigutatud ja varustatud kahekordse sisendiga k\u00fclma v\u0151i kuuma vee jaoks, 4-kambrilist dosaatorit saab kasutada nii pulbri kui ka vedelate pesuvahenditega: alati tagatakse \u0151ige veevool vastavalt seatud pesutemperatuurile. Kuna iga pesemisfaas vajab konkreetset t\u00fc\u00fcpi vett, on pesumasinal kolm sisendit: kuum, pehme k\u00fclm ja k\u0151va vesi. K\u0151ik mudelid segavad kolme t\u00fc\u00fcpi vee iseseisvalt ja automaatselt.<\/p>\n<p style=\"font-weight: 400\">K\u0151igis Grandimpianti mudelites esinev MIXER segab vett ja pesuvahendeid enne nende trumlisse sisenemist ja riietega kokkupuutumist, v\u00e4ltides nii kahjustusi v\u0151i v\u00e4rvimuutusi. Elektrooniline 3\u201c l\u00e4bim\u0151\u0151duga (76mm) \u00e4ravooluklapp asub pesumasina eesmises osas otse trumli all lihtsaks ja kiireks hoolduseks.<\/p>\n<p style=\"font-weight: 400\"><b><strong>Turvalisus pole vabatahtlik<\/strong><\/b><\/p>\n<p style=\"font-weight: 400\">Nendel seadmetel, nagu ka k\u0151igil meie pesumaja seadmetel, on topelt turvas\u00fcsteemid ja \u00fcleliigsed h\u00e4ireahelad nagu lennukitel, sealhulgas ukselukk, mis on varustatud turvas\u00fcsteemiga, mis hoiab seda suletuna ja lukus kuni masin t\u00e4ielikult peatub. Pesumasinate sees on k\u0151ik juhtimisahelad madalpingel (24Vac), see tagab, et elektri pinge k\u0151ikumisel ei teki probleeme ning hoolduse korral puudub elektril\u00f6\u00f6gi oht. K\u0151ik meie masinad on varustatud peal\u00fcliti ja masina pardal olevate sulavkaitsmetega, mis s\u00e4\u00e4stavad paigaldamise etapis m\u00e4rkimisv\u00e4\u00e4rselt aega ja raha.<\/p>\n<p style=\"font-weight: 400\"><b><strong>T\u0151hus ja oluline kontroll<\/strong><\/b><\/p>\n<p style=\"font-weight: 400\">Juhtimiss\u00fcsteem on siin G4-Wiz\u00ae, mis v\u0151imaldab h\u0151lpsalt ja intuitiivselt konfigureerida k\u0151iki pesemisfaase otse ekraanilt. S\u00fcsteem haldab mootorit, optimeerib pesuainete annuseid, tasakaalustab trumli koormust, ennustab hooldusaegu, haldab makses\u00fcsteemi ja salvestab andmeid.<\/p>\n","protected":false},"excerpt":{"rendered":"<p>Grandimpianti kiire tsentrifuugiga pesumasinad on valmistatud parima kvaliteediga materjalist, mis v\u00e4ldib korrosiooni, v\u00e4hendab katlakivi moodustumist, tagab suure veekindluse ja komponentide pikema kasutusea.<\/p>\n","protected":false},"featured_media":8940,"comment_status":"open","ping_status":"closed","template":"","meta":[],"product_brand":[],"product_cat":[506,507,508,509],"product_tag":[],"class_list":{"0":"post-8939","1":"product","2":"type-product","3":"status-publish","4":"has-post-thumbnail","6":"product_cat-ariklient","7":"product_cat-pesumajaseadmed","8":"product_cat-pesumasinad","9":"product_cat-toostuslikud-pesumasinad","11":"first","12":"outofstock","13":"taxable","14":"shipping-taxable","15":"purchasable","16":"product-type-simple"},"yoast_head":"<!-- This site is optimized with the Yoast SEO plugin v27.0 - https:\/\/yoast.com\/product\/yoast-seo-wordpress\/ -->\n<title>Grandimpianti t\u00f6\u00f6stuslik pesumasin 24kg (240L); 490rpm, 100G; 380-415V 3N 50\/60Hz, 18kW (28,4A); M970x1060x1460; 275kg; kaalumine; 5 signaali - Lavanno - pesuvahendite ekspert<\/title>\n<meta name=\"description\" content=\"Grandimpianti t\u00f6\u00f6stuslik GWN pesumasin 24g j\u00e4ik raam. Innovatsioon 4.0 pesumasinates. Revolutsioonilised GWM\/GWN Wavy keskmise ja madala tsentrifuugimiskiirusega t\u00f6\u00f6stuslikud pesumasinad \u00fchendavad esteetika ja efektiivsuse, uued trendid ja tehnoloogia: LCD-ekraan on vertikaalne ja puutetundlike juhtnuppudega, uued l\u00e4ikivad esipaneelid on inspireeritud k\u00f5rgtehnoloogiast ning Wavy, uuenduslik juhtimiss\u00fcsteem, on interaktiivne, samm-sammuline, intuitiivne ja alati \u00fchendatud t\u00e4nu TheMind.cloud teenusele. T\u00e4ielikult uuendatud disaini ja kasutajaliidesega s\u00e4ilitavad uued suurt koormust taluvad pesumasinad oma mehaanilised, funktsionaalsed ja j\u00f5udlusomadused. Taaskasutatavad ja keskkonnas\u00f5bralikud pesumasinad. Patenteeritud d\u00fcnaamiline kaalumiss\u00fcsteem DWS s\u00e4\u00e4stab kuni 50% ressursse, optimeerides energia-, vee- ja pesuvahendi tarbimist vastavalt reaalsele pesukogusele: DWS suudab v\u00e4hendada raiskamist ja keskkonnam\u00f5ju. Wavy GWM\/GWN seeria tagab samuti 96% taaskasutatavuse, mist\u00f5ttu v\u00f5ib neid seadmeid pidada keskkonnas\u00f5bralikeks. Meie pesumasinad austavad t\u00e4nu hoolikale disainile ja materjalide valikule keskkonda algusest l\u00f5puni: alates tootmisest ja pakendamisest kuni transpordi, eluts\u00fckli ja l\u00f5ppk\u00e4itlemiseni.\" \/>\n<meta name=\"robots\" content=\"index, follow, max-snippet:-1, max-image-preview:large, max-video-preview:-1\" \/>\n<link rel=\"canonical\" href=\"https:\/\/lavanno.com\/en\/toode\/toostuslik-pesumasin-grandimpianti-gwn240\/\" \/>\n<meta property=\"og:locale\" content=\"en_US\" \/>\n<meta property=\"og:type\" content=\"article\" \/>\n<meta property=\"og:title\" content=\"Grandimpianti t\u00f6\u00f6stuslik pesumasin 24kg (240L); 490rpm, 100G; 380-415V 3N 50\/60Hz, 18kW (28,4A); M970x1060x1460; 275kg; kaalumine; 5 signaali - Lavanno - pesuvahendite ekspert\" \/>\n<meta property=\"og:description\" content=\"Grandimpianti t\u00f6\u00f6stuslik GWN pesumasin 24g j\u00e4ik raam. Innovatsioon 4.0 pesumasinates. Revolutsioonilised GWM\/GWN Wavy keskmise ja madala tsentrifuugimiskiirusega t\u00f6\u00f6stuslikud pesumasinad \u00fchendavad esteetika ja efektiivsuse, uued trendid ja tehnoloogia: LCD-ekraan on vertikaalne ja puutetundlike juhtnuppudega, uued l\u00e4ikivad esipaneelid on inspireeritud k\u00f5rgtehnoloogiast ning Wavy, uuenduslik juhtimiss\u00fcsteem, on interaktiivne, samm-sammuline, intuitiivne ja alati \u00fchendatud t\u00e4nu TheMind.cloud teenusele. T\u00e4ielikult uuendatud disaini ja kasutajaliidesega s\u00e4ilitavad uued suurt koormust taluvad pesumasinad oma mehaanilised, funktsionaalsed ja j\u00f5udlusomadused. Taaskasutatavad ja keskkonnas\u00f5bralikud pesumasinad. Patenteeritud d\u00fcnaamiline kaalumiss\u00fcsteem DWS s\u00e4\u00e4stab kuni 50% ressursse, optimeerides energia-, vee- ja pesuvahendi tarbimist vastavalt reaalsele pesukogusele: DWS suudab v\u00e4hendada raiskamist ja keskkonnam\u00f5ju. Wavy GWM\/GWN seeria tagab samuti 96% taaskasutatavuse, mist\u00f5ttu v\u00f5ib neid seadmeid pidada keskkonnas\u00f5bralikeks. Meie pesumasinad austavad t\u00e4nu hoolikale disainile ja materjalide valikule keskkonda algusest l\u00f5puni: alates tootmisest ja pakendamisest kuni transpordi, eluts\u00fckli ja l\u00f5ppk\u00e4itlemiseni.\" \/>\n<meta property=\"og:url\" content=\"https:\/\/lavanno.com\/en\/toode\/toostuslik-pesumasin-grandimpianti-gwn240\/\" \/>\n<meta property=\"og:site_name\" content=\"Lavanno - pesuvahendite ekspert\" \/>\n<meta property=\"article:publisher\" content=\"https:\/\/www.facebook.com\/Lavanno.ee\" \/>\n<meta property=\"article:modified_time\" content=\"2026-05-02T11:35:02+00:00\" \/>\n<meta property=\"og:image\" content=\"https:\/\/lavanno.com\/wp-content\/uploads\/2025\/03\/GWM_tootepilt-2.jpg\" \/>\n\t<meta property=\"og:image:width\" content=\"1240\" \/>\n\t<meta property=\"og:image:height\" content=\"925\" \/>\n\t<meta property=\"og:image:type\" content=\"image\/jpeg\" \/>\n<meta name=\"twitter:card\" content=\"summary_large_image\" \/>\n<meta name=\"twitter:label1\" content=\"Est. reading time\" \/>\n\t<meta name=\"twitter:data1\" content=\"4 minutes\" \/>\n<script type=\"application\/ld+json\" class=\"yoast-schema-graph\">{\"@context\":\"https:\/\/schema.org\",\"@graph\":[{\"@type\":\"WebPage\",\"@id\":\"https:\/\/lavanno.com\/en\/toode\/toostuslik-pesumasin-grandimpianti-gwn240\/\",\"url\":\"https:\/\/lavanno.com\/en\/toode\/toostuslik-pesumasin-grandimpianti-gwn240\/\",\"name\":\"Grandimpianti t\u00f6\u00f6stuslik pesumasin 24kg (240L); 490rpm, 100G; 380-415V 3N 50\/60Hz, 18kW (28,4A); M970x1060x1460; 275kg; kaalumine; 5 signaali - Lavanno - pesuvahendite ekspert\",\"isPartOf\":{\"@id\":\"https:\/\/lavanno.com\/en\/#website\"},\"primaryImageOfPage\":{\"@id\":\"https:\/\/lavanno.com\/en\/toode\/toostuslik-pesumasin-grandimpianti-gwn240\/#primaryimage\"},\"image\":{\"@id\":\"https:\/\/lavanno.com\/en\/toode\/toostuslik-pesumasin-grandimpianti-gwn240\/#primaryimage\"},\"thumbnailUrl\":\"https:\/\/lavanno.com\/wp-content\/uploads\/2025\/03\/GWM_tootepilt-2.jpg\",\"datePublished\":\"2025-03-29T07:55:21+00:00\",\"dateModified\":\"2026-05-02T11:35:02+00:00\",\"description\":\"Grandimpianti t\u00f6\u00f6stuslik GWN pesumasin 24g j\u00e4ik raam. Innovatsioon 4.0 pesumasinates. Revolutsioonilised GWM\/GWN Wavy keskmise ja madala tsentrifuugimiskiirusega t\u00f6\u00f6stuslikud pesumasinad \u00fchendavad esteetika ja efektiivsuse, uued trendid ja tehnoloogia: LCD-ekraan on vertikaalne ja puutetundlike juhtnuppudega, uued l\u00e4ikivad esipaneelid on inspireeritud k\u00f5rgtehnoloogiast ning Wavy, uuenduslik juhtimiss\u00fcsteem, on interaktiivne, samm-sammuline, intuitiivne ja alati \u00fchendatud t\u00e4nu TheMind.cloud teenusele. T\u00e4ielikult uuendatud disaini ja kasutajaliidesega s\u00e4ilitavad uued suurt koormust taluvad pesumasinad oma mehaanilised, funktsionaalsed ja j\u00f5udlusomadused. Taaskasutatavad ja keskkonnas\u00f5bralikud pesumasinad. Patenteeritud d\u00fcnaamiline kaalumiss\u00fcsteem DWS s\u00e4\u00e4stab kuni 50% ressursse, optimeerides energia-, vee- ja pesuvahendi tarbimist vastavalt reaalsele pesukogusele: DWS suudab v\u00e4hendada raiskamist ja keskkonnam\u00f5ju. Wavy GWM\/GWN seeria tagab samuti 96% taaskasutatavuse, mist\u00f5ttu v\u00f5ib neid seadmeid pidada keskkonnas\u00f5bralikeks. Meie pesumasinad austavad t\u00e4nu hoolikale disainile ja materjalide valikule keskkonda algusest l\u00f5puni: alates tootmisest ja pakendamisest kuni transpordi, eluts\u00fckli ja l\u00f5ppk\u00e4itlemiseni.\",\"breadcrumb\":{\"@id\":\"https:\/\/lavanno.com\/en\/toode\/toostuslik-pesumasin-grandimpianti-gwn240\/#breadcrumb\"},\"inLanguage\":\"en-US\",\"potentialAction\":[{\"@type\":\"ReadAction\",\"target\":[\"https:\/\/lavanno.com\/en\/toode\/toostuslik-pesumasin-grandimpianti-gwn240\/\"]}]},{\"@type\":\"ImageObject\",\"inLanguage\":\"en-US\",\"@id\":\"https:\/\/lavanno.com\/en\/toode\/toostuslik-pesumasin-grandimpianti-gwn240\/#primaryimage\",\"url\":\"https:\/\/lavanno.com\/wp-content\/uploads\/2025\/03\/GWM_tootepilt-2.jpg\",\"contentUrl\":\"https:\/\/lavanno.com\/wp-content\/uploads\/2025\/03\/GWM_tootepilt-2.jpg\",\"width\":1240,\"height\":925},{\"@type\":\"BreadcrumbList\",\"@id\":\"https:\/\/lavanno.com\/en\/toode\/toostuslik-pesumasin-grandimpianti-gwn240\/#breadcrumb\",\"itemListElement\":[{\"@type\":\"ListItem\",\"position\":1,\"name\":\"Home\",\"item\":\"https:\/\/lavanno.com\/en\/\"},{\"@type\":\"ListItem\",\"position\":2,\"name\":\"E-pood\",\"item\":\"https:\/\/lavanno.com\/e-pood\/\"},{\"@type\":\"ListItem\",\"position\":3,\"name\":\"Grandimpianti t\u00f6\u00f6stuslik pesumasin 24kg (240L); 490rpm, 100G; 380-415V 3N 50\/60Hz, 18kW (28,4A); M970x1060x1460; 275kg; kaalumine; 5 signaali\"}]},{\"@type\":\"WebSite\",\"@id\":\"https:\/\/lavanno.com\/en\/#website\",\"url\":\"https:\/\/lavanno.com\/en\/\",\"name\":\"Lavanno - Pesuvahendite ekspert\",\"description\":\"Toome maale ja m\u00fc\u00fcme tekstiili pesuvahendeid, pesumajaseadmeid ja tarvikuid. Hooldame ja konsulteerime.\",\"publisher\":{\"@id\":\"https:\/\/lavanno.com\/en\/#organization\"},\"potentialAction\":[{\"@type\":\"SearchAction\",\"target\":{\"@type\":\"EntryPoint\",\"urlTemplate\":\"https:\/\/lavanno.com\/en\/?s={search_term_string}\"},\"query-input\":{\"@type\":\"PropertyValueSpecification\",\"valueRequired\":true,\"valueName\":\"search_term_string\"}}],\"inLanguage\":\"en-US\"},{\"@type\":\"Organization\",\"@id\":\"https:\/\/lavanno.com\/en\/#organization\",\"name\":\"Lavanno - Pesuvahendite ekspert\",\"url\":\"https:\/\/lavanno.com\/en\/\",\"logo\":{\"@type\":\"ImageObject\",\"inLanguage\":\"en-US\",\"@id\":\"https:\/\/lavanno.com\/en\/#\/schema\/logo\/image\/\",\"url\":\"https:\/\/lavanno.com\/wp-content\/uploads\/2025\/07\/Lavanno.png\",\"contentUrl\":\"https:\/\/lavanno.com\/wp-content\/uploads\/2025\/07\/Lavanno.png\",\"width\":1200,\"height\":1200,\"caption\":\"Lavanno - Pesuvahendite ekspert\"},\"image\":{\"@id\":\"https:\/\/lavanno.com\/en\/#\/schema\/logo\/image\/\"},\"sameAs\":[\"https:\/\/www.facebook.com\/Lavanno.ee\"]}]}<\/script>\n<!-- \/ Yoast SEO plugin. -->","yoast_head_json":{"title":"Grandimpianti t\u00f6\u00f6stuslik pesumasin 24kg (240L); 490rpm, 100G; 380-415V 3N 50\/60Hz, 18kW (28,4A); M970x1060x1460; 275kg; kaalumine; 5 signaali - Lavanno - pesuvahendite ekspert","description":"Grandimpianti t\u00f6\u00f6stuslik GWN pesumasin 24g j\u00e4ik raam. Innovatsioon 4.0 pesumasinates. Revolutsioonilised GWM\/GWN Wavy keskmise ja madala tsentrifuugimiskiirusega t\u00f6\u00f6stuslikud pesumasinad \u00fchendavad esteetika ja efektiivsuse, uued trendid ja tehnoloogia: LCD-ekraan on vertikaalne ja puutetundlike juhtnuppudega, uued l\u00e4ikivad esipaneelid on inspireeritud k\u00f5rgtehnoloogiast ning Wavy, uuenduslik juhtimiss\u00fcsteem, on interaktiivne, samm-sammuline, intuitiivne ja alati \u00fchendatud t\u00e4nu TheMind.cloud teenusele. T\u00e4ielikult uuendatud disaini ja kasutajaliidesega s\u00e4ilitavad uued suurt koormust taluvad pesumasinad oma mehaanilised, funktsionaalsed ja j\u00f5udlusomadused. Taaskasutatavad ja keskkonnas\u00f5bralikud pesumasinad. Patenteeritud d\u00fcnaamiline kaalumiss\u00fcsteem DWS s\u00e4\u00e4stab kuni 50% ressursse, optimeerides energia-, vee- ja pesuvahendi tarbimist vastavalt reaalsele pesukogusele: DWS suudab v\u00e4hendada raiskamist ja keskkonnam\u00f5ju. Wavy GWM\/GWN seeria tagab samuti 96% taaskasutatavuse, mist\u00f5ttu v\u00f5ib neid seadmeid pidada keskkonnas\u00f5bralikeks. Meie pesumasinad austavad t\u00e4nu hoolikale disainile ja materjalide valikule keskkonda algusest l\u00f5puni: alates tootmisest ja pakendamisest kuni transpordi, eluts\u00fckli ja l\u00f5ppk\u00e4itlemiseni.","robots":{"index":"index","follow":"follow","max-snippet":"max-snippet:-1","max-image-preview":"max-image-preview:large","max-video-preview":"max-video-preview:-1"},"canonical":"https:\/\/lavanno.com\/en\/toode\/toostuslik-pesumasin-grandimpianti-gwn240\/","og_locale":"en_US","og_type":"article","og_title":"Grandimpianti t\u00f6\u00f6stuslik pesumasin 24kg (240L); 490rpm, 100G; 380-415V 3N 50\/60Hz, 18kW (28,4A); M970x1060x1460; 275kg; kaalumine; 5 signaali - Lavanno - pesuvahendite ekspert","og_description":"Grandimpianti t\u00f6\u00f6stuslik GWN pesumasin 24g j\u00e4ik raam. Innovatsioon 4.0 pesumasinates. Revolutsioonilised GWM\/GWN Wavy keskmise ja madala tsentrifuugimiskiirusega t\u00f6\u00f6stuslikud pesumasinad \u00fchendavad esteetika ja efektiivsuse, uued trendid ja tehnoloogia: LCD-ekraan on vertikaalne ja puutetundlike juhtnuppudega, uued l\u00e4ikivad esipaneelid on inspireeritud k\u00f5rgtehnoloogiast ning Wavy, uuenduslik juhtimiss\u00fcsteem, on interaktiivne, samm-sammuline, intuitiivne ja alati \u00fchendatud t\u00e4nu TheMind.cloud teenusele. T\u00e4ielikult uuendatud disaini ja kasutajaliidesega s\u00e4ilitavad uued suurt koormust taluvad pesumasinad oma mehaanilised, funktsionaalsed ja j\u00f5udlusomadused. Taaskasutatavad ja keskkonnas\u00f5bralikud pesumasinad. Patenteeritud d\u00fcnaamiline kaalumiss\u00fcsteem DWS s\u00e4\u00e4stab kuni 50% ressursse, optimeerides energia-, vee- ja pesuvahendi tarbimist vastavalt reaalsele pesukogusele: DWS suudab v\u00e4hendada raiskamist ja keskkonnam\u00f5ju. Wavy GWM\/GWN seeria tagab samuti 96% taaskasutatavuse, mist\u00f5ttu v\u00f5ib neid seadmeid pidada keskkonnas\u00f5bralikeks. Meie pesumasinad austavad t\u00e4nu hoolikale disainile ja materjalide valikule keskkonda algusest l\u00f5puni: alates tootmisest ja pakendamisest kuni transpordi, eluts\u00fckli ja l\u00f5ppk\u00e4itlemiseni.","og_url":"https:\/\/lavanno.com\/en\/toode\/toostuslik-pesumasin-grandimpianti-gwn240\/","og_site_name":"Lavanno - pesuvahendite ekspert","article_publisher":"https:\/\/www.facebook.com\/Lavanno.ee","article_modified_time":"2026-05-02T11:35:02+00:00","og_image":[{"width":1240,"height":925,"url":"https:\/\/lavanno.com\/wp-content\/uploads\/2025\/03\/GWM_tootepilt-2.jpg","type":"image\/jpeg"}],"twitter_card":"summary_large_image","twitter_misc":{"Est. reading time":"4 minutes"},"schema":{"@context":"https:\/\/schema.org","@graph":[{"@type":"WebPage","@id":"https:\/\/lavanno.com\/en\/toode\/toostuslik-pesumasin-grandimpianti-gwn240\/","url":"https:\/\/lavanno.com\/en\/toode\/toostuslik-pesumasin-grandimpianti-gwn240\/","name":"Grandimpianti t\u00f6\u00f6stuslik pesumasin 24kg (240L); 490rpm, 100G; 380-415V 3N 50\/60Hz, 18kW (28,4A); M970x1060x1460; 275kg; kaalumine; 5 signaali - Lavanno - pesuvahendite ekspert","isPartOf":{"@id":"https:\/\/lavanno.com\/en\/#website"},"primaryImageOfPage":{"@id":"https:\/\/lavanno.com\/en\/toode\/toostuslik-pesumasin-grandimpianti-gwn240\/#primaryimage"},"image":{"@id":"https:\/\/lavanno.com\/en\/toode\/toostuslik-pesumasin-grandimpianti-gwn240\/#primaryimage"},"thumbnailUrl":"https:\/\/lavanno.com\/wp-content\/uploads\/2025\/03\/GWM_tootepilt-2.jpg","datePublished":"2025-03-29T07:55:21+00:00","dateModified":"2026-05-02T11:35:02+00:00","description":"Grandimpianti t\u00f6\u00f6stuslik GWN pesumasin 24g j\u00e4ik raam. Innovatsioon 4.0 pesumasinates. Revolutsioonilised GWM\/GWN Wavy keskmise ja madala tsentrifuugimiskiirusega t\u00f6\u00f6stuslikud pesumasinad \u00fchendavad esteetika ja efektiivsuse, uued trendid ja tehnoloogia: LCD-ekraan on vertikaalne ja puutetundlike juhtnuppudega, uued l\u00e4ikivad esipaneelid on inspireeritud k\u00f5rgtehnoloogiast ning Wavy, uuenduslik juhtimiss\u00fcsteem, on interaktiivne, samm-sammuline, intuitiivne ja alati \u00fchendatud t\u00e4nu TheMind.cloud teenusele. T\u00e4ielikult uuendatud disaini ja kasutajaliidesega s\u00e4ilitavad uued suurt koormust taluvad pesumasinad oma mehaanilised, funktsionaalsed ja j\u00f5udlusomadused. Taaskasutatavad ja keskkonnas\u00f5bralikud pesumasinad. Patenteeritud d\u00fcnaamiline kaalumiss\u00fcsteem DWS s\u00e4\u00e4stab kuni 50% ressursse, optimeerides energia-, vee- ja pesuvahendi tarbimist vastavalt reaalsele pesukogusele: DWS suudab v\u00e4hendada raiskamist ja keskkonnam\u00f5ju. Wavy GWM\/GWN seeria tagab samuti 96% taaskasutatavuse, mist\u00f5ttu v\u00f5ib neid seadmeid pidada keskkonnas\u00f5bralikeks. Meie pesumasinad austavad t\u00e4nu hoolikale disainile ja materjalide valikule keskkonda algusest l\u00f5puni: alates tootmisest ja pakendamisest kuni transpordi, eluts\u00fckli ja l\u00f5ppk\u00e4itlemiseni.","breadcrumb":{"@id":"https:\/\/lavanno.com\/en\/toode\/toostuslik-pesumasin-grandimpianti-gwn240\/#breadcrumb"},"inLanguage":"en-US","potentialAction":[{"@type":"ReadAction","target":["https:\/\/lavanno.com\/en\/toode\/toostuslik-pesumasin-grandimpianti-gwn240\/"]}]},{"@type":"ImageObject","inLanguage":"en-US","@id":"https:\/\/lavanno.com\/en\/toode\/toostuslik-pesumasin-grandimpianti-gwn240\/#primaryimage","url":"https:\/\/lavanno.com\/wp-content\/uploads\/2025\/03\/GWM_tootepilt-2.jpg","contentUrl":"https:\/\/lavanno.com\/wp-content\/uploads\/2025\/03\/GWM_tootepilt-2.jpg","width":1240,"height":925},{"@type":"BreadcrumbList","@id":"https:\/\/lavanno.com\/en\/toode\/toostuslik-pesumasin-grandimpianti-gwn240\/#breadcrumb","itemListElement":[{"@type":"ListItem","position":1,"name":"Home","item":"https:\/\/lavanno.com\/en\/"},{"@type":"ListItem","position":2,"name":"E-pood","item":"https:\/\/lavanno.com\/e-pood\/"},{"@type":"ListItem","position":3,"name":"Grandimpianti t\u00f6\u00f6stuslik pesumasin 24kg (240L); 490rpm, 100G; 380-415V 3N 50\/60Hz, 18kW (28,4A); M970x1060x1460; 275kg; kaalumine; 5 signaali"}]},{"@type":"WebSite","@id":"https:\/\/lavanno.com\/en\/#website","url":"https:\/\/lavanno.com\/en\/","name":"Lavanno - Pesuvahendite ekspert","description":"Toome maale ja m\u00fc\u00fcme tekstiili pesuvahendeid, pesumajaseadmeid ja tarvikuid. Hooldame ja konsulteerime.","publisher":{"@id":"https:\/\/lavanno.com\/en\/#organization"},"potentialAction":[{"@type":"SearchAction","target":{"@type":"EntryPoint","urlTemplate":"https:\/\/lavanno.com\/en\/?s={search_term_string}"},"query-input":{"@type":"PropertyValueSpecification","valueRequired":true,"valueName":"search_term_string"}}],"inLanguage":"en-US"},{"@type":"Organization","@id":"https:\/\/lavanno.com\/en\/#organization","name":"Lavanno - Pesuvahendite ekspert","url":"https:\/\/lavanno.com\/en\/","logo":{"@type":"ImageObject","inLanguage":"en-US","@id":"https:\/\/lavanno.com\/en\/#\/schema\/logo\/image\/","url":"https:\/\/lavanno.com\/wp-content\/uploads\/2025\/07\/Lavanno.png","contentUrl":"https:\/\/lavanno.com\/wp-content\/uploads\/2025\/07\/Lavanno.png","width":1200,"height":1200,"caption":"Lavanno - Pesuvahendite ekspert"},"image":{"@id":"https:\/\/lavanno.com\/en\/#\/schema\/logo\/image\/"},"sameAs":["https:\/\/www.facebook.com\/Lavanno.ee"]}]}},"_links":{"self":[{"href":"https:\/\/lavanno.com\/en\/wp-json\/wp\/v2\/product\/8939","targetHints":{"allow":["GET"]}}],"collection":[{"href":"https:\/\/lavanno.com\/en\/wp-json\/wp\/v2\/product"}],"about":[{"href":"https:\/\/lavanno.com\/en\/wp-json\/wp\/v2\/types\/product"}],"replies":[{"embeddable":true,"href":"https:\/\/lavanno.com\/en\/wp-json\/wp\/v2\/comments?post=8939"}],"wp:featuredmedia":[{"embeddable":true,"href":"https:\/\/lavanno.com\/en\/wp-json\/wp\/v2\/media\/8940"}],"wp:attachment":[{"href":"https:\/\/lavanno.com\/en\/wp-json\/wp\/v2\/media?parent=8939"}],"wp:term":[{"taxonomy":"product_brand","embeddable":true,"href":"https:\/\/lavanno.com\/en\/wp-json\/wp\/v2\/product_brand?post=8939"},{"taxonomy":"product_cat","embeddable":true,"href":"https:\/\/lavanno.com\/en\/wp-json\/wp\/v2\/product_cat?post=8939"},{"taxonomy":"product_tag","embeddable":true,"href":"https:\/\/lavanno.com\/en\/wp-json\/wp\/v2\/product_tag?post=8939"}],"curies":[{"name":"wp","href":"https:\/\/api.w.org\/{rel}","templated":true}]}}